{"id":51836,"date":"2020-11-27T12:47:35","date_gmt":"2020-11-27T11:47:35","guid":{"rendered":"https:\/\/www.linvosges-hotellerie.com\/unkategorisiert\/bettdecke-350grs-m%c2%b2-microconfort-2\/"},"modified":"2020-11-27T12:47:35","modified_gmt":"2020-11-27T11:47:35","slug":"bettdecke-350grs-m%c2%b2-microconfort-2","status":"publish","type":"product","link":"https:\/\/www.linvosges-hotellerie.com\/de\/bettwasche-de\/bettdecke\/bettdecke-350grs-m%c2%b2-microconfort-2\/","title":{"rendered":"Bettdecke 350grs\/m\u00b2 Microconfort 2"},"content":{"rendered":"<p>Diese hochwertige Bettdecke mit einer H\u00fclle aus sanforisiertem Satin aus reiner Baumwolle ist sehr sorgf\u00e4ltig verarbeitet. Die F\u00fcllung aus 350 g\/m\u00b2 wird durch eine Stegsteppung \u00fcber die gesamte Fl\u00e4che mit einem umlaufenden Wulst gehalten. Ideal f\u00fcr die Zwischensaison und den Winter<\/p>\n<p>\u00d6kobeitrag im Preis inbegriffen<\/p>\n","protected":false},"excerpt":{"rendered":"<p>Maschinenw\u00e4sche bei 95\u00b0.<br \/>\nChlor und Bleichmittel verboten<br \/>\nTrocknen im Tumbler bei 60\u00b0.<br \/>\nB\u00fcgeln verboten<br \/>\nProfessionelle Reinigung erlaubt<br \/>\n<span class=\"ginetex\">  2 o s m E  <\/span><\/p>\n","protected":false},"featured_media":51839,"template":"","meta":{"_acf_changed":false},"label":[],"product_brand":[],"product_cat":[2702,2370],"product_tag":[],"gamme":[2710],"matiere":[1525,1765],"class_list":{"0":"post-51836","1":"product","2":"type-product","3":"status-publish","4":"has-post-thumbnail","6":"product_cat-bettdecke","7":"product_cat-bettwasche-de","8":"pa_couleur-weis","9":"pa_dimensions-140-200-cm","10":"pa_dimensions-160-210-cm","11":"pa_dimensions-240-220-cm","12":"pa_dimensions-260-240-cm","13":"pa_dimensions-280-240-cm","14":"pa_grammage-350grs-m","15":"pa_matiere-fullung-comfort-fill-100-polyesterfasern-satinbezug-100-baumwolle","16":"gamme-mikrokomfort-2","17":"matiere-baumwolle","18":"matiere-polyester-de","20":"first","21":"instock","22":"taxable","23":"shipping-taxable","24":"purchasable","25":"product-type-variable","26":"has-default-attributes"},"acf":[],"df_price":51.84,"df_sale_price":"","df_regular_price":51.84,"df_image_link":"https:\/\/www.linvosges-hotellerie.com\/wp-content\/uploads\/2020\/11\/couette-350-grs-m2-microconfort-2-hotel-professionnel-linvosges-hotellerie-1-300x300.jpg","_links":{"self":[{"href":"https:\/\/www.linvosges-hotellerie.com\/de\/wp-json\/wp\/v2\/product\/51836","targetHints":{"allow":["GET"]}}],"collection":[{"href":"https:\/\/www.linvosges-hotellerie.com\/de\/wp-json\/wp\/v2\/product"}],"about":[{"href":"https:\/\/www.linvosges-hotellerie.com\/de\/wp-json\/wp\/v2\/types\/product"}],"wp:featuredmedia":[{"embeddable":true,"href":"https:\/\/www.linvosges-hotellerie.com\/de\/wp-json\/wp\/v2\/media\/51839"}],"wp:attachment":[{"href":"https:\/\/www.linvosges-hotellerie.com\/de\/wp-json\/wp\/v2\/media?parent=51836"}],"wp:term":[{"taxonomy":"label","embeddable":true,"href":"https:\/\/www.linvosges-hotellerie.com\/de\/wp-json\/wp\/v2\/label?post=51836"},{"taxonomy":"product_brand","embeddable":true,"href":"https:\/\/www.linvosges-hotellerie.com\/de\/wp-json\/wp\/v2\/product_brand?post=51836"},{"taxonomy":"product_cat","embeddable":true,"href":"https:\/\/www.linvosges-hotellerie.com\/de\/wp-json\/wp\/v2\/product_cat?post=51836"},{"taxonomy":"product_tag","embeddable":true,"href":"https:\/\/www.linvosges-hotellerie.com\/de\/wp-json\/wp\/v2\/product_tag?post=51836"},{"taxonomy":"gamme","embeddable":true,"href":"https:\/\/www.linvosges-hotellerie.com\/de\/wp-json\/wp\/v2\/gamme?post=51836"},{"taxonomy":"matiere","embeddable":true,"href":"https:\/\/www.linvosges-hotellerie.com\/de\/wp-json\/wp\/v2\/matiere?post=51836"}],"curies":[{"name":"wp","href":"https:\/\/api.w.org\/{rel}","templated":true}]}}