{"id":51852,"date":"2020-11-27T12:47:35","date_gmt":"2020-11-27T11:47:35","guid":{"rendered":"https:\/\/www.linvosges-hotellerie.com\/unkategorisiert\/prestige-winterbettdecke-mit-entendaunen\/"},"modified":"2020-11-27T12:47:35","modified_gmt":"2020-11-27T11:47:35","slug":"prestige-winterbettdecke-mit-entendaunen","status":"publish","type":"product","link":"https:\/\/www.linvosges-hotellerie.com\/de\/bettwasche-de\/bettdecke\/prestige-winterbettdecke-mit-entendaunen\/","title":{"rendered":"Prestige Winterbettdecke mit Entendaunen"},"content":{"rendered":"<p>Diese Entendaunen-Bettdecke ist von hoher Qualit\u00e4t und bietet einen au\u00dfergew\u00f6hnlichen Schlafkomfort. 300grs\/m\u00b2 f\u00fcr die Wintersaison. Wei\u00dfe Daunenf\u00fcllung, die durch die H\u00fclle nicht sichtbar ist<\/p>\n","protected":false},"excerpt":{"rendered":"<p>Maschinenw\u00e4sche bei 40\u00b0.<br \/>\nChlor und Bleichmittel verboten<br \/>\nW\u00e4schetrockner verboten<br \/>\nB\u00fcgeln verboten<br \/>\nNicht chemisch reinigen<br \/>\n<span class=\"ginetex\">  8 o d m U  <\/span><\/p>\n","protected":false},"featured_media":51853,"template":"","meta":{"_acf_changed":false},"label":[],"product_brand":[],"product_cat":[2702,2370],"product_tag":[],"gamme":[2697],"matiere":[1525,2676,2675],"class_list":{"0":"post-51852","1":"product","2":"type-product","3":"status-publish","4":"has-post-thumbnail","6":"product_cat-bettdecke","7":"product_cat-bettwasche-de","8":"pa_couleur-silber","9":"pa_couleur-weis","10":"pa_dimensions-140-200-cm","11":"pa_dimensions-240-220-cm","12":"pa_dimensions-260-240-cm","13":"pa_grammage-300grs-m","14":"pa_matiere-fullung-neu-ente-90-daunen-10-federchen-hulle-perkal-100-baumwolle-91-faden-cm131","15":"gamme-prestige-natural","16":"matiere-baumwolle","17":"matiere-daunen","18":"matiere-federn","20":"first","21":"instock","22":"taxable","23":"shipping-taxable","24":"purchasable","25":"product-type-variable","26":"has-default-attributes"},"acf":[],"df_price":119.5,"df_sale_price":"","df_regular_price":119.5,"df_image_link":"https:\/\/www.linvosges-hotellerie.com\/wp-content\/uploads\/2020\/12\/couette-prestige-hiver-duvet-canard-blanc-300-grs-m2-hotel-professionnel-linvosges-hotellerie-300x300.jpg","_links":{"self":[{"href":"https:\/\/www.linvosges-hotellerie.com\/de\/wp-json\/wp\/v2\/product\/51852","targetHints":{"allow":["GET"]}}],"collection":[{"href":"https:\/\/www.linvosges-hotellerie.com\/de\/wp-json\/wp\/v2\/product"}],"about":[{"href":"https:\/\/www.linvosges-hotellerie.com\/de\/wp-json\/wp\/v2\/types\/product"}],"wp:featuredmedia":[{"embeddable":true,"href":"https:\/\/www.linvosges-hotellerie.com\/de\/wp-json\/wp\/v2\/media\/51853"}],"wp:attachment":[{"href":"https:\/\/www.linvosges-hotellerie.com\/de\/wp-json\/wp\/v2\/media?parent=51852"}],"wp:term":[{"taxonomy":"label","embeddable":true,"href":"https:\/\/www.linvosges-hotellerie.com\/de\/wp-json\/wp\/v2\/label?post=51852"},{"taxonomy":"product_brand","embeddable":true,"href":"https:\/\/www.linvosges-hotellerie.com\/de\/wp-json\/wp\/v2\/product_brand?post=51852"},{"taxonomy":"product_cat","embeddable":true,"href":"https:\/\/www.linvosges-hotellerie.com\/de\/wp-json\/wp\/v2\/product_cat?post=51852"},{"taxonomy":"product_tag","embeddable":true,"href":"https:\/\/www.linvosges-hotellerie.com\/de\/wp-json\/wp\/v2\/product_tag?post=51852"},{"taxonomy":"gamme","embeddable":true,"href":"https:\/\/www.linvosges-hotellerie.com\/de\/wp-json\/wp\/v2\/gamme?post=51852"},{"taxonomy":"matiere","embeddable":true,"href":"https:\/\/www.linvosges-hotellerie.com\/de\/wp-json\/wp\/v2\/matiere?post=51852"}],"curies":[{"name":"wp","href":"https:\/\/api.w.org\/{rel}","templated":true}]}}