{"id":51899,"date":"2020-11-27T12:47:36","date_gmt":"2020-11-27T11:47:36","guid":{"rendered":"https:\/\/www.linvosges-hotellerie.com\/unkategorisiert\/winterduvet-450grs-m%c2%b2-temporel\/"},"modified":"2025-12-01T10:04:44","modified_gmt":"2025-12-01T09:04:44","slug":"winterduvet-450grs-m%c2%b2-temporel","status":"publish","type":"product","link":"https:\/\/www.linvosges-hotellerie.com\/de\/bettwasche-de\/bettdecke\/winterduvet-450grs-m%c2%b2-temporel\/","title":{"rendered":"Winterduvet 450grs\/m\u00b2 Temporel"},"content":{"rendered":"<p>Diese warme und bauschige Bettdecke mit einer F\u00fcllung von 450 g\/m\u00b2 ist ideal zum Schlafen in einem Zimmer mit einer Temperatur zwischen 16 und 18 \u00b0C. Die Decke ist mit einem weichen, weichen, elastischen Bezug ausgestattet, der sich gut an den K\u00f6rper anschmiegt. Die Baumwollh\u00fclle ist mit einer Anti-Knitter-Behandlung versehen, um einer Hochtemperaturw\u00e4sche bei 95\u00b0 standzuhalten. Die Rautensteppung sorgt f\u00fcr einen guten Halt der F\u00fcllung &#8211; Wei\u00dfe Bourdon-Stichverarbeitung rundum<\/p>\n<p>\u00d6kobeitrag im Preis inbegriffen<\/p>\n","protected":false},"excerpt":{"rendered":"<p>Maschinenw\u00e4sche bei 95\u00b0.<br \/>\nChlor und Bleichmittel verboten<br \/>\nTrocknen im Tumbler bei 60\u00b0.<br \/>\nB\u00fcgeln verboten<br \/>\nNicht chemisch reinigen<br \/>\n<span class=\"ginetex\">  2 o s m U  <\/span><\/p>\n","protected":false},"featured_media":51902,"template":"","meta":{"_acf_changed":false},"label":[],"product_brand":[],"product_cat":[2702,2370,2274],"product_tag":[],"gamme":[2724],"matiere":[1525,1765],"class_list":{"0":"post-51899","1":"product","2":"type-product","3":"status-publish","4":"has-post-thumbnail","6":"product_cat-bettdecke","7":"product_cat-bettwasche-de","8":"product_cat-expertenrat","9":"pa_couleur-weis","10":"pa_dimensions-140-200-cm","11":"pa_dimensions-160-210-cm","12":"pa_dimensions-200-200-cm","13":"pa_dimensions-240-220-cm","14":"pa_dimensions-260-240-cm","15":"pa_grammage-450grs-m","16":"pa_matiere-fullung-aus-100-polyester-hohlfasern-mit-vliesabdeckung-hulle-aus-100-schrumpfgeschutzter-baumwolle","17":"gamme-zeitlich","18":"matiere-baumwolle","19":"matiere-polyester-de","21":"first","22":"instock","23":"taxable","24":"shipping-taxable","25":"purchasable","26":"product-type-variable","27":"has-default-attributes"},"acf":[],"df_price":37.22,"df_sale_price":"","df_regular_price":37.22,"df_image_link":"https:\/\/www.linvosges-hotellerie.com\/wp-content\/uploads\/2020\/12\/couette-hiver-temporel-450-grs-m2-hotel-professionnel-linvosges-hotellerie-300x300.jpg","_links":{"self":[{"href":"https:\/\/www.linvosges-hotellerie.com\/de\/wp-json\/wp\/v2\/product\/51899","targetHints":{"allow":["GET"]}}],"collection":[{"href":"https:\/\/www.linvosges-hotellerie.com\/de\/wp-json\/wp\/v2\/product"}],"about":[{"href":"https:\/\/www.linvosges-hotellerie.com\/de\/wp-json\/wp\/v2\/types\/product"}],"wp:featuredmedia":[{"embeddable":true,"href":"https:\/\/www.linvosges-hotellerie.com\/de\/wp-json\/wp\/v2\/media\/51902"}],"wp:attachment":[{"href":"https:\/\/www.linvosges-hotellerie.com\/de\/wp-json\/wp\/v2\/media?parent=51899"}],"wp:term":[{"taxonomy":"label","embeddable":true,"href":"https:\/\/www.linvosges-hotellerie.com\/de\/wp-json\/wp\/v2\/label?post=51899"},{"taxonomy":"product_brand","embeddable":true,"href":"https:\/\/www.linvosges-hotellerie.com\/de\/wp-json\/wp\/v2\/product_brand?post=51899"},{"taxonomy":"product_cat","embeddable":true,"href":"https:\/\/www.linvosges-hotellerie.com\/de\/wp-json\/wp\/v2\/product_cat?post=51899"},{"taxonomy":"product_tag","embeddable":true,"href":"https:\/\/www.linvosges-hotellerie.com\/de\/wp-json\/wp\/v2\/product_tag?post=51899"},{"taxonomy":"gamme","embeddable":true,"href":"https:\/\/www.linvosges-hotellerie.com\/de\/wp-json\/wp\/v2\/gamme?post=51899"},{"taxonomy":"matiere","embeddable":true,"href":"https:\/\/www.linvosges-hotellerie.com\/de\/wp-json\/wp\/v2\/matiere?post=51899"}],"curies":[{"name":"wp","href":"https:\/\/api.w.org\/{rel}","templated":true}]}}