{"id":51950,"date":"2020-11-27T12:47:37","date_gmt":"2020-11-27T11:47:37","guid":{"rendered":"https:\/\/www.linvosges-hotellerie.com\/unkategorisiert\/sommerbettdecke-200grs-m%c2%b2-confortel\/"},"modified":"2025-06-01T00:01:12","modified_gmt":"2025-05-31T22:01:12","slug":"sommerbettdecke-200grs-m%c2%b2-confortel","status":"publish","type":"product","link":"https:\/\/www.linvosges-hotellerie.com\/de\/bettwasche-de\/bettdecke\/sommerbettdecke-200grs-m%c2%b2-confortel\/","title":{"rendered":"Sommerbettdecke 200grs\/m\u00b2 Confortel"},"content":{"rendered":"<p>Einfach zu leben und komfortabel. 200grs\/m\u00b2 ideal f\u00fcr den Sommer &#8211; Rautensteppung &#8211; wei\u00dfes Bourdon-Finish 3 Seiten + 1 Farbseite zur einfachen Identifizierung von Breite und L\u00e4nge<\/p>\n<p>\u00d6kobeitrag im Preis inbegriffen<\/p>\n","protected":false},"excerpt":{"rendered":"<p>Maschinenw\u00e4sche bei 40\u00b0.<br \/>\nChlor und Bleichmittel verboten<br \/>\nTrocknen im Tumbler bei 60\u00b0.<br \/>\nB\u00fcgeln verboten<br \/>\nZur chemischen Reinigung zugelassene Produkte: Kohlenwasserstoffe<br \/>\n<span class=\"ginetex\">  8 o s m W  <\/span><\/p>\n","protected":false},"featured_media":51952,"template":"","meta":{"_acf_changed":false},"label":[],"product_brand":[],"product_cat":[2702,2370],"product_tag":[],"gamme":[2734],"matiere":[1765],"class_list":{"0":"post-51950","1":"product","2":"type-product","3":"status-publish","4":"has-post-thumbnail","6":"product_cat-bettdecke","7":"product_cat-bettwasche-de","8":"pa_couleur-weis","9":"pa_dimensions-140-200-cm","10":"pa_dimensions-160-210-cm","11":"pa_dimensions-200-200-cm","12":"pa_dimensions-240-220-cm","13":"pa_dimensions-260-240-cm","14":"pa_dimensions-280-240-cm","15":"pa_grammage-200grs-m","16":"pa_matiere-fullung-aus-100-polyesterfasern-mit-vliesstoff-hulle-aus-polyestermikrofaser","17":"gamme-confortel-sommer","18":"matiere-polyester-de","20":"first","21":"instock","22":"taxable","23":"shipping-taxable","24":"purchasable","25":"product-type-variable","26":"has-default-attributes"},"acf":[],"df_price":20.49,"df_sale_price":"","df_regular_price":20.49,"df_image_link":"https:\/\/www.linvosges-hotellerie.com\/wp-content\/uploads\/2020\/12\/couette-confortel-ete-200-grs-m2-hotel-professionnel-linvosges-hotellerie-300x300.jpg","_links":{"self":[{"href":"https:\/\/www.linvosges-hotellerie.com\/de\/wp-json\/wp\/v2\/product\/51950","targetHints":{"allow":["GET"]}}],"collection":[{"href":"https:\/\/www.linvosges-hotellerie.com\/de\/wp-json\/wp\/v2\/product"}],"about":[{"href":"https:\/\/www.linvosges-hotellerie.com\/de\/wp-json\/wp\/v2\/types\/product"}],"wp:featuredmedia":[{"embeddable":true,"href":"https:\/\/www.linvosges-hotellerie.com\/de\/wp-json\/wp\/v2\/media\/51952"}],"wp:attachment":[{"href":"https:\/\/www.linvosges-hotellerie.com\/de\/wp-json\/wp\/v2\/media?parent=51950"}],"wp:term":[{"taxonomy":"label","embeddable":true,"href":"https:\/\/www.linvosges-hotellerie.com\/de\/wp-json\/wp\/v2\/label?post=51950"},{"taxonomy":"product_brand","embeddable":true,"href":"https:\/\/www.linvosges-hotellerie.com\/de\/wp-json\/wp\/v2\/product_brand?post=51950"},{"taxonomy":"product_cat","embeddable":true,"href":"https:\/\/www.linvosges-hotellerie.com\/de\/wp-json\/wp\/v2\/product_cat?post=51950"},{"taxonomy":"product_tag","embeddable":true,"href":"https:\/\/www.linvosges-hotellerie.com\/de\/wp-json\/wp\/v2\/product_tag?post=51950"},{"taxonomy":"gamme","embeddable":true,"href":"https:\/\/www.linvosges-hotellerie.com\/de\/wp-json\/wp\/v2\/gamme?post=51950"},{"taxonomy":"matiere","embeddable":true,"href":"https:\/\/www.linvosges-hotellerie.com\/de\/wp-json\/wp\/v2\/matiere?post=51950"}],"curies":[{"name":"wp","href":"https:\/\/api.w.org\/{rel}","templated":true}]}}