{"id":51989,"date":"2020-11-27T12:47:37","date_gmt":"2020-11-27T11:47:37","guid":{"rendered":"https:\/\/www.linvosges-hotellerie.com\/unkategorisiert\/350grs-m%c2%b2-doppelbettdecke-confortel\/"},"modified":"2020-11-27T12:47:37","modified_gmt":"2020-11-27T11:47:37","slug":"350grs-m%c2%b2-doppelbettdecke-confortel","status":"publish","type":"product","link":"https:\/\/www.linvosges-hotellerie.com\/de\/bettwasche-de\/bettdecke\/350grs-m%c2%b2-doppelbettdecke-confortel\/","title":{"rendered":"350grs\/m\u00b2 Doppelbettdecke Confortel"},"content":{"rendered":"<p>Einfach zu bewohnen, komfortabel und anpassungsf\u00e4hig. 350grs\/m\u00b2geeignet f\u00fcr die \u00dcbergangszeit und den Winter &#8211; Rautensteppung &#8211; wei\u00dfes Bourdon-Finish 3 Seiten + 1 Farbseite zur einfachen Identifizierung von Breite und L\u00e4nge. Doppelte Bettdecken, die mit einem Rei\u00dfverschluss verbunden werden k\u00f6nnen<\/p>\n<p>\u00d6kobeitrag im Preis inbegriffen<\/p>\n","protected":false},"excerpt":{"rendered":"<p>Maschinenw\u00e4sche bei 40\u00b0.<br \/>\nChlor und Bleichmittel verboten<br \/>\nTrocknen im Tumbler bei 60\u00b0.<br \/>\nB\u00fcgeln verboten<br \/>\nZur chemischen Reinigung zugelassene Produkte: Kohlenwasserstoffe<br \/>\n<span class=\"ginetex\">  8 o s m W  <\/span><\/p>\n","protected":false},"featured_media":51984,"template":"","meta":{"_acf_changed":false},"label":[],"product_brand":[],"product_cat":[2702,2370],"product_tag":[],"gamme":[2743],"matiere":[1765],"class_list":{"0":"post-51989","1":"product","2":"type-product","3":"status-publish","4":"has-post-thumbnail","6":"product_cat-bettdecke","7":"product_cat-bettwasche-de","8":"pa_couleur-weis","9":"pa_dimensions-2-x-140-240-cm","10":"pa_grammage-350grs-m","11":"pa_matiere-fullung-aus-100-polyesterfasern-mit-vliesstoff-hulle-aus-polyestermikrofaser","12":"gamme-confortel-jumelable-de","13":"matiere-polyester-de","15":"first","16":"instock","17":"taxable","18":"shipping-taxable","19":"purchasable","20":"product-type-variable","21":"has-default-attributes"},"acf":[],"df_price":96.97,"df_sale_price":"","df_regular_price":96.97,"df_image_link":"https:\/\/www.linvosges-hotellerie.com\/wp-content\/uploads\/2020\/12\/couette-confortel-350-grs-m2-jumelable-hotel-professionnel-linvosges-hotellerie-300x300.jpg","_links":{"self":[{"href":"https:\/\/www.linvosges-hotellerie.com\/de\/wp-json\/wp\/v2\/product\/51989","targetHints":{"allow":["GET"]}}],"collection":[{"href":"https:\/\/www.linvosges-hotellerie.com\/de\/wp-json\/wp\/v2\/product"}],"about":[{"href":"https:\/\/www.linvosges-hotellerie.com\/de\/wp-json\/wp\/v2\/types\/product"}],"wp:featuredmedia":[{"embeddable":true,"href":"https:\/\/www.linvosges-hotellerie.com\/de\/wp-json\/wp\/v2\/media\/51984"}],"wp:attachment":[{"href":"https:\/\/www.linvosges-hotellerie.com\/de\/wp-json\/wp\/v2\/media?parent=51989"}],"wp:term":[{"taxonomy":"label","embeddable":true,"href":"https:\/\/www.linvosges-hotellerie.com\/de\/wp-json\/wp\/v2\/label?post=51989"},{"taxonomy":"product_brand","embeddable":true,"href":"https:\/\/www.linvosges-hotellerie.com\/de\/wp-json\/wp\/v2\/product_brand?post=51989"},{"taxonomy":"product_cat","embeddable":true,"href":"https:\/\/www.linvosges-hotellerie.com\/de\/wp-json\/wp\/v2\/product_cat?post=51989"},{"taxonomy":"product_tag","embeddable":true,"href":"https:\/\/www.linvosges-hotellerie.com\/de\/wp-json\/wp\/v2\/product_tag?post=51989"},{"taxonomy":"gamme","embeddable":true,"href":"https:\/\/www.linvosges-hotellerie.com\/de\/wp-json\/wp\/v2\/gamme?post=51989"},{"taxonomy":"matiere","embeddable":true,"href":"https:\/\/www.linvosges-hotellerie.com\/de\/wp-json\/wp\/v2\/matiere?post=51989"}],"curies":[{"name":"wp","href":"https:\/\/api.w.org\/{rel}","templated":true}]}}