{"id":52031,"date":"2020-11-27T12:47:37","date_gmt":"2020-11-27T11:47:37","guid":{"rendered":"https:\/\/www.linvosges-hotellerie.com\/unkategorisiert\/flanelldecke-kuschelnest\/"},"modified":"2025-02-05T10:11:41","modified_gmt":"2025-02-05T09:11:41","slug":"flanelldecke-kuschelnest","status":"publish","type":"product","link":"https:\/\/www.linvosges-hotellerie.com\/de\/bettwasche-de\/abdeckung\/flanelldecke-kuschelnest\/","title":{"rendered":"Flanelldecke Kuschelnest"},"content":{"rendered":"<p>Eine warme Flanelldecke mit ultraweichem Pl\u00fcschgef\u00fchl &#8211; Doppelte Saumabschl\u00fcsse<\/p>\n<p>Farbe Taupe<\/p>\n<p>&nbsp;<\/p>\n","protected":false},"excerpt":{"rendered":"<p>Maschinenw\u00e4sche bei 30\u00b0.<br \/>\nChlor und Bleichmittel verboten<br \/>\nW\u00e4schetrockner verboten<br \/>\nB\u00fcgeln verboten<br \/>\nNicht chemisch reinigen<br \/>\n<span class=\"ginetex\">  w o d m U  <\/span><\/p>\n","protected":false},"featured_media":63292,"template":"","meta":{"_acf_changed":false},"label":[],"product_brand":[],"product_cat":[2752,2370],"product_tag":[],"gamme":[2751],"matiere":[1765],"class_list":{"0":"post-52031","1":"product","2":"type-product","3":"status-publish","4":"has-post-thumbnail","6":"product_cat-abdeckung","7":"product_cat-bettwasche-de","8":"pa_couleur-taupe-de","9":"pa_dimensions-180-220-cm","10":"pa_dimensions-220-235-cm","11":"pa_dimensions-235-260-cm","12":"pa_dimensions-235-300-cm","13":"pa_grammage-400grs-m","14":"pa_matiere-100-polyester-de","15":"gamme-kuscheliges-nest","16":"matiere-polyester-de","18":"first","19":"instock","20":"taxable","21":"shipping-taxable","22":"purchasable","23":"product-type-variable","24":"has-default-attributes"},"acf":[],"df_price":36.44,"df_sale_price":"","df_regular_price":36.44,"df_image_link":"https:\/\/www.linvosges-hotellerie.com\/wp-content\/uploads\/2020\/11\/COUVERTURE-NID-DOUILLET-300x300.jpg","_links":{"self":[{"href":"https:\/\/www.linvosges-hotellerie.com\/de\/wp-json\/wp\/v2\/product\/52031","targetHints":{"allow":["GET"]}}],"collection":[{"href":"https:\/\/www.linvosges-hotellerie.com\/de\/wp-json\/wp\/v2\/product"}],"about":[{"href":"https:\/\/www.linvosges-hotellerie.com\/de\/wp-json\/wp\/v2\/types\/product"}],"wp:featuredmedia":[{"embeddable":true,"href":"https:\/\/www.linvosges-hotellerie.com\/de\/wp-json\/wp\/v2\/media\/63292"}],"wp:attachment":[{"href":"https:\/\/www.linvosges-hotellerie.com\/de\/wp-json\/wp\/v2\/media?parent=52031"}],"wp:term":[{"taxonomy":"label","embeddable":true,"href":"https:\/\/www.linvosges-hotellerie.com\/de\/wp-json\/wp\/v2\/label?post=52031"},{"taxonomy":"product_brand","embeddable":true,"href":"https:\/\/www.linvosges-hotellerie.com\/de\/wp-json\/wp\/v2\/product_brand?post=52031"},{"taxonomy":"product_cat","embeddable":true,"href":"https:\/\/www.linvosges-hotellerie.com\/de\/wp-json\/wp\/v2\/product_cat?post=52031"},{"taxonomy":"product_tag","embeddable":true,"href":"https:\/\/www.linvosges-hotellerie.com\/de\/wp-json\/wp\/v2\/product_tag?post=52031"},{"taxonomy":"gamme","embeddable":true,"href":"https:\/\/www.linvosges-hotellerie.com\/de\/wp-json\/wp\/v2\/gamme?post=52031"},{"taxonomy":"matiere","embeddable":true,"href":"https:\/\/www.linvosges-hotellerie.com\/de\/wp-json\/wp\/v2\/matiere?post=52031"}],"curies":[{"name":"wp","href":"https:\/\/api.w.org\/{rel}","templated":true}]}}