{"id":52032,"date":"2020-11-27T12:47:38","date_gmt":"2020-11-27T11:47:38","guid":{"rendered":"https:\/\/www.linvosges-hotellerie.com\/unkategorisiert\/igloo-fleece-decke-350grs-m%c2%b2\/"},"modified":"2025-02-05T10:11:40","modified_gmt":"2025-02-05T09:11:40","slug":"igloo-fleece-decke-350grs-m%c2%b2","status":"publish","type":"product","link":"https:\/\/www.linvosges-hotellerie.com\/de\/bettwasche-de\/abdeckung\/igloo-fleece-decke-350grs-m%c2%b2\/","title":{"rendered":"Igloo Fleece-Decke 350grs\/m\u00b2."},"content":{"rendered":"<p>Diese Decke aus Strickfleece ist sehr gut verarbeitet und erf\u00fcllt die Anforderungen f\u00fcr die Nichtentflammbarkeit. Doppelnaht an den S\u00e4umen + geschlossene Ecken an den Kappen<\/p>\n","protected":false},"excerpt":{"rendered":"<p>Maschinenw\u00e4sche bei 60\u00b0.<br \/>\nChlor und Bleichmittel verboten<br \/>\nW\u00e4schetrockner verboten<br \/>\nB\u00fcgeln verboten<br \/>\nNicht chemisch reinigen<br \/>\n<span class=\"ginetex\">  4 o d m U  <\/span><\/p>\n","protected":false},"featured_media":52039,"template":"","meta":{"_acf_changed":false},"label":[],"product_brand":[],"product_cat":[2752,2370],"product_tag":[],"gamme":[2753],"matiere":[1765],"class_list":{"0":"post-52032","1":"product","2":"type-product","3":"status-publish","4":"has-post-thumbnail","6":"product_cat-abdeckung","7":"product_cat-bettwasche-de","8":"pa_couleur-immergrun","9":"pa_couleur-sand-de","10":"pa_couleur-schokolade","11":"pa_couleur-stahl","12":"pa_dimensions-180-220-cm","13":"pa_dimensions-220-240-cm","14":"pa_dimensions-240-260-cm","15":"pa_grammage-350grs-m","16":"pa_matiere-100-polyester-de","17":"gamme-iglu","18":"matiere-polyester-de","20":"first","21":"instock","22":"taxable","23":"shipping-taxable","24":"purchasable","25":"product-type-variable","26":"has-default-attributes"},"acf":[],"df_price":39.95,"df_sale_price":"","df_regular_price":39.95,"df_image_link":"https:\/\/www.linvosges-hotellerie.com\/wp-content\/uploads\/2020\/11\/couverture-igloo-chocolat-acier-linvosges-hotellerie-w-300x300.jpg","_links":{"self":[{"href":"https:\/\/www.linvosges-hotellerie.com\/de\/wp-json\/wp\/v2\/product\/52032","targetHints":{"allow":["GET"]}}],"collection":[{"href":"https:\/\/www.linvosges-hotellerie.com\/de\/wp-json\/wp\/v2\/product"}],"about":[{"href":"https:\/\/www.linvosges-hotellerie.com\/de\/wp-json\/wp\/v2\/types\/product"}],"wp:featuredmedia":[{"embeddable":true,"href":"https:\/\/www.linvosges-hotellerie.com\/de\/wp-json\/wp\/v2\/media\/52039"}],"wp:attachment":[{"href":"https:\/\/www.linvosges-hotellerie.com\/de\/wp-json\/wp\/v2\/media?parent=52032"}],"wp:term":[{"taxonomy":"label","embeddable":true,"href":"https:\/\/www.linvosges-hotellerie.com\/de\/wp-json\/wp\/v2\/label?post=52032"},{"taxonomy":"product_brand","embeddable":true,"href":"https:\/\/www.linvosges-hotellerie.com\/de\/wp-json\/wp\/v2\/product_brand?post=52032"},{"taxonomy":"product_cat","embeddable":true,"href":"https:\/\/www.linvosges-hotellerie.com\/de\/wp-json\/wp\/v2\/product_cat?post=52032"},{"taxonomy":"product_tag","embeddable":true,"href":"https:\/\/www.linvosges-hotellerie.com\/de\/wp-json\/wp\/v2\/product_tag?post=52032"},{"taxonomy":"gamme","embeddable":true,"href":"https:\/\/www.linvosges-hotellerie.com\/de\/wp-json\/wp\/v2\/gamme?post=52032"},{"taxonomy":"matiere","embeddable":true,"href":"https:\/\/www.linvosges-hotellerie.com\/de\/wp-json\/wp\/v2\/matiere?post=52032"}],"curies":[{"name":"wp","href":"https:\/\/api.w.org\/{rel}","templated":true}]}}