{"id":52267,"date":"2020-11-27T12:47:43","date_gmt":"2020-11-27T11:47:43","guid":{"rendered":"https:\/\/www.linvosges-hotellerie.com\/unkategorisiert\/matratzenauflage-mit-daunen-und-federn-cosy-luxe\/"},"modified":"2020-11-27T12:47:43","modified_gmt":"2020-11-27T11:47:43","slug":"matratzenauflage-mit-daunen-und-federn-cosy-luxe","status":"publish","type":"product","link":"https:\/\/www.linvosges-hotellerie.com\/de\/bettwasche-de\/matratzenauflage\/matratzenauflage-mit-daunen-und-federn-cosy-luxe\/","title":{"rendered":"Matratzenauflage mit Daunen und Federn Cosy luxe"},"content":{"rendered":"<p>Der feste und weiche Komfort eines gem\u00fctlichen Nestes. \u00dcberkreuzte Konfektion und breiter Rand f\u00fcr eine perfekte Wabenform. Anti-Milben-behandeltes, durchsto\u00dfsicheres Innenfutter. Elastisch an allen 4 Ecken<\/p>\n<p>\u00d6kobeitrag im Preis inbegriffen<\/p>\n","protected":false},"excerpt":{"rendered":"<p>Maschinenw\u00e4sche bei 60\u00b0.<br \/>\nChlor und Bleichmittel verboten<br \/>\nTrocknen im Tumbler bei 60\u00b0.<br \/>\nB\u00fcgeln verboten<br \/>\nZur chemischen Reinigung zugelassene Produkte: Kohlenwasserstoffe<br \/>\n<span class=\"ginetex\">  4 o s m E  <\/span><\/p>\n","protected":false},"featured_media":52268,"template":"","meta":{"_acf_changed":false},"label":[],"product_brand":[],"product_cat":[2370,2791],"product_tag":[],"gamme":[2798],"matiere":[1525,2676,2675],"class_list":{"0":"post-52267","1":"product","2":"type-product","3":"status-publish","4":"has-post-thumbnail","6":"product_cat-bettwasche-de","7":"product_cat-matratzenauflage","8":"pa_couleur-weis","9":"pa_dimensions-140-190-cm","10":"pa_dimensions-160-200-cm","11":"pa_dimensions-180x200-cm","12":"pa_dimensions-200-200-cm","13":"pa_dimensions-80-200-cm","14":"pa_dimensions-90-200-cm","15":"pa_grammage-1700grs-m2","16":"pa_matiere-fullung-neue-ente-90-daunen-10-federn-hulle-100-baumwoll-perkal","17":"gamme-cosy-luxe-de","18":"matiere-baumwolle","19":"matiere-daunen","20":"matiere-federn","22":"first","23":"instock","24":"taxable","25":"shipping-taxable","26":"purchasable","27":"product-type-variable","28":"has-default-attributes"},"acf":[],"df_price":100.61,"df_sale_price":"","df_regular_price":100.61,"df_image_link":"https:\/\/www.linvosges-hotellerie.com\/wp-content\/uploads\/2020\/12\/surmatelas-cosy-luxe-plumettes-et-duvet-canard-1700-grs-m2-hotel-professionnel-linvosges-hotellerie-300x300.jpg","_links":{"self":[{"href":"https:\/\/www.linvosges-hotellerie.com\/de\/wp-json\/wp\/v2\/product\/52267","targetHints":{"allow":["GET"]}}],"collection":[{"href":"https:\/\/www.linvosges-hotellerie.com\/de\/wp-json\/wp\/v2\/product"}],"about":[{"href":"https:\/\/www.linvosges-hotellerie.com\/de\/wp-json\/wp\/v2\/types\/product"}],"wp:featuredmedia":[{"embeddable":true,"href":"https:\/\/www.linvosges-hotellerie.com\/de\/wp-json\/wp\/v2\/media\/52268"}],"wp:attachment":[{"href":"https:\/\/www.linvosges-hotellerie.com\/de\/wp-json\/wp\/v2\/media?parent=52267"}],"wp:term":[{"taxonomy":"label","embeddable":true,"href":"https:\/\/www.linvosges-hotellerie.com\/de\/wp-json\/wp\/v2\/label?post=52267"},{"taxonomy":"product_brand","embeddable":true,"href":"https:\/\/www.linvosges-hotellerie.com\/de\/wp-json\/wp\/v2\/product_brand?post=52267"},{"taxonomy":"product_cat","embeddable":true,"href":"https:\/\/www.linvosges-hotellerie.com\/de\/wp-json\/wp\/v2\/product_cat?post=52267"},{"taxonomy":"product_tag","embeddable":true,"href":"https:\/\/www.linvosges-hotellerie.com\/de\/wp-json\/wp\/v2\/product_tag?post=52267"},{"taxonomy":"gamme","embeddable":true,"href":"https:\/\/www.linvosges-hotellerie.com\/de\/wp-json\/wp\/v2\/gamme?post=52267"},{"taxonomy":"matiere","embeddable":true,"href":"https:\/\/www.linvosges-hotellerie.com\/de\/wp-json\/wp\/v2\/matiere?post=52267"}],"curies":[{"name":"wp","href":"https:\/\/api.w.org\/{rel}","templated":true}]}}