{"id":52287,"date":"2020-12-16T00:47:25","date_gmt":"2020-12-15T23:47:25","guid":{"rendered":"https:\/\/www.linvosges-hotellerie.com\/unkategorisiert\/frottee-bademantel-mit-schalkragen-detente\/"},"modified":"2020-12-16T00:47:25","modified_gmt":"2020-12-15T23:47:25","slug":"frottee-bademantel-mit-schalkragen-detente","status":"publish","type":"product","link":"https:\/\/www.linvosges-hotellerie.com\/de\/die-schwamme\/bademantel\/frottee-bademantel-mit-schalkragen-detente\/","title":{"rendered":"Frottee-Bademantel mit Schalkragen D\u00e9tente"},"content":{"rendered":"<p>Ein warmer und weicher Bademantel aus 100% Baumwollfrottee. Der Schalkragen ist umh\u00fcllend, mit 2 Taschen, einem Nackenband und einem G\u00fcrtel mit Schlaufen in der Taille.<br \/>\nEin unverzichtbares Accessoire, um Ihren G\u00e4sten in Ihrem Badezimmer oder Spa-Bereich zus\u00e4tzlichen Komfort zu bieten.<\/p>\n<p>Gr\u00f6\u00dfen: M, L, XL, XXL<\/p>\n","protected":false},"excerpt":{"rendered":"<p>Maschinenw\u00e4sche bei 60\u00b0.<br \/>\nChlor und Bleichmittel verboten<br \/>\nTrocknen im Tumbler bei 60\u00b0.<br \/>\nB\u00fcgeln bei einer Temperatur von maximal 150\u00b0 C<br \/>\nNicht chemisch reinigen<\/p>\n<p><span class=\"ginetex\">  4 o s b U  <\/span><\/p>\n","protected":false},"featured_media":32221,"template":"","meta":{"_acf_changed":false},"label":[],"product_brand":[],"product_cat":[2599,1586],"product_tag":[],"gamme":[1595],"matiere":[1525],"class_list":{"0":"post-52287","1":"product","2":"type-product","3":"status-publish","4":"has-post-thumbnail","6":"product_cat-bademantel","7":"product_cat-die-schwamme","8":"pa_couleur-weis","9":"pa_dimensions-l","10":"pa_dimensions-m","11":"pa_dimensions-xl","12":"pa_dimensions-xxl","13":"pa_grammage-420grs-m","14":"pa_matiere-100-baumwolle","15":"gamme-entspannung","16":"matiere-baumwolle","18":"first","19":"instock","20":"taxable","21":"shipping-taxable","22":"purchasable","23":"product-type-variable","24":"has-default-attributes"},"acf":[],"df_price":33.98,"df_sale_price":"","df_regular_price":33.98,"df_image_link":"https:\/\/www.linvosges-hotellerie.com\/wp-content\/uploads\/2020\/12\/peignoir-col-chale-detente-eponge-420-grs-m2-hotel-professionnel-linvosges-hotellerie-300x300.jpg","_links":{"self":[{"href":"https:\/\/www.linvosges-hotellerie.com\/de\/wp-json\/wp\/v2\/product\/52287","targetHints":{"allow":["GET"]}}],"collection":[{"href":"https:\/\/www.linvosges-hotellerie.com\/de\/wp-json\/wp\/v2\/product"}],"about":[{"href":"https:\/\/www.linvosges-hotellerie.com\/de\/wp-json\/wp\/v2\/types\/product"}],"wp:featuredmedia":[{"embeddable":true,"href":"https:\/\/www.linvosges-hotellerie.com\/de\/wp-json\/wp\/v2\/media\/32221"}],"wp:attachment":[{"href":"https:\/\/www.linvosges-hotellerie.com\/de\/wp-json\/wp\/v2\/media?parent=52287"}],"wp:term":[{"taxonomy":"label","embeddable":true,"href":"https:\/\/www.linvosges-hotellerie.com\/de\/wp-json\/wp\/v2\/label?post=52287"},{"taxonomy":"product_brand","embeddable":true,"href":"https:\/\/www.linvosges-hotellerie.com\/de\/wp-json\/wp\/v2\/product_brand?post=52287"},{"taxonomy":"product_cat","embeddable":true,"href":"https:\/\/www.linvosges-hotellerie.com\/de\/wp-json\/wp\/v2\/product_cat?post=52287"},{"taxonomy":"product_tag","embeddable":true,"href":"https:\/\/www.linvosges-hotellerie.com\/de\/wp-json\/wp\/v2\/product_tag?post=52287"},{"taxonomy":"gamme","embeddable":true,"href":"https:\/\/www.linvosges-hotellerie.com\/de\/wp-json\/wp\/v2\/gamme?post=52287"},{"taxonomy":"matiere","embeddable":true,"href":"https:\/\/www.linvosges-hotellerie.com\/de\/wp-json\/wp\/v2\/matiere?post=52287"}],"curies":[{"name":"wp","href":"https:\/\/api.w.org\/{rel}","templated":true}]}}