{"id":52304,"date":"2020-11-27T12:47:44","date_gmt":"2020-11-27T11:47:44","guid":{"rendered":"https:\/\/www.linvosges-hotellerie.com\/unkategorisiert\/matratzenauflage-conforto-form-housse\/"},"modified":"2020-11-27T12:47:44","modified_gmt":"2020-11-27T11:47:44","slug":"matratzenauflage-conforto-form-housse","status":"publish","type":"product","link":"https:\/\/www.linvosges-hotellerie.com\/de\/outlet-alles-auf-50-reduziert\/matratzenauflage-conforto-form-housse\/","title":{"rendered":"Matratzenauflage Conforto Form Housse"},"content":{"rendered":"<p>Weiche Unterst\u00fctzung und perfekte Umh\u00fcllung der Matratze dank der Hussenform &#8211; 450grs\/m2 &#8211; Karo-Steppung &#8211; Dicke 3.5cm &#8211; K\u00f6rbchengr\u00f6\u00dfe 30cm<\/p>\n<p>Achtung: Begrenzte Best\u00e4nde<\/p>\n","protected":false},"excerpt":{"rendered":"<p>Maschinenw\u00e4sche bei 95\u00b0.<br \/>\nChlor und Bleichmittel verboten<br \/>\nTrocknen im Tumbler bei 80\u00b0.<br \/>\nB\u00fcgeln verboten<br \/>\nF\u00fcr die chemische Reinigung zugelassene Produkte: Perchlorethylen, Kohlenwasserstoffe<br \/>\n<span class=\"ginetex\">  2 o a m E  <\/span><\/p>\n","protected":false},"featured_media":52308,"template":"","meta":{"_acf_changed":false},"label":[],"product_brand":[],"product_cat":[1538],"product_tag":[],"gamme":[2804],"matiere":[1525,1765],"class_list":{"0":"post-52304","1":"product","2":"type-product","3":"status-publish","4":"has-post-thumbnail","6":"product_cat-outlet-alles-auf-50-reduziert","7":"pa_couleur-weis","8":"pa_dimensions-140-190-cm","9":"pa_dimensions-160-200-cm","10":"pa_dimensions-180x200-cm","11":"pa_dimensions-90-190-cm","12":"pa_dimensions-90-200-cm","13":"pa_grammage-450grs-m","14":"pa_matiere-fullung-100-polyester-hohlfaser-silikonisiert-hulle-100-sanforisierte-baumwolle","15":"gamme-komforto","16":"matiere-baumwolle","17":"matiere-polyester-de","19":"first","20":"outofstock","21":"taxable","22":"shipping-taxable","23":"purchasable","24":"product-type-variable","25":"has-default-attributes"},"acf":[],"df_price":24.16,"df_sale_price":"","df_regular_price":24.16,"df_image_link":"https:\/\/www.linvosges-hotellerie.com\/wp-content\/uploads\/2020\/12\/surmatelas-conforto-450grs-forme-housse-hotel-professionnel-linvosges-hotellerie-300x300.jpg","_links":{"self":[{"href":"https:\/\/www.linvosges-hotellerie.com\/de\/wp-json\/wp\/v2\/product\/52304","targetHints":{"allow":["GET"]}}],"collection":[{"href":"https:\/\/www.linvosges-hotellerie.com\/de\/wp-json\/wp\/v2\/product"}],"about":[{"href":"https:\/\/www.linvosges-hotellerie.com\/de\/wp-json\/wp\/v2\/types\/product"}],"wp:featuredmedia":[{"embeddable":true,"href":"https:\/\/www.linvosges-hotellerie.com\/de\/wp-json\/wp\/v2\/media\/52308"}],"wp:attachment":[{"href":"https:\/\/www.linvosges-hotellerie.com\/de\/wp-json\/wp\/v2\/media?parent=52304"}],"wp:term":[{"taxonomy":"label","embeddable":true,"href":"https:\/\/www.linvosges-hotellerie.com\/de\/wp-json\/wp\/v2\/label?post=52304"},{"taxonomy":"product_brand","embeddable":true,"href":"https:\/\/www.linvosges-hotellerie.com\/de\/wp-json\/wp\/v2\/product_brand?post=52304"},{"taxonomy":"product_cat","embeddable":true,"href":"https:\/\/www.linvosges-hotellerie.com\/de\/wp-json\/wp\/v2\/product_cat?post=52304"},{"taxonomy":"product_tag","embeddable":true,"href":"https:\/\/www.linvosges-hotellerie.com\/de\/wp-json\/wp\/v2\/product_tag?post=52304"},{"taxonomy":"gamme","embeddable":true,"href":"https:\/\/www.linvosges-hotellerie.com\/de\/wp-json\/wp\/v2\/gamme?post=52304"},{"taxonomy":"matiere","embeddable":true,"href":"https:\/\/www.linvosges-hotellerie.com\/de\/wp-json\/wp\/v2\/matiere?post=52304"}],"curies":[{"name":"wp","href":"https:\/\/api.w.org\/{rel}","templated":true}]}}