{"id":52562,"date":"2020-12-16T03:50:58","date_gmt":"2020-12-16T02:50:58","guid":{"rendered":"https:\/\/www.linvosges-hotellerie.com\/unkategorisiert\/bettdeckenbezug-le-metis\/"},"modified":"2020-12-16T03:50:58","modified_gmt":"2020-12-16T02:50:58","slug":"bettdeckenbezug-le-metis","status":"publish","type":"product","link":"https:\/\/www.linvosges-hotellerie.com\/de\/bettdeckenbezug\/bettdeckenbezug-le-metis\/","title":{"rendered":"Bettdeckenbezug Le M\u00e9tis"},"content":{"rendered":"<p>Bettdeckenbezug mit einer authentischen Textur und Haptik, die durch die Kombination von Baumwolle und Leinen erreicht wird. Halbleinen vereint die Weichheit von Baumwolle und die Frische von Leinen. 100 Adernxin\u00b2<\/p>\n<p>Offene Tasche + Handschlaufen<br \/>\nDie Verarbeitung unserer Bettbez\u00fcge ist so konzipiert, dass sie f\u00fcr den professionellen Gebrauch geeignet sind. Die offene Beutelkonstruktion \u00fcber die gesamte Breite und die zwei Handschlaufen am Kopf erm\u00f6glichen ein einfaches Anlegen. Die beiden Seiten sind mit einer wei\u00dfen Bourdon-Naht an den Seiten verbunden, um der Pflege in der W\u00e4scherei zu entsprechen.<\/p>\n<p>Abmessungen :<br \/>\n140&#215;200<br \/>\n160&#215;210<br \/>\n240&#215;220<br \/>\n260&#215;240<\/p>\n","protected":false},"excerpt":{"rendered":"<p>Maschinenw\u00e4sche bei 60\u00b0.<br \/>\nChlor und Bleichmittel verboten<br \/>\nW\u00e4schetrockner verboten<br \/>\nB\u00fcgeln bei einer Temperatur von maximal 200\u00b0 C<br \/>\nNicht chemisch reinigen<\/p>\n<p><span class=\"ginetex\">  4 o d v U  <\/span><\/p>\n","protected":false},"featured_media":29656,"template":"","meta":{"_acf_changed":false},"label":[],"product_brand":[],"product_cat":[2815],"product_tag":[],"gamme":[1680],"matiere":[],"class_list":{"0":"post-52562","1":"product","2":"type-product","3":"status-publish","4":"has-post-thumbnail","6":"product_cat-bettdeckenbezug","7":"pa_couleur-weis","8":"pa_dimensions-140-200-cm","9":"pa_dimensions-160-210-cm","10":"pa_dimensions-240-220-cm","11":"pa_dimensions-260-240-cm","12":"pa_grammage-190grs-m","13":"pa_matiere-50-leinen-50-baumwolle","14":"gamme-der-mestize","16":"first","17":"instock","18":"taxable","19":"shipping-taxable","20":"purchasable","21":"product-type-variable","22":"has-default-attributes"},"acf":[],"df_price":155.82,"df_sale_price":"","df_regular_price":155.82,"df_image_link":"https:\/\/www.linvosges-hotellerie.com\/wp-content\/uploads\/2020\/12\/linge-de-lit-metis-190-grs-m2-blanc-hotel-professionnel-linvosges-hotellerie-300x300.jpg","_links":{"self":[{"href":"https:\/\/www.linvosges-hotellerie.com\/de\/wp-json\/wp\/v2\/product\/52562","targetHints":{"allow":["GET"]}}],"collection":[{"href":"https:\/\/www.linvosges-hotellerie.com\/de\/wp-json\/wp\/v2\/product"}],"about":[{"href":"https:\/\/www.linvosges-hotellerie.com\/de\/wp-json\/wp\/v2\/types\/product"}],"wp:featuredmedia":[{"embeddable":true,"href":"https:\/\/www.linvosges-hotellerie.com\/de\/wp-json\/wp\/v2\/media\/29656"}],"wp:attachment":[{"href":"https:\/\/www.linvosges-hotellerie.com\/de\/wp-json\/wp\/v2\/media?parent=52562"}],"wp:term":[{"taxonomy":"label","embeddable":true,"href":"https:\/\/www.linvosges-hotellerie.com\/de\/wp-json\/wp\/v2\/label?post=52562"},{"taxonomy":"product_brand","embeddable":true,"href":"https:\/\/www.linvosges-hotellerie.com\/de\/wp-json\/wp\/v2\/product_brand?post=52562"},{"taxonomy":"product_cat","embeddable":true,"href":"https:\/\/www.linvosges-hotellerie.com\/de\/wp-json\/wp\/v2\/product_cat?post=52562"},{"taxonomy":"product_tag","embeddable":true,"href":"https:\/\/www.linvosges-hotellerie.com\/de\/wp-json\/wp\/v2\/product_tag?post=52562"},{"taxonomy":"gamme","embeddable":true,"href":"https:\/\/www.linvosges-hotellerie.com\/de\/wp-json\/wp\/v2\/gamme?post=52562"},{"taxonomy":"matiere","embeddable":true,"href":"https:\/\/www.linvosges-hotellerie.com\/de\/wp-json\/wp\/v2\/matiere?post=52562"}],"curies":[{"name":"wp","href":"https:\/\/api.w.org\/{rel}","templated":true}]}}