{"id":52776,"date":"2020-12-16T03:51:26","date_gmt":"2020-12-16T02:51:26","guid":{"rendered":"https:\/\/www.linvosges-hotellerie.com\/unkategorisiert\/bettdeckenbezug-luna\/"},"modified":"2020-12-16T03:51:26","modified_gmt":"2020-12-16T02:51:26","slug":"bettdeckenbezug-luna","status":"publish","type":"product","link":"https:\/\/www.linvosges-hotellerie.com\/de\/bettdeckenbezug\/bettdeckenbezug-luna\/","title":{"rendered":"Bettdeckenbezug Luna"},"content":{"rendered":"<p>Bettdeckenbezug aus wei\u00dfem Satinstoff mit beigefarbenen Punkten.<br \/>\nSatinbindung 300 Filsxin\u00b2<br \/>\nBaumwolle ist ein edles Material und von Natur aus bequem und strapazierf\u00e4hig.<\/p>\n<p>Form der Tasche + Handschlaufen<br \/>\nDie Verarbeitung unserer Bettbez\u00fcge ist so konzipiert, dass sie f\u00fcr den professionellen Gebrauch geeignet sind. Die offene Beutelkonstruktion \u00fcber die gesamte Breite und die zwei Handschlaufen am Kopf erm\u00f6glichen ein einfaches Anlegen. Die beiden Seiten wurden mit einer wei\u00dfen Bourdon-Naht an den Seiten und am Kopf zusammengen\u00e4ht, um der Pflege in der W\u00e4scherei zu entsprechen, insbesondere beim Durchgang durch die Mangel. Eine farbige Bourdon-Naht am Fu\u00dfende erm\u00f6glicht es Ihnen, den unteren Teil des Bezugs schnell zu identifizieren und die verschiedenen Gr\u00f6\u00dfen zu unterscheiden.<\/p>\n<p>Garnfarben je nach Gr\u00f6\u00dfe :<br \/>\n140&#215;200: rot<br \/>\n160&#215;210: blau<br \/>\n240&#215;220: orange<br \/>\n260&#215;240: gr\u00fcn<br \/>\n280&#215;240: grau<\/p>\n","protected":false},"excerpt":{"rendered":"<p>Maschinenw\u00e4sche bei 60\u00b0.<br \/>\nChlor und Bleichmittel verboten<br \/>\nTrocknen im Tumbler bei 60\u00b0.<br \/>\nB\u00fcgeln bei einer Temperatur von maximal 150\u00b0 C<br \/>\nZur chemischen Reinigung zugelassene Produkte: Kohlenwasserstoffe<\/p>\n<p><span class=\"ginetex\">  4 o s b W  <\/span><\/p>\n","protected":false},"featured_media":30202,"template":"","meta":{"_acf_changed":false},"label":[],"product_brand":[],"product_cat":[2815],"product_tag":[],"gamme":[1746],"matiere":[1525],"class_list":{"0":"post-52776","1":"product","2":"type-product","3":"status-publish","4":"has-post-thumbnail","6":"product_cat-bettdeckenbezug","7":"pa_couleur-weiser-hintergrund-mit-beigen-punkten","8":"pa_dimensions-140-200-cm","9":"pa_dimensions-160-210-cm","10":"pa_dimensions-240-220-cm","11":"pa_dimensions-260-240-cm","12":"pa_dimensions-280-240-cm","13":"pa_grammage-140grs-m","14":"pa_matiere-100-baumwolle","15":"gamme-luna-de","16":"matiere-baumwolle","18":"first","19":"outofstock","20":"taxable","21":"shipping-taxable","22":"purchasable","23":"product-type-variable","24":"has-default-attributes"},"acf":[],"df_price":80.97,"df_sale_price":"","df_regular_price":80.97,"df_image_link":"https:\/\/www.linvosges-hotellerie.com\/wp-content\/uploads\/2020\/12\/linge-de-lit-satin-imprime-luna-coton-140-grs-m2-hotel-professionnel-linvosges-hotellerie-300x300.jpg","_links":{"self":[{"href":"https:\/\/www.linvosges-hotellerie.com\/de\/wp-json\/wp\/v2\/product\/52776","targetHints":{"allow":["GET"]}}],"collection":[{"href":"https:\/\/www.linvosges-hotellerie.com\/de\/wp-json\/wp\/v2\/product"}],"about":[{"href":"https:\/\/www.linvosges-hotellerie.com\/de\/wp-json\/wp\/v2\/types\/product"}],"wp:featuredmedia":[{"embeddable":true,"href":"https:\/\/www.linvosges-hotellerie.com\/de\/wp-json\/wp\/v2\/media\/30202"}],"wp:attachment":[{"href":"https:\/\/www.linvosges-hotellerie.com\/de\/wp-json\/wp\/v2\/media?parent=52776"}],"wp:term":[{"taxonomy":"label","embeddable":true,"href":"https:\/\/www.linvosges-hotellerie.com\/de\/wp-json\/wp\/v2\/label?post=52776"},{"taxonomy":"product_brand","embeddable":true,"href":"https:\/\/www.linvosges-hotellerie.com\/de\/wp-json\/wp\/v2\/product_brand?post=52776"},{"taxonomy":"product_cat","embeddable":true,"href":"https:\/\/www.linvosges-hotellerie.com\/de\/wp-json\/wp\/v2\/product_cat?post=52776"},{"taxonomy":"product_tag","embeddable":true,"href":"https:\/\/www.linvosges-hotellerie.com\/de\/wp-json\/wp\/v2\/product_tag?post=52776"},{"taxonomy":"gamme","embeddable":true,"href":"https:\/\/www.linvosges-hotellerie.com\/de\/wp-json\/wp\/v2\/gamme?post=52776"},{"taxonomy":"matiere","embeddable":true,"href":"https:\/\/www.linvosges-hotellerie.com\/de\/wp-json\/wp\/v2\/matiere?post=52776"}],"curies":[{"name":"wp","href":"https:\/\/api.w.org\/{rel}","templated":true}]}}