{"id":52787,"date":"2020-12-16T03:51:23","date_gmt":"2020-12-16T02:51:23","guid":{"rendered":"https:\/\/www.linvosges-hotellerie.com\/unkategorisiert\/bettdeckenbezug-evora\/"},"modified":"2026-04-14T00:57:45","modified_gmt":"2026-04-13T22:57:45","slug":"bettdeckenbezug-evora","status":"publish","type":"product","link":"https:\/\/www.linvosges-hotellerie.com\/de\/bettdeckenbezug\/bettdeckenbezug-evora\/","title":{"rendered":"Bettdeckenbezug Evora"},"content":{"rendered":"<p>Bettdeckenbezug mit samtigem Griff und mattem, leicht geknittertem Aussehen f\u00fcr einen modernen Stil. Das B\u00fcgeln ist \u00fcberfl\u00fcssig, was Zeit spart.<br \/>\nSatinbindung mit 300 dicht gewebten F\u00e4denxin\u00b2, die f\u00fcr Weichheit und Geschmeidigkeit sorgt.<br \/>\nBaumwolle ist ein edles Material, das von Natur aus komfortabel und strapazierf\u00e4hig ist.<\/p>\n<p>Form der Tasche + Handschlaufen<br \/>\nDie Verarbeitung unserer Bettbez\u00fcge ist so konzipiert, dass sie f\u00fcr den professionellen Gebrauch geeignet sind. Die offene Beutelkonstruktion \u00fcber die gesamte Breite und die zwei Handschlaufen am Kopf erm\u00f6glichen ein einfaches Anlegen. Die beiden Seiten wurden mit einer wei\u00dfen Bourdon-Naht an den Seiten und am Kopf zusammengen\u00e4ht, um der Pflege in der W\u00e4scherei zu entsprechen, insbesondere beim Durchgang durch die Mangel. Eine farbige Bourdon-Naht am Fu\u00dfende erm\u00f6glicht es Ihnen, den unteren Teil des Bezugs schnell zu identifizieren und die verschiedenen Gr\u00f6\u00dfen zu unterscheiden.<\/p>\n<p>Garnfarben je nach Gr\u00f6\u00dfe :<br \/>\n140&#215;200: rot<br \/>\n160&#215;210: blau<br \/>\n240&#215;220: orange<br \/>\n260&#215;240: gr\u00fcn<br \/>\n280&#215;240: grau<\/p>\n","protected":false},"excerpt":{"rendered":"<p>Maschinenw\u00e4sche bei 40\u00b0.<br \/>\nChlor und Bleichmittel verboten<br \/>\nTrocknen im Tumbler bei 60\u00b0.<br \/>\nB\u00fcgeln bei einer Temperatur von bis zu 110\u00b0 ohne Dampf<br \/>\nNicht chemisch reinigen<\/p>\n<p><span class=\"ginetex\">  8 o s n U  <\/span><\/p>\n","protected":false},"featured_media":30135,"template":"","meta":{"_acf_changed":false},"label":[],"product_brand":[],"product_cat":[2815],"product_tag":[],"gamme":[1739],"matiere":[1525],"class_list":{"0":"post-52787","1":"product","2":"type-product","3":"status-publish","4":"has-post-thumbnail","6":"product_cat-bettdeckenbezug","7":"pa_couleur-weis","8":"pa_dimensions-140-200-cm","9":"pa_dimensions-160-210-cm","10":"pa_dimensions-240-220-cm","11":"pa_dimensions-260-240-cm","12":"pa_dimensions-280-240-cm","13":"pa_grammage-120grs-m","14":"pa_matiere-100-baumwolle","15":"gamme-evora-de","16":"matiere-baumwolle","18":"first","19":"instock","20":"taxable","21":"shipping-taxable","22":"purchasable","23":"product-type-variable","24":"has-default-attributes"},"acf":[],"df_price":44.88,"df_sale_price":"","df_regular_price":44.88,"df_image_link":"https:\/\/www.linvosges-hotellerie.com\/wp-content\/uploads\/2020\/12\/linge-de-lit-satin-lave-evora-coton-120-grs-m2-hotel-professionnel-linvosges-hotellerie-2-300x300.jpg","_links":{"self":[{"href":"https:\/\/www.linvosges-hotellerie.com\/de\/wp-json\/wp\/v2\/product\/52787","targetHints":{"allow":["GET"]}}],"collection":[{"href":"https:\/\/www.linvosges-hotellerie.com\/de\/wp-json\/wp\/v2\/product"}],"about":[{"href":"https:\/\/www.linvosges-hotellerie.com\/de\/wp-json\/wp\/v2\/types\/product"}],"wp:featuredmedia":[{"embeddable":true,"href":"https:\/\/www.linvosges-hotellerie.com\/de\/wp-json\/wp\/v2\/media\/30135"}],"wp:attachment":[{"href":"https:\/\/www.linvosges-hotellerie.com\/de\/wp-json\/wp\/v2\/media?parent=52787"}],"wp:term":[{"taxonomy":"label","embeddable":true,"href":"https:\/\/www.linvosges-hotellerie.com\/de\/wp-json\/wp\/v2\/label?post=52787"},{"taxonomy":"product_brand","embeddable":true,"href":"https:\/\/www.linvosges-hotellerie.com\/de\/wp-json\/wp\/v2\/product_brand?post=52787"},{"taxonomy":"product_cat","embeddable":true,"href":"https:\/\/www.linvosges-hotellerie.com\/de\/wp-json\/wp\/v2\/product_cat?post=52787"},{"taxonomy":"product_tag","embeddable":true,"href":"https:\/\/www.linvosges-hotellerie.com\/de\/wp-json\/wp\/v2\/product_tag?post=52787"},{"taxonomy":"gamme","embeddable":true,"href":"https:\/\/www.linvosges-hotellerie.com\/de\/wp-json\/wp\/v2\/gamme?post=52787"},{"taxonomy":"matiere","embeddable":true,"href":"https:\/\/www.linvosges-hotellerie.com\/de\/wp-json\/wp\/v2\/matiere?post=52787"}],"curies":[{"name":"wp","href":"https:\/\/api.w.org\/{rel}","templated":true}]}}