{"id":52960,"date":"2022-11-16T10:49:55","date_gmt":"2022-11-16T09:49:55","guid":{"rendered":"https:\/\/www.linvosges-hotellerie.com\/unkategorisiert\/winterbettdecke-400grs-m%c2%b2-linvotel\/"},"modified":"2025-12-01T10:04:41","modified_gmt":"2025-12-01T09:04:41","slug":"winterbettdecke-400grs-m%c2%b2-linvotel","status":"publish","type":"product","link":"https:\/\/www.linvosges-hotellerie.com\/de\/bettwasche-de\/bettdecke\/winterbettdecke-400grs-m%c2%b2-linvotel\/","title":{"rendered":"Winterbettdecke 400grs\/m\u00b2 Linvotel"},"content":{"rendered":"<p>Diese warme und weiche Bettdecke mit einer F\u00fcllung aus 400 g\/m\u00b2 ist ideal f\u00fcr den Winter. Die Polybaumwollh\u00fclle h\u00e4lt einer Hochtemperaturw\u00e4sche bei 95\u00b0 stand. Die offene Fliesensteppung sorgt f\u00fcr eine gleichm\u00e4\u00dfige Verteilung der F\u00fcllung &#8211; Wei\u00dfes Schr\u00e4gband rundum<\/p>\n<p>\u00d6kobeitrag im Preis inbegriffen<\/p>\n","protected":false},"excerpt":{"rendered":"<p>Maschinenw\u00e4sche bei 95\u00b0.<br \/>\nChlor und Bleichmittel verboten<br \/>\nTrocknen im Tumbler bei 60\u00b0.<br \/>\nB\u00fcgeln verboten<br \/>\nNicht chemisch reinigen<br \/>\n<span class=\"ginetex\">  2 o s m U  <\/span><\/p>\n","protected":false},"featured_media":52962,"template":"","meta":{"_acf_changed":false},"label":[],"product_brand":[],"product_cat":[2702,2370,2274],"product_tag":[],"gamme":[2842],"matiere":[1637],"class_list":{"0":"post-52960","1":"product","2":"type-product","3":"status-publish","4":"has-post-thumbnail","6":"product_cat-bettdecke","7":"product_cat-bettwasche-de","8":"product_cat-expertenrat","9":"pa_couleur-weis","10":"pa_dimensions-140-200-cm","11":"pa_dimensions-160-210-cm","12":"pa_dimensions-240-220-cm","13":"pa_dimensions-260-240-cm","14":"pa_dimensions-280-240-cm","15":"pa_grammage-400grs-m","16":"pa_matiere-fullung-100-polyester-hohlfasern-silikonisiert-hulle-65-baumwolle-35-polyester","17":"gamme-linvotel-de","18":"matiere-polycotton","20":"first","21":"instock","22":"taxable","23":"shipping-taxable","24":"purchasable","25":"product-type-variable","26":"has-default-attributes"},"acf":[],"df_price":40.15,"df_sale_price":"","df_regular_price":40.15,"df_image_link":"https:\/\/www.linvosges-hotellerie.com\/wp-content\/uploads\/2022\/11\/COUETTE-LINVOTEL-1-300x300.png","_links":{"self":[{"href":"https:\/\/www.linvosges-hotellerie.com\/de\/wp-json\/wp\/v2\/product\/52960","targetHints":{"allow":["GET"]}}],"collection":[{"href":"https:\/\/www.linvosges-hotellerie.com\/de\/wp-json\/wp\/v2\/product"}],"about":[{"href":"https:\/\/www.linvosges-hotellerie.com\/de\/wp-json\/wp\/v2\/types\/product"}],"wp:featuredmedia":[{"embeddable":true,"href":"https:\/\/www.linvosges-hotellerie.com\/de\/wp-json\/wp\/v2\/media\/52962"}],"wp:attachment":[{"href":"https:\/\/www.linvosges-hotellerie.com\/de\/wp-json\/wp\/v2\/media?parent=52960"}],"wp:term":[{"taxonomy":"label","embeddable":true,"href":"https:\/\/www.linvosges-hotellerie.com\/de\/wp-json\/wp\/v2\/label?post=52960"},{"taxonomy":"product_brand","embeddable":true,"href":"https:\/\/www.linvosges-hotellerie.com\/de\/wp-json\/wp\/v2\/product_brand?post=52960"},{"taxonomy":"product_cat","embeddable":true,"href":"https:\/\/www.linvosges-hotellerie.com\/de\/wp-json\/wp\/v2\/product_cat?post=52960"},{"taxonomy":"product_tag","embeddable":true,"href":"https:\/\/www.linvosges-hotellerie.com\/de\/wp-json\/wp\/v2\/product_tag?post=52960"},{"taxonomy":"gamme","embeddable":true,"href":"https:\/\/www.linvosges-hotellerie.com\/de\/wp-json\/wp\/v2\/gamme?post=52960"},{"taxonomy":"matiere","embeddable":true,"href":"https:\/\/www.linvosges-hotellerie.com\/de\/wp-json\/wp\/v2\/matiere?post=52960"}],"curies":[{"name":"wp","href":"https:\/\/api.w.org\/{rel}","templated":true}]}}