{"id":53109,"date":"2023-01-04T16:58:24","date_gmt":"2023-01-04T15:58:24","guid":{"rendered":"https:\/\/www.linvosges-hotellerie.com\/unkategorisiert\/bettdeckenbezug-edito\/"},"modified":"2023-01-04T16:58:24","modified_gmt":"2023-01-04T15:58:24","slug":"bettdeckenbezug-edito","status":"publish","type":"product","link":"https:\/\/www.linvosges-hotellerie.com\/de\/bettdeckenbezug\/bettdeckenbezug-edito\/","title":{"rendered":"Bettdeckenbezug Edito"},"content":{"rendered":"<p>Bettdeckenbezug aus Polycotton Satin 230 F\u00e4den\/in\u00b2. Ob unifarben, mit breiten Streifen, feinen Linien oder kleinen Karos &#8211; diese Serie besticht durch ihre verschiedenen Muster, die einzeln oder in Kombination verwendet werden k\u00f6nnen, um Ihren Zimmern Dynamik und Modernit\u00e4t zu verleihen. Neben ihren \u00e4sthetischen Qualit\u00e4ten bietet diese Bettw\u00e4sche, die aus einer engen Mischung von Baumwolle und Polyester besteht, einen weichen, flie\u00dfenden Griff und eine ausgezeichnete Best\u00e4ndigkeit.<\/p>\n<p>Vorderseite: einfarbig, 0,5 cm Streifen, 2 cm Streifen oder Karo \/ R\u00fcckseite: einfarbig<\/p>\n<p>Abmessungen des Bettbezugs :<br \/>\n140&#215;200, 160&#215;210, 240&#215;220, 260&#215;240, 280&#215;240<\/p>\n<p>Fertigstellung des Bettlakens :<br \/>\n&#8211; offene Beutelform \u00fcber die gesamte Breite unten<br \/>\n&#8211; Hand-zu-Kopf-P\u00e4sse<br \/>\n&#8211; wei\u00dfe Overlock rundherum<br \/>\n&#8211; Farbige Overlock am Fu\u00df (Garnfarben je nach Gr\u00f6\u00dfe: 140&#215;200: rot, 160&#215;210: blau, 240&#215;220: orange, 260&#215;240: gr\u00fcn, 280&#215;240: grau)<\/p>\n","protected":false},"excerpt":{"rendered":"<p>Maschinenw\u00e4sche bei 95\u00b0.<br \/>\nChlor und Bleichmittel verboten<br \/>\nTrocknen im Tumbler bei 80\u00b0.<br \/>\nB\u00fcgeln bei einer Temperatur von maximal 200\u00b0 C<br \/>\nNicht chemisch reinigen<\/p>\n<p><span class=\"ginetex\">  2 o a v U  <\/span><\/p>\n","protected":false},"featured_media":30513,"template":"","meta":{"_acf_changed":false},"label":[],"product_brand":[],"product_cat":[2815],"product_tag":[],"gamme":[1793],"matiere":[1637],"class_list":{"0":"post-53109","1":"product","2":"type-product","3":"status-publish","4":"has-post-thumbnail","6":"product_cat-bettdeckenbezug","7":"pa_couleur-weis-gestreift-0-5cm","8":"pa_couleur-weis-gestreift-2-0cm","9":"pa_couleur-weis-kariert","10":"pa_couleur-weis-uni","11":"pa_dimensions-140-200-cm","12":"pa_dimensions-160-210-cm","13":"pa_dimensions-240-220-cm","14":"pa_dimensions-260-240-cm","15":"pa_dimensions-280-240-cm","16":"pa_grammage-135grs-m","17":"pa_matiere-80-baumwolle-20-polyester-de","18":"gamme-edito-de","19":"matiere-polycotton","21":"first","22":"instock","23":"taxable","24":"shipping-taxable","25":"purchasable","26":"product-type-variable"},"acf":[],"df_price":24.44,"df_sale_price":"","df_regular_price":24.44,"df_image_link":"https:\/\/www.linvosges-hotellerie.com\/wp-content\/uploads\/2023\/01\/Linge-de-lit-edito-hotel-professionnel-linvosges-hotellerie-300x300.jpg","_links":{"self":[{"href":"https:\/\/www.linvosges-hotellerie.com\/de\/wp-json\/wp\/v2\/product\/53109","targetHints":{"allow":["GET"]}}],"collection":[{"href":"https:\/\/www.linvosges-hotellerie.com\/de\/wp-json\/wp\/v2\/product"}],"about":[{"href":"https:\/\/www.linvosges-hotellerie.com\/de\/wp-json\/wp\/v2\/types\/product"}],"wp:featuredmedia":[{"embeddable":true,"href":"https:\/\/www.linvosges-hotellerie.com\/de\/wp-json\/wp\/v2\/media\/30513"}],"wp:attachment":[{"href":"https:\/\/www.linvosges-hotellerie.com\/de\/wp-json\/wp\/v2\/media?parent=53109"}],"wp:term":[{"taxonomy":"label","embeddable":true,"href":"https:\/\/www.linvosges-hotellerie.com\/de\/wp-json\/wp\/v2\/label?post=53109"},{"taxonomy":"product_brand","embeddable":true,"href":"https:\/\/www.linvosges-hotellerie.com\/de\/wp-json\/wp\/v2\/product_brand?post=53109"},{"taxonomy":"product_cat","embeddable":true,"href":"https:\/\/www.linvosges-hotellerie.com\/de\/wp-json\/wp\/v2\/product_cat?post=53109"},{"taxonomy":"product_tag","embeddable":true,"href":"https:\/\/www.linvosges-hotellerie.com\/de\/wp-json\/wp\/v2\/product_tag?post=53109"},{"taxonomy":"gamme","embeddable":true,"href":"https:\/\/www.linvosges-hotellerie.com\/de\/wp-json\/wp\/v2\/gamme?post=53109"},{"taxonomy":"matiere","embeddable":true,"href":"https:\/\/www.linvosges-hotellerie.com\/de\/wp-json\/wp\/v2\/matiere?post=53109"}],"curies":[{"name":"wp","href":"https:\/\/api.w.org\/{rel}","templated":true}]}}