{"id":53234,"date":"2023-08-25T15:00:53","date_gmt":"2023-08-25T13:00:53","guid":{"rendered":"https:\/\/www.linvosges-hotellerie.com\/unkategorisiert\/bettdeckenbezug-anais-elfenbeinfarben\/"},"modified":"2023-08-25T15:00:53","modified_gmt":"2023-08-25T13:00:53","slug":"bettdeckenbezug-anais-elfenbeinfarben","status":"publish","type":"product","link":"https:\/\/www.linvosges-hotellerie.com\/de\/outlet-alles-auf-50-reduziert\/bettdeckenbezug-anais-elfenbeinfarben\/","title":{"rendered":"Bettdeckenbezug Ana\u00efs elfenbeinfarben"},"content":{"rendered":"<p>Bettdeckenbezug aus Perkal-Polybaumwolle 180 F\u00e4den\/in\u00b2. Die Webart aus langen, sich kreuzenden und dichten F\u00e4den verleiht ihm eine hohe Festigkeit.<br \/>\nDie Mischung aus Baumwolle und Polyester macht die Pflege Ihrer W\u00e4sche einfacher, d.h. schnelleres Trocknen und leichteres B\u00fcgeln.<\/p>\n<p>Form der Tasche + Handschlaufen<br \/>\nDie Verarbeitung unserer Bettbez\u00fcge ist so konzipiert, dass sie f\u00fcr den professionellen Gebrauch geeignet sind. Die offene Beutelkonstruktion \u00fcber die gesamte Breite und die zwei Handschlaufen am Kopf erm\u00f6glichen ein einfaches Anlegen. Die beiden Seiten wurden mit einer wei\u00dfen Bourdon-Naht an den Seiten und am Kopf zusammengen\u00e4ht, um der Pflege in der W\u00e4scherei zu entsprechen, insbesondere beim Durchgang durch die Mangel. Eine farbige Bourdon-Naht am Fu\u00dfende erm\u00f6glicht es Ihnen, den unteren Teil des Bezugs schnell zu identifizieren und die verschiedenen Gr\u00f6\u00dfen zu unterscheiden.<\/p>\n<p>Achtung: Begrenzte Best\u00e4nde<\/p>\n","protected":false},"excerpt":{"rendered":"<p>Maschinenw\u00e4sche bei 95\u00b0.<br \/>\nBleichen m\u00f6glich<br \/>\nTrocknen im Tumbler bei 60\u00b0.<br \/>\nB\u00fcgeln bei einer Temperatur von maximal 150\u00b0 C<br \/>\nNicht chemisch reinigen<\/p>\n<p><span class=\"ginetex\">  2 u s b U  <\/span><\/p>\n","protected":false},"featured_media":30697,"template":"","meta":{"_acf_changed":false},"label":[],"product_brand":[],"product_cat":[1538],"product_tag":[],"gamme":[1636],"matiere":[1637],"class_list":{"0":"post-53234","1":"product","2":"type-product","3":"status-publish","4":"has-post-thumbnail","6":"product_cat-outlet-alles-auf-50-reduziert","7":"pa_couleur-elfenbein","8":"pa_dimensions-240-220-cm","9":"pa_dimensions-260-240-cm","10":"pa_grammage-110grs-m","11":"pa_matiere-50-baumwolle-50-polyester","12":"gamme-anais-de","13":"matiere-polycotton","15":"first","16":"outofstock","17":"taxable","18":"shipping-taxable","19":"purchasable","20":"product-type-variable"},"acf":[],"df_price":21.89,"df_sale_price":"","df_regular_price":21.89,"df_image_link":"https:\/\/www.linvosges-hotellerie.com\/wp-content\/uploads\/2023\/08\/ANAIS-IVOIRE-1-300x300.png","_links":{"self":[{"href":"https:\/\/www.linvosges-hotellerie.com\/de\/wp-json\/wp\/v2\/product\/53234","targetHints":{"allow":["GET"]}}],"collection":[{"href":"https:\/\/www.linvosges-hotellerie.com\/de\/wp-json\/wp\/v2\/product"}],"about":[{"href":"https:\/\/www.linvosges-hotellerie.com\/de\/wp-json\/wp\/v2\/types\/product"}],"wp:featuredmedia":[{"embeddable":true,"href":"https:\/\/www.linvosges-hotellerie.com\/de\/wp-json\/wp\/v2\/media\/30697"}],"wp:attachment":[{"href":"https:\/\/www.linvosges-hotellerie.com\/de\/wp-json\/wp\/v2\/media?parent=53234"}],"wp:term":[{"taxonomy":"label","embeddable":true,"href":"https:\/\/www.linvosges-hotellerie.com\/de\/wp-json\/wp\/v2\/label?post=53234"},{"taxonomy":"product_brand","embeddable":true,"href":"https:\/\/www.linvosges-hotellerie.com\/de\/wp-json\/wp\/v2\/product_brand?post=53234"},{"taxonomy":"product_cat","embeddable":true,"href":"https:\/\/www.linvosges-hotellerie.com\/de\/wp-json\/wp\/v2\/product_cat?post=53234"},{"taxonomy":"product_tag","embeddable":true,"href":"https:\/\/www.linvosges-hotellerie.com\/de\/wp-json\/wp\/v2\/product_tag?post=53234"},{"taxonomy":"gamme","embeddable":true,"href":"https:\/\/www.linvosges-hotellerie.com\/de\/wp-json\/wp\/v2\/gamme?post=53234"},{"taxonomy":"matiere","embeddable":true,"href":"https:\/\/www.linvosges-hotellerie.com\/de\/wp-json\/wp\/v2\/matiere?post=53234"}],"curies":[{"name":"wp","href":"https:\/\/api.w.org\/{rel}","templated":true}]}}