{"id":53254,"date":"2023-09-17T21:09:35","date_gmt":"2023-09-17T19:09:35","guid":{"rendered":"https:\/\/www.linvosges-hotellerie.com\/unkategorisiert\/hotelbademantel-mit-schalkragen\/"},"modified":"2023-09-17T21:09:35","modified_gmt":"2023-09-17T19:09:35","slug":"hotelbademantel-mit-schalkragen","status":"publish","type":"product","link":"https:\/\/www.linvosges-hotellerie.com\/de\/outlet-alles-auf-50-reduziert\/hotelbademantel-mit-schalkragen\/","title":{"rendered":"Hotelbademantel mit Schalkragen"},"content":{"rendered":"<p>Saugf\u00e4higer Bademantel aus Frottee mit Schlingen aus einfachen F\u00e4den, 100% Baumwolle. Der Schalkragen ist umh\u00fcllend, er hat 2 Taschen und eine Brusttasche, einen Nackenb\u00fcgel und wird in der Taille mit einem G\u00fcrtel mit Schlaufen gebunden.<\/p>\n<p>Gr\u00f6\u00dfen: M, L, XL<\/p>\n","protected":false},"excerpt":{"rendered":"<p>Maschinenw\u00e4sche bei 60\u00b0.<br \/>\nChlor und Bleichmittel verboten<br \/>\nTrocknen im Tumbler bei 60\u00b0.<br \/>\nB\u00fcgeln bei einer Temperatur von maximal 150\u00b0 C<br \/>\nNicht chemisch reinigen<\/p>\n<p><span class=\"ginetex\">  4 o s b U  <\/span><\/p>\n","protected":false},"featured_media":53256,"template":"","meta":{"_acf_changed":false},"label":[],"product_brand":[],"product_cat":[1538],"product_tag":[],"gamme":[1610],"matiere":[1525],"class_list":{"0":"post-53254","1":"product","2":"type-product","3":"status-publish","4":"has-post-thumbnail","6":"product_cat-outlet-alles-auf-50-reduziert","7":"pa_couleur-weis","8":"pa_dimensions-l","9":"pa_dimensions-m","10":"pa_dimensions-xl","11":"pa_grammage-450grs-m","12":"pa_matiere-100-baumwolle","13":"gamme-hotelwesen","14":"matiere-baumwolle","16":"first","17":"outofstock","18":"taxable","19":"shipping-taxable","20":"product-type-variable","21":"has-default-attributes"},"acf":[],"df_price":"","df_sale_price":"","df_regular_price":"","df_image_link":"https:\/\/www.linvosges-hotellerie.com\/wp-content\/uploads\/2023\/09\/PEIGNOIR-HOTELLERIE-COL-CHALE-300x300.png","_links":{"self":[{"href":"https:\/\/www.linvosges-hotellerie.com\/de\/wp-json\/wp\/v2\/product\/53254","targetHints":{"allow":["GET"]}}],"collection":[{"href":"https:\/\/www.linvosges-hotellerie.com\/de\/wp-json\/wp\/v2\/product"}],"about":[{"href":"https:\/\/www.linvosges-hotellerie.com\/de\/wp-json\/wp\/v2\/types\/product"}],"wp:featuredmedia":[{"embeddable":true,"href":"https:\/\/www.linvosges-hotellerie.com\/de\/wp-json\/wp\/v2\/media\/53256"}],"wp:attachment":[{"href":"https:\/\/www.linvosges-hotellerie.com\/de\/wp-json\/wp\/v2\/media?parent=53254"}],"wp:term":[{"taxonomy":"label","embeddable":true,"href":"https:\/\/www.linvosges-hotellerie.com\/de\/wp-json\/wp\/v2\/label?post=53254"},{"taxonomy":"product_brand","embeddable":true,"href":"https:\/\/www.linvosges-hotellerie.com\/de\/wp-json\/wp\/v2\/product_brand?post=53254"},{"taxonomy":"product_cat","embeddable":true,"href":"https:\/\/www.linvosges-hotellerie.com\/de\/wp-json\/wp\/v2\/product_cat?post=53254"},{"taxonomy":"product_tag","embeddable":true,"href":"https:\/\/www.linvosges-hotellerie.com\/de\/wp-json\/wp\/v2\/product_tag?post=53254"},{"taxonomy":"gamme","embeddable":true,"href":"https:\/\/www.linvosges-hotellerie.com\/de\/wp-json\/wp\/v2\/gamme?post=53254"},{"taxonomy":"matiere","embeddable":true,"href":"https:\/\/www.linvosges-hotellerie.com\/de\/wp-json\/wp\/v2\/matiere?post=53254"}],"curies":[{"name":"wp","href":"https:\/\/api.w.org\/{rel}","templated":true}]}}