{"id":53361,"date":"2023-09-22T12:29:23","date_gmt":"2023-09-22T10:29:23","guid":{"rendered":"https:\/\/www.linvosges-hotellerie.com\/unkategorisiert\/revotel-350grs-m%c2%b2-doppelbettdecke\/"},"modified":"2023-09-22T12:29:23","modified_gmt":"2023-09-22T10:29:23","slug":"revotel-350grs-m%c2%b2-doppelbettdecke","status":"publish","type":"product","link":"https:\/\/www.linvosges-hotellerie.com\/de\/bettwasche-de\/bettdecke\/revotel-350grs-m%c2%b2-doppelbettdecke\/","title":{"rendered":"Revotel 350grs\/m\u00b2 Doppelbettdecke"},"content":{"rendered":"<p>Die Bettdecken k\u00f6nnen mit 4 Druckkn\u00f6pfen in der L\u00e4nge verbunden werden.<\/p>\n<p>H\u00fclle aus emerisierter Mikrofaser &#8211; F\u00fcllung aus Polyester 350grs\/m\u00b2 f\u00fcr alle Jahreszeiten.<\/p>\n<p>Abschluss mit parallelen Wellen und umlaufendem Bourdon-Overlock<\/p>\n","protected":false},"excerpt":{"rendered":"<p>Maschinenw\u00e4sche bei 40\u00b0.<br \/>\nChlor und Bleichmittel verboten<br \/>\nTrocknen im Tumbler bei 60\u00b0.<br \/>\nB\u00fcgeln verboten<br \/>\nF\u00fcr die chemische Reinigung zugelassene Produkte: Perchlorethylen, Kohlenwasserstoffe<br \/>\n<span class=\"ginetex\">  8 o s m W  <\/span><\/p>\n","protected":false},"featured_media":53358,"template":"","meta":{"_acf_changed":false},"label":[],"product_brand":[],"product_cat":[2702,2370,1538],"product_tag":[],"gamme":[2873],"matiere":[1765],"class_list":{"0":"post-53361","1":"product","2":"type-product","3":"status-publish","4":"has-post-thumbnail","6":"product_cat-bettdecke","7":"product_cat-bettwasche-de","8":"product_cat-outlet-alles-auf-50-reduziert","9":"pa_couleur-weis","10":"pa_dimensions-2-x-140-240-cm","11":"pa_grammage-350grs-m","12":"pa_matiere-fullung-aus-100-polyesterfasern-mit-vliesstoff-hulle-aus-polyestermikrofaser","13":"gamme-revotel-de","14":"matiere-polyester-de","16":"first","17":"outofstock","18":"taxable","19":"shipping-taxable","20":"product-type-variable","21":"has-default-attributes"},"acf":[],"df_price":"","df_sale_price":"","df_regular_price":"","df_image_link":"https:\/\/www.linvosges-hotellerie.com\/wp-content\/uploads\/2023\/09\/COUETTE-REVOTEL-JUMELABLE-300x300.png","_links":{"self":[{"href":"https:\/\/www.linvosges-hotellerie.com\/de\/wp-json\/wp\/v2\/product\/53361","targetHints":{"allow":["GET"]}}],"collection":[{"href":"https:\/\/www.linvosges-hotellerie.com\/de\/wp-json\/wp\/v2\/product"}],"about":[{"href":"https:\/\/www.linvosges-hotellerie.com\/de\/wp-json\/wp\/v2\/types\/product"}],"wp:featuredmedia":[{"embeddable":true,"href":"https:\/\/www.linvosges-hotellerie.com\/de\/wp-json\/wp\/v2\/media\/53358"}],"wp:attachment":[{"href":"https:\/\/www.linvosges-hotellerie.com\/de\/wp-json\/wp\/v2\/media?parent=53361"}],"wp:term":[{"taxonomy":"label","embeddable":true,"href":"https:\/\/www.linvosges-hotellerie.com\/de\/wp-json\/wp\/v2\/label?post=53361"},{"taxonomy":"product_brand","embeddable":true,"href":"https:\/\/www.linvosges-hotellerie.com\/de\/wp-json\/wp\/v2\/product_brand?post=53361"},{"taxonomy":"product_cat","embeddable":true,"href":"https:\/\/www.linvosges-hotellerie.com\/de\/wp-json\/wp\/v2\/product_cat?post=53361"},{"taxonomy":"product_tag","embeddable":true,"href":"https:\/\/www.linvosges-hotellerie.com\/de\/wp-json\/wp\/v2\/product_tag?post=53361"},{"taxonomy":"gamme","embeddable":true,"href":"https:\/\/www.linvosges-hotellerie.com\/de\/wp-json\/wp\/v2\/gamme?post=53361"},{"taxonomy":"matiere","embeddable":true,"href":"https:\/\/www.linvosges-hotellerie.com\/de\/wp-json\/wp\/v2\/matiere?post=53361"}],"curies":[{"name":"wp","href":"https:\/\/api.w.org\/{rel}","templated":true}]}}