{"id":53425,"date":"2023-09-22T15:33:43","date_gmt":"2023-09-22T13:33:43","guid":{"rendered":"https:\/\/www.linvosges-hotellerie.com\/unkategorisiert\/softimper-beschichtete-baumwollunterlage\/"},"modified":"2026-04-20T00:06:55","modified_gmt":"2026-04-19T22:06:55","slug":"softimper-beschichtete-baumwollunterlage","status":"publish","type":"product","link":"https:\/\/www.linvosges-hotellerie.com\/de\/bettwasche-de\/krankenunterlage\/softimper-beschichtete-baumwollunterlage\/","title":{"rendered":"Softimper beschichtete Baumwollunterlage"},"content":{"rendered":"<p>Diese Unterlage aus angerautem Baumwollfrottee ist dank ihrer Polyurethanbeschichtung absolut wasserdicht. Dieser Schutz ist au\u00dferdem atmungsaktiv und ger\u00e4uscharm f\u00fcr einen ausgezeichneten Schlafkomfort.<\/p>\n<p>Form des Bezugs 30cm M\u00fctze oder 35cm M\u00fctze<\/p>\n<p>Form des Tabletts<\/p>\n","protected":false},"excerpt":{"rendered":"<p>Maschinenw\u00e4sche bei 60\u00b0.<br \/>\nChlor und Bleichmittel verboten<br \/>\nW\u00e4schetrockner verboten<br \/>\nB\u00fcgeln bei einer Temperatur von bis zu 110\u00b0, ohne Dampf<br \/>\nNicht chemisch reinigen<br \/>\n<span class=\"ginetex\">  4 o d n U  <\/span><\/p>\n","protected":false},"featured_media":53427,"template":"","meta":{"_acf_changed":false},"label":[],"product_brand":[],"product_cat":[2370,2274,2880],"product_tag":[],"gamme":[2372],"matiere":[1525,2373],"class_list":{"0":"post-53425","1":"product","2":"type-product","3":"status-publish","4":"has-post-thumbnail","6":"product_cat-bettwasche-de","7":"product_cat-expertenrat","8":"product_cat-krankenunterlage","9":"pa_couleur-weis","10":"pa_dimensions-100-200-cm","11":"pa_dimensions-140-190-cm","12":"pa_dimensions-140-200-cm","13":"pa_dimensions-160-200-cm","14":"pa_dimensions-180x200-cm","15":"pa_dimensions-200-200-cm","16":"pa_dimensions-80-190-cm","17":"pa_dimensions-80-200-cm","18":"pa_dimensions-90-190-cm","19":"pa_dimensions-90-200-cm","20":"pa_forme-form-des-tabletts","21":"pa_grammage-200grs-m","22":"pa_matiere-aufgerauter-schwamm-aus-100-baumwolle-mit-polyurethan-beschichtung","23":"gamme-softimper-de","24":"matiere-baumwolle","25":"matiere-polyurethan","27":"first","28":"instock","29":"taxable","30":"shipping-taxable","31":"purchasable","32":"product-type-variable","33":"has-default-attributes"},"acf":[],"df_price":18,"df_sale_price":"","df_regular_price":18,"df_image_link":"https:\/\/www.linvosges-hotellerie.com\/wp-content\/uploads\/2020\/12\/alese-softimper-coton-enduit-200-grs-m2-hotel-professionnel-linvosges-hotellerie-300x300.jpg","_links":{"self":[{"href":"https:\/\/www.linvosges-hotellerie.com\/de\/wp-json\/wp\/v2\/product\/53425","targetHints":{"allow":["GET"]}}],"collection":[{"href":"https:\/\/www.linvosges-hotellerie.com\/de\/wp-json\/wp\/v2\/product"}],"about":[{"href":"https:\/\/www.linvosges-hotellerie.com\/de\/wp-json\/wp\/v2\/types\/product"}],"wp:featuredmedia":[{"embeddable":true,"href":"https:\/\/www.linvosges-hotellerie.com\/de\/wp-json\/wp\/v2\/media\/53427"}],"wp:attachment":[{"href":"https:\/\/www.linvosges-hotellerie.com\/de\/wp-json\/wp\/v2\/media?parent=53425"}],"wp:term":[{"taxonomy":"label","embeddable":true,"href":"https:\/\/www.linvosges-hotellerie.com\/de\/wp-json\/wp\/v2\/label?post=53425"},{"taxonomy":"product_brand","embeddable":true,"href":"https:\/\/www.linvosges-hotellerie.com\/de\/wp-json\/wp\/v2\/product_brand?post=53425"},{"taxonomy":"product_cat","embeddable":true,"href":"https:\/\/www.linvosges-hotellerie.com\/de\/wp-json\/wp\/v2\/product_cat?post=53425"},{"taxonomy":"product_tag","embeddable":true,"href":"https:\/\/www.linvosges-hotellerie.com\/de\/wp-json\/wp\/v2\/product_tag?post=53425"},{"taxonomy":"gamme","embeddable":true,"href":"https:\/\/www.linvosges-hotellerie.com\/de\/wp-json\/wp\/v2\/gamme?post=53425"},{"taxonomy":"matiere","embeddable":true,"href":"https:\/\/www.linvosges-hotellerie.com\/de\/wp-json\/wp\/v2\/matiere?post=53425"}],"curies":[{"name":"wp","href":"https:\/\/api.w.org\/{rel}","templated":true}]}}