{"id":53496,"date":"2023-10-11T13:08:24","date_gmt":"2023-10-11T11:08:24","guid":{"rendered":"https:\/\/www.linvosges-hotellerie.com\/unkategorisiert\/flanelldecke-kuschelnest-rot\/"},"modified":"2023-10-11T13:08:24","modified_gmt":"2023-10-11T11:08:24","slug":"flanelldecke-kuschelnest-rot","status":"publish","type":"product","link":"https:\/\/www.linvosges-hotellerie.com\/de\/outlet-alles-auf-50-reduziert\/flanelldecke-kuschelnest-rot\/","title":{"rendered":"Flanelldecke Kuschelnest rot"},"content":{"rendered":"<p>Eine warme Flanelldecke mit ultraweichem Pl\u00fcschgef\u00fchl &#8211; Doppelte Saumabschl\u00fcsse<\/p>\n<p>Rot nur auf Lager<\/p>\n<p>Achtung: Begrenzte Best\u00e4nde<\/p>\n<p>&nbsp;<\/p>\n","protected":false},"excerpt":{"rendered":"<p>Maschinenw\u00e4sche bei 30\u00b0.<br \/>\nChlor und Bleichmittel verboten<br \/>\nW\u00e4schetrockner verboten<br \/>\nB\u00fcgeln verboten<br \/>\nNicht chemisch reinigen<br \/>\n<span class=\"ginetex\">  w o d m U  <\/span><\/p>\n","protected":false},"featured_media":52033,"template":"","meta":{"_acf_changed":false},"label":[],"product_brand":[],"product_cat":[1538],"product_tag":[],"gamme":[2751],"matiere":[1765],"class_list":{"0":"post-53496","1":"product","2":"type-product","3":"status-publish","4":"has-post-thumbnail","6":"product_cat-outlet-alles-auf-50-reduziert","7":"pa_couleur-rot","8":"pa_dimensions-180-220-cm","9":"pa_dimensions-220-235-cm","10":"pa_dimensions-235-260-cm","11":"pa_dimensions-235-300-cm","12":"pa_grammage-400grs-m","13":"pa_matiere-100-polyester-de","14":"gamme-kuscheliges-nest","15":"matiere-polyester-de","17":"first","18":"outofstock","19":"sale","20":"taxable","21":"shipping-taxable","22":"purchasable","23":"product-type-variable","24":"has-default-attributes"},"acf":[],"df_price":17.77,"df_sale_price":"","df_regular_price":17.77,"df_image_link":"https:\/\/www.linvosges-hotellerie.com\/wp-content\/uploads\/2020\/12\/couverture-flanelle-400-grs-m2-nid-douillet-hotel-professionnel-linvosges-hotellerie-300x300.jpg","_links":{"self":[{"href":"https:\/\/www.linvosges-hotellerie.com\/de\/wp-json\/wp\/v2\/product\/53496","targetHints":{"allow":["GET"]}}],"collection":[{"href":"https:\/\/www.linvosges-hotellerie.com\/de\/wp-json\/wp\/v2\/product"}],"about":[{"href":"https:\/\/www.linvosges-hotellerie.com\/de\/wp-json\/wp\/v2\/types\/product"}],"wp:featuredmedia":[{"embeddable":true,"href":"https:\/\/www.linvosges-hotellerie.com\/de\/wp-json\/wp\/v2\/media\/52033"}],"wp:attachment":[{"href":"https:\/\/www.linvosges-hotellerie.com\/de\/wp-json\/wp\/v2\/media?parent=53496"}],"wp:term":[{"taxonomy":"label","embeddable":true,"href":"https:\/\/www.linvosges-hotellerie.com\/de\/wp-json\/wp\/v2\/label?post=53496"},{"taxonomy":"product_brand","embeddable":true,"href":"https:\/\/www.linvosges-hotellerie.com\/de\/wp-json\/wp\/v2\/product_brand?post=53496"},{"taxonomy":"product_cat","embeddable":true,"href":"https:\/\/www.linvosges-hotellerie.com\/de\/wp-json\/wp\/v2\/product_cat?post=53496"},{"taxonomy":"product_tag","embeddable":true,"href":"https:\/\/www.linvosges-hotellerie.com\/de\/wp-json\/wp\/v2\/product_tag?post=53496"},{"taxonomy":"gamme","embeddable":true,"href":"https:\/\/www.linvosges-hotellerie.com\/de\/wp-json\/wp\/v2\/gamme?post=53496"},{"taxonomy":"matiere","embeddable":true,"href":"https:\/\/www.linvosges-hotellerie.com\/de\/wp-json\/wp\/v2\/matiere?post=53496"}],"curies":[{"name":"wp","href":"https:\/\/api.w.org\/{rel}","templated":true}]}}