{"id":53512,"date":"2023-12-07T16:21:10","date_gmt":"2023-12-07T15:21:10","guid":{"rendered":"https:\/\/www.linvosges-hotellerie.com\/unkategorisiert\/matratze-comtesse\/"},"modified":"2023-12-07T16:21:10","modified_gmt":"2023-12-07T15:21:10","slug":"matratze-comtesse","status":"publish","type":"product","link":"https:\/\/www.linvosges-hotellerie.com\/de\/bettwasche-de\/matratzen\/matratze-comtesse\/","title":{"rendered":"Matratze Comtesse"},"content":{"rendered":"<p>Die Matratze Comtesse, die f\u00fcr 3- und 4-Sterne-Hotels bestimmt ist, besteht aus Taschenfedern mit einer umlaufenden Schaumstoffeinlage. Die Kurven des K\u00f6rpers werden durch die einzeln umh\u00fcllten Federn perfekt absorbiert. Au\u00dferdem erm\u00f6glichen sie eine nat\u00fcrliche Luftzirkulation und regulieren so die Temperatur und die Luftfeuchtigkeit f\u00fcr einen Komfort wie in einem gro\u00dfen Hotel. Die gute Festigkeit der Matratze garantiert eine optimale K\u00f6rperunterst\u00fctzung.<\/p>\n<p><strong>ST\u00c4RKEN :<\/strong><\/p>\n<ul>\n<li><strong>Ergonomie:<\/strong> Der Taschenfederkern passt sich jeder Morphologie an und erm\u00f6glicht eine bessere Blutzirkulation sowie eine Reduzierung von R\u00fccken- und Gelenkschmerzen.<\/li>\n<li><strong>Weniger n\u00e4chtliches Aufwachen:<\/strong> Die Taschenfederkerne absorbieren Bewegungen und sorgen f\u00fcr einen weniger gest\u00f6rten und somit erholsameren Schlaf.<\/li>\n<li>Ausgewogener <strong>Komfort:<\/strong> Die ausgewogene Aufnahme und die feste Unterst\u00fctzung der Matratze sorgen f\u00fcr eine ausgezeichnete Unterst\u00fctzung des K\u00f6rpers und insbesondere der Wirbels\u00e4ule.<\/li>\n<li><strong>Optimierte Bel\u00fcftung:<\/strong> Die Matratze verf\u00fcgt \u00fcber eine sehr gute Bel\u00fcftung, was zu einer besseren Hygiene und einer l\u00e4ngeren Lebensdauer Ihrer Bettwaren f\u00fchrt.<\/li>\n<li><strong>Hygiene:<\/strong> Der Taschenfederkern verleiht der Matratze eine ausgezeichnete Bel\u00fcftung, was zu einer ges\u00fcnderen Bettw\u00e4sche im Alltag und im Laufe der Zeit f\u00fchrt.<\/li>\n<\/ul>\n<p><strong>MERKMALE :<\/strong><\/p>\n<ul>\n<li><strong>Dicke der Matratze:<\/strong> 24 cm<\/li>\n<li><strong>Technologie:<\/strong> Taschenfederkern<\/li>\n<li><strong>Startseite :<\/strong> Ausgewogen<\/li>\n<li><strong>Unterst\u00fctzung:<\/strong> Fest &#8211; 4\/5<\/li>\n<li><strong>Liegeunabh\u00e4ngigkeit:<\/strong> Sehr gut<\/li>\n<li><strong>Bel\u00fcftung:<\/strong> Ausgezeichnet<\/li>\n<li><strong>Herstellung:<\/strong> Made in France<\/li>\n<li><strong>Abnehmbarer Bezug:<\/strong> Ja<\/li>\n<li><strong>Verpackung:<\/strong> Gerollt oder flach<\/li>\n<li><strong>Garantie:<\/strong> 10 Jahre<\/li>\n<\/ul>\n<p>&nbsp;<\/p>\n","protected":false},"excerpt":{"rendered":"<p><strong>ZUSAMMENSETZUNG :<\/strong><\/p>\n<ul>\n<li><strong>Innenkern der Matratze:<\/strong> 18 cm <strong>Taschenfederkern<\/strong>, d.h. 850 Taschenfedern (auf der Grundlage einer 160&#215;200 cm gro\u00dfen Matratze) + 2 cm Poly\u00e4therschaum mit einer Dichte von 25 kg\/m3 oben und unten. Randverst\u00e4rkte Karkasse f\u00fcr einen ausgezeichneten Halt beim Sitzen und zur Vermeidung von Einsinken.<\/li>\n<\/ul>\n<ul>\n<li><strong>Bezug und F\u00fcllung :<\/strong><\/li>\n<\/ul>\n<ul>\n<li>320 gr\/m\u00b2 Stretchgewebe + zentrale Stickerei &#8220;La ling\u00e8re&#8221;.<\/li>\n<li>16 mm Hypersoft-Schaum + 500 g silikonisierte Polyesterfaser<\/li>\n<li>Wei\u00dfes Galon<\/li>\n<li>Rutschfeste Coutil auf der Unterseite<\/li>\n<li>4 Umdrehungsgriffe f\u00fcr eine einfache Handhabung<\/li>\n<li>Etikett &#8220;Linvosges By Bellecour &#8211; made in France&#8221;.<\/li>\n<\/ul>\n","protected":false},"featured_media":63217,"template":"","meta":{"_acf_changed":false},"label":[],"product_brand":[],"product_cat":[2370,2890],"product_tag":[],"gamme":[2889],"matiere":[],"class_list":{"0":"post-53512","1":"product","2":"type-product","3":"status-publish","4":"has-post-thumbnail","6":"product_cat-bettwasche-de","7":"product_cat-matratzen","8":"pa_dimensions-140-190-cm","9":"pa_dimensions-140-200-cm","10":"pa_dimensions-160-200-cm","11":"pa_dimensions-180x200-cm","12":"pa_dimensions-90-190-cm","13":"pa_dimensions-90-200-cm","14":"gamme-grafin","16":"first","17":"instock","18":"taxable","19":"shipping-taxable","20":"purchasable","21":"product-type-variable"},"acf":[],"df_price":"","df_sale_price":"","df_regular_price":"","df_image_link":"https:\/\/www.linvosges-hotellerie.com\/wp-content\/uploads\/2023\/12\/MATELAS-COMTESSE-300x300.jpg","_links":{"self":[{"href":"https:\/\/www.linvosges-hotellerie.com\/de\/wp-json\/wp\/v2\/product\/53512","targetHints":{"allow":["GET"]}}],"collection":[{"href":"https:\/\/www.linvosges-hotellerie.com\/de\/wp-json\/wp\/v2\/product"}],"about":[{"href":"https:\/\/www.linvosges-hotellerie.com\/de\/wp-json\/wp\/v2\/types\/product"}],"wp:featuredmedia":[{"embeddable":true,"href":"https:\/\/www.linvosges-hotellerie.com\/de\/wp-json\/wp\/v2\/media\/63217"}],"wp:attachment":[{"href":"https:\/\/www.linvosges-hotellerie.com\/de\/wp-json\/wp\/v2\/media?parent=53512"}],"wp:term":[{"taxonomy":"label","embeddable":true,"href":"https:\/\/www.linvosges-hotellerie.com\/de\/wp-json\/wp\/v2\/label?post=53512"},{"taxonomy":"product_brand","embeddable":true,"href":"https:\/\/www.linvosges-hotellerie.com\/de\/wp-json\/wp\/v2\/product_brand?post=53512"},{"taxonomy":"product_cat","embeddable":true,"href":"https:\/\/www.linvosges-hotellerie.com\/de\/wp-json\/wp\/v2\/product_cat?post=53512"},{"taxonomy":"product_tag","embeddable":true,"href":"https:\/\/www.linvosges-hotellerie.com\/de\/wp-json\/wp\/v2\/product_tag?post=53512"},{"taxonomy":"gamme","embeddable":true,"href":"https:\/\/www.linvosges-hotellerie.com\/de\/wp-json\/wp\/v2\/gamme?post=53512"},{"taxonomy":"matiere","embeddable":true,"href":"https:\/\/www.linvosges-hotellerie.com\/de\/wp-json\/wp\/v2\/matiere?post=53512"}],"curies":[{"name":"wp","href":"https:\/\/api.w.org\/{rel}","templated":true}]}}