{"id":53553,"date":"2020-12-16T00:47:23","date_gmt":"2020-12-15T23:47:23","guid":{"rendered":"https:\/\/www.linvosges-hotellerie.com\/unkategorisiert\/kimono-bademantel-spa-wabe\/"},"modified":"2020-12-16T00:47:23","modified_gmt":"2020-12-15T23:47:23","slug":"kimono-bademantel-spa-wabe","status":"publish","type":"product","link":"https:\/\/www.linvosges-hotellerie.com\/de\/die-schwamme\/bademantel\/kimono-bademantel-spa-wabe\/","title":{"rendered":"Kimono-Bademantel Spa Wabe"},"content":{"rendered":"<p>Ein leichter und saugf\u00e4higer Bademantel aus reiner Baumwolle mit Wabenstruktur (200 g\/m\u00b2). Kimonokragen, 2 Taschen, Nackenband und G\u00fcrtel mit G\u00fcrtelschlaufen in der Taille.<br \/>\nEin unverzichtbares Accessoire, um Ihren G\u00e4sten in Ihrem Badezimmer oder Spa-Bereich zus\u00e4tzlichen Komfort zu bieten. Sein geringes Gewicht erm\u00f6glicht ein schnelles Trocknen und spart Platz in Ihrer W\u00e4schekammer.<\/p>\n<p>Gr\u00f6\u00dfen: M, L, XL<\/p>\n","protected":false},"excerpt":{"rendered":"<p>Maschinenw\u00e4sche bei 60\u00b0.<br \/>\nBleichen mit sauerstoffhaltigen\/nicht chlorhaltigen Mitteln m\u00f6glich<br \/>\nTrocknen im Tumbler bei 60\u00b0.<br \/>\nB\u00fcgeln bei einer Temperatur von maximal 150\u00b0 C<br \/>\nNicht chemisch reinigen<\/p>\n<div class=\"ginetex\">4 i s b U<\/div>\n","protected":false},"featured_media":53556,"template":"","meta":{"_acf_changed":false},"label":[],"product_brand":[],"product_cat":[2599,1586],"product_tag":[],"gamme":[2899],"matiere":[1525],"class_list":{"0":"post-53553","1":"product","2":"type-product","3":"status-publish","4":"has-post-thumbnail","6":"product_cat-bademantel","7":"product_cat-die-schwamme","8":"pa_couleur-weis","9":"pa_dimensions-l","10":"pa_dimensions-m","11":"pa_dimensions-xl","12":"pa_dimensions-xxl","13":"pa_grammage-200grs-m","14":"pa_matiere-100-einlaufvorbehandelte-baumwolle","15":"gamme-wabenformiges-spa","16":"matiere-baumwolle","18":"first","19":"outofstock","20":"taxable","21":"shipping-taxable","22":"purchasable","23":"product-type-variable","24":"has-default-attributes"},"acf":[],"df_price":33.55,"df_sale_price":"","df_regular_price":33.55,"df_image_link":"https:\/\/www.linvosges-hotellerie.com\/wp-content\/uploads\/2020\/12\/peignoir-kimono-spa-nid-d-abeille-200-grs-m2-hotel-professionnel-linvosges-hotellerie-300x300.jpg","_links":{"self":[{"href":"https:\/\/www.linvosges-hotellerie.com\/de\/wp-json\/wp\/v2\/product\/53553","targetHints":{"allow":["GET"]}}],"collection":[{"href":"https:\/\/www.linvosges-hotellerie.com\/de\/wp-json\/wp\/v2\/product"}],"about":[{"href":"https:\/\/www.linvosges-hotellerie.com\/de\/wp-json\/wp\/v2\/types\/product"}],"wp:featuredmedia":[{"embeddable":true,"href":"https:\/\/www.linvosges-hotellerie.com\/de\/wp-json\/wp\/v2\/media\/53556"}],"wp:attachment":[{"href":"https:\/\/www.linvosges-hotellerie.com\/de\/wp-json\/wp\/v2\/media?parent=53553"}],"wp:term":[{"taxonomy":"label","embeddable":true,"href":"https:\/\/www.linvosges-hotellerie.com\/de\/wp-json\/wp\/v2\/label?post=53553"},{"taxonomy":"product_brand","embeddable":true,"href":"https:\/\/www.linvosges-hotellerie.com\/de\/wp-json\/wp\/v2\/product_brand?post=53553"},{"taxonomy":"product_cat","embeddable":true,"href":"https:\/\/www.linvosges-hotellerie.com\/de\/wp-json\/wp\/v2\/product_cat?post=53553"},{"taxonomy":"product_tag","embeddable":true,"href":"https:\/\/www.linvosges-hotellerie.com\/de\/wp-json\/wp\/v2\/product_tag?post=53553"},{"taxonomy":"gamme","embeddable":true,"href":"https:\/\/www.linvosges-hotellerie.com\/de\/wp-json\/wp\/v2\/gamme?post=53553"},{"taxonomy":"matiere","embeddable":true,"href":"https:\/\/www.linvosges-hotellerie.com\/de\/wp-json\/wp\/v2\/matiere?post=53553"}],"curies":[{"name":"wp","href":"https:\/\/api.w.org\/{rel}","templated":true}]}}