{"id":53568,"date":"2020-11-27T12:47:40","date_gmt":"2020-11-27T11:47:40","guid":{"rendered":"https:\/\/www.linvosges-hotellerie.com\/unkategorisiert\/renovierung-der-matratze-mit-wasserdichter-anti-wanzenschicht\/"},"modified":"2026-04-17T00:08:19","modified_gmt":"2026-04-16T22:08:19","slug":"renovierung-der-matratze-mit-wasserdichter-anti-wanzenschicht","status":"publish","type":"product","link":"https:\/\/www.linvosges-hotellerie.com\/de\/bettwasche-de\/krankenunterlage\/renovierung-der-matratze-mit-wasserdichter-anti-wanzenschicht\/","title":{"rendered":"Renovierung der Matratze mit wasserdichter Anti-Wanzenschicht"},"content":{"rendered":"<p>Eine komplette Matratzenh\u00fclle, um Bettwanzen und alle Arten von Parasiten fernzuhalten. Wasserdicht und atmungsaktiv. Einfaches und schnelles Anbringen durch einen U-f\u00f6rmigen Rei\u00dfverschluss. F\u00fcr Matratzen mit einer Dicke von 22 bis 27 cm.<\/p>\n","protected":false},"excerpt":{"rendered":"<p>Maschinenw\u00e4sche bei 60\u00b0 Feinw\u00e4sche<br \/>\nChlor und Bleichmittel verboten<br \/>\nTrocknen im Tumbler bei 60\u00b0.<br \/>\nB\u00fcgeln verboten<br \/>\nNicht chemisch reinigen<br \/>\n<span class=\"ginetex\">  4 o s m U  <\/span><\/p>\n","protected":false},"featured_media":53571,"template":"","meta":{"_acf_changed":false},"label":[],"product_brand":[],"product_cat":[2370,2880],"product_tag":[3289],"gamme":[2904],"matiere":[1765,2373],"class_list":{"0":"post-53568","1":"product","2":"type-product","3":"status-publish","4":"has-post-thumbnail","6":"product_cat-bettwasche-de","7":"product_cat-krankenunterlage","8":"product_tag-no-oekotex-de","9":"pa_couleur-weis","10":"pa_dimensions-140-190-a-200-cm","11":"pa_dimensions-160-200-cm","12":"pa_dimensions-180x200-cm","13":"pa_dimensions-90-190-a-200-cm","14":"pa_grammage-99grs-m","15":"pa_matiere-100-polyester-interlock-mit-100-polyurethan-membrane","16":"gamme-schadlingsbekampfung","17":"matiere-polyester-de","18":"matiere-polyurethan","20":"first","21":"instock","22":"taxable","23":"shipping-taxable","24":"purchasable","25":"product-type-variable","26":"has-default-attributes"},"acf":[],"df_price":23.79,"df_sale_price":"","df_regular_price":23.79,"df_image_link":"https:\/\/www.linvosges-hotellerie.com\/wp-content\/uploads\/2020\/12\/renove-matelas-impermeable-anti-punaises-hotel-professionnel-linvosges-hotellerie-300x300.jpg","_links":{"self":[{"href":"https:\/\/www.linvosges-hotellerie.com\/de\/wp-json\/wp\/v2\/product\/53568","targetHints":{"allow":["GET"]}}],"collection":[{"href":"https:\/\/www.linvosges-hotellerie.com\/de\/wp-json\/wp\/v2\/product"}],"about":[{"href":"https:\/\/www.linvosges-hotellerie.com\/de\/wp-json\/wp\/v2\/types\/product"}],"wp:featuredmedia":[{"embeddable":true,"href":"https:\/\/www.linvosges-hotellerie.com\/de\/wp-json\/wp\/v2\/media\/53571"}],"wp:attachment":[{"href":"https:\/\/www.linvosges-hotellerie.com\/de\/wp-json\/wp\/v2\/media?parent=53568"}],"wp:term":[{"taxonomy":"label","embeddable":true,"href":"https:\/\/www.linvosges-hotellerie.com\/de\/wp-json\/wp\/v2\/label?post=53568"},{"taxonomy":"product_brand","embeddable":true,"href":"https:\/\/www.linvosges-hotellerie.com\/de\/wp-json\/wp\/v2\/product_brand?post=53568"},{"taxonomy":"product_cat","embeddable":true,"href":"https:\/\/www.linvosges-hotellerie.com\/de\/wp-json\/wp\/v2\/product_cat?post=53568"},{"taxonomy":"product_tag","embeddable":true,"href":"https:\/\/www.linvosges-hotellerie.com\/de\/wp-json\/wp\/v2\/product_tag?post=53568"},{"taxonomy":"gamme","embeddable":true,"href":"https:\/\/www.linvosges-hotellerie.com\/de\/wp-json\/wp\/v2\/gamme?post=53568"},{"taxonomy":"matiere","embeddable":true,"href":"https:\/\/www.linvosges-hotellerie.com\/de\/wp-json\/wp\/v2\/matiere?post=53568"}],"curies":[{"name":"wp","href":"https:\/\/api.w.org\/{rel}","templated":true}]}}