{"id":53638,"date":"2020-12-16T00:47:27","date_gmt":"2020-12-15T23:47:27","guid":{"rendered":"https:\/\/www.linvosges-hotellerie.com\/unkategorisiert\/bademantel-aus-mikrofaserfrottee-douceur\/"},"modified":"2020-12-16T00:47:27","modified_gmt":"2020-12-15T23:47:27","slug":"bademantel-aus-mikrofaserfrottee-douceur","status":"publish","type":"product","link":"https:\/\/www.linvosges-hotellerie.com\/de\/outlet-alles-auf-50-reduziert\/bademantel-aus-mikrofaserfrottee-douceur\/","title":{"rendered":"Bademantel aus Mikrofaserfrottee Douceur"},"content":{"rendered":"<p>Ein Bademantel aus Mikrofaser-Frottee 290grs\/m\u00b2. Der Schalkragen ist umh\u00fcllend, mit 2 Taschen, einem Nackenband und einem G\u00fcrtel mit Schlaufen in der Taille. Innen Frottee, au\u00dfen Mikrofaser<br \/>\nEin unverzichtbares Accessoire, um Ihren G\u00e4sten in Ihrem Badezimmer oder Spa-Bereich zus\u00e4tzlichen Komfort zu bieten.<\/p>\n<p>Gr\u00f6\u00dfen: M, L, XL<\/p>\n<p>Achtung: Begrenzte Best\u00e4nde<\/p>\n<p><em>Das Produkt wird ohne Stickerei verkauft. Klicken Sie auf &#8220;Stickerei hinzuf\u00fcgen&#8221;, um ein Angebot zu erhalten.<\/em><\/p>\n","protected":false},"excerpt":{"rendered":"<p>Maschinenw\u00e4sche bei 50\u00b0.<br \/>\nChlor und Bleichmittel verboten<br \/>\nTrocknen im Tumbler bei 60\u00b0.<br \/>\nB\u00fcgeln verboten<br \/>\nNicht chemisch reinigen<\/p>\n<p><span class=\"ginetex\">  6 o s m U  <\/span><\/p>\n","protected":false},"featured_media":53641,"template":"","meta":{"_acf_changed":false},"label":[],"product_brand":[],"product_cat":[1538],"product_tag":[],"gamme":[2915],"matiere":[1525,1765],"class_list":{"0":"post-53638","1":"product","2":"type-product","3":"status-publish","4":"has-post-thumbnail","6":"product_cat-outlet-alles-auf-50-reduziert","7":"pa_couleur-weis","8":"pa_dimensions-l","9":"pa_dimensions-m","10":"pa_dimensions-xl","11":"pa_grammage-290grs-m","12":"pa_matiere-schwamm-100-baumwolle-mikrofaser-100-polyester","13":"gamme-sanftheit","14":"matiere-baumwolle","15":"matiere-polyester-de","17":"first","18":"outofstock","19":"taxable","20":"shipping-taxable","21":"purchasable","22":"product-type-variable","23":"has-default-attributes"},"acf":[],"df_price":24.3,"df_sale_price":"","df_regular_price":24.3,"df_image_link":"https:\/\/www.linvosges-hotellerie.com\/wp-content\/uploads\/2020\/12\/peignoir-eponge-microfibre-douceur-290-grs-m2-hotel-professionnel-linvosges-hotellerie-300x300.jpg","_links":{"self":[{"href":"https:\/\/www.linvosges-hotellerie.com\/de\/wp-json\/wp\/v2\/product\/53638","targetHints":{"allow":["GET"]}}],"collection":[{"href":"https:\/\/www.linvosges-hotellerie.com\/de\/wp-json\/wp\/v2\/product"}],"about":[{"href":"https:\/\/www.linvosges-hotellerie.com\/de\/wp-json\/wp\/v2\/types\/product"}],"wp:featuredmedia":[{"embeddable":true,"href":"https:\/\/www.linvosges-hotellerie.com\/de\/wp-json\/wp\/v2\/media\/53641"}],"wp:attachment":[{"href":"https:\/\/www.linvosges-hotellerie.com\/de\/wp-json\/wp\/v2\/media?parent=53638"}],"wp:term":[{"taxonomy":"label","embeddable":true,"href":"https:\/\/www.linvosges-hotellerie.com\/de\/wp-json\/wp\/v2\/label?post=53638"},{"taxonomy":"product_brand","embeddable":true,"href":"https:\/\/www.linvosges-hotellerie.com\/de\/wp-json\/wp\/v2\/product_brand?post=53638"},{"taxonomy":"product_cat","embeddable":true,"href":"https:\/\/www.linvosges-hotellerie.com\/de\/wp-json\/wp\/v2\/product_cat?post=53638"},{"taxonomy":"product_tag","embeddable":true,"href":"https:\/\/www.linvosges-hotellerie.com\/de\/wp-json\/wp\/v2\/product_tag?post=53638"},{"taxonomy":"gamme","embeddable":true,"href":"https:\/\/www.linvosges-hotellerie.com\/de\/wp-json\/wp\/v2\/gamme?post=53638"},{"taxonomy":"matiere","embeddable":true,"href":"https:\/\/www.linvosges-hotellerie.com\/de\/wp-json\/wp\/v2\/matiere?post=53638"}],"curies":[{"name":"wp","href":"https:\/\/api.w.org\/{rel}","templated":true}]}}