{"id":53862,"date":"2021-01-26T11:50:06","date_gmt":"2021-01-26T10:50:06","guid":{"rendered":"https:\/\/www.linvosges-hotellerie.com\/unkategorisiert\/plaid-mikrofaser-mikroflanell\/"},"modified":"2026-01-01T10:19:32","modified_gmt":"2026-01-01T09:19:32","slug":"plaid-mikrofaser-mikroflanell","status":"publish","type":"product","link":"https:\/\/www.linvosges-hotellerie.com\/de\/die-dekoration\/plaid-de\/plaid-mikrofaser-mikroflanell\/","title":{"rendered":"Plaid Mikrofaser Mikroflanell"},"content":{"rendered":"<p class=\"p1\">Dieses Plaid mit extra weichem Pl\u00fcschgriff ist das ideale Accessoire, um Ihre G\u00e4ste auf die Terrasse zu begleiten oder f\u00fcr einen Moment des Cocooning &#8211;<span class=\"Apple-converted-space\">  <\/span>Saumabschluss mit geraden Ecken.<\/p>\n","protected":false},"excerpt":{"rendered":"<p class=\"p1\">Maschinenw\u00e4sche bei 60\u00b0.<br \/>\nChlor und Bleichmittel verboten<br \/>\nTrocknen im Tumbler bei 60\u00b0.<br \/>\nB\u00fcgeln verboten<br \/>\nF\u00fcr die chemische Reinigung zugelassene Produkte: Perchlorethylen, Kohlenwasserstoffe<\/p>\n<p><span class=\"ginetex\">  4 o s m W  <\/span><\/p>\n","protected":false},"featured_media":53865,"template":"","meta":{"_acf_changed":false},"label":[],"product_brand":[],"product_cat":[2471,2943,1825],"product_tag":[],"gamme":[2941],"matiere":[1765],"class_list":{"0":"post-53862","1":"product","2":"type-product","3":"status-publish","4":"has-post-thumbnail","6":"product_cat-die-dekoration","7":"product_cat-plaid-de","8":"product_cat-sie-werden-es-mogen","9":"pa_couleur-rot","10":"pa_couleur-stahl","11":"pa_couleur-taupe-de","12":"pa_dimensions-130x170-cm","13":"pa_grammage-280grs-m","14":"pa_matiere-100-polyester-de-2","15":"gamme-mikroflanelle","16":"matiere-polyester-de","18":"first","19":"instock","20":"taxable","21":"shipping-taxable","22":"purchasable","23":"product-type-variable","24":"has-default-attributes"},"acf":[],"df_price":24.64,"df_sale_price":"","df_regular_price":24.64,"df_image_link":"https:\/\/www.linvosges-hotellerie.com\/wp-content\/uploads\/2021\/01\/MICROFLANELLE-PLAID-ACIER-TAUPE-ROUGE-300x300.jpg","_links":{"self":[{"href":"https:\/\/www.linvosges-hotellerie.com\/de\/wp-json\/wp\/v2\/product\/53862","targetHints":{"allow":["GET"]}}],"collection":[{"href":"https:\/\/www.linvosges-hotellerie.com\/de\/wp-json\/wp\/v2\/product"}],"about":[{"href":"https:\/\/www.linvosges-hotellerie.com\/de\/wp-json\/wp\/v2\/types\/product"}],"wp:featuredmedia":[{"embeddable":true,"href":"https:\/\/www.linvosges-hotellerie.com\/de\/wp-json\/wp\/v2\/media\/53865"}],"wp:attachment":[{"href":"https:\/\/www.linvosges-hotellerie.com\/de\/wp-json\/wp\/v2\/media?parent=53862"}],"wp:term":[{"taxonomy":"label","embeddable":true,"href":"https:\/\/www.linvosges-hotellerie.com\/de\/wp-json\/wp\/v2\/label?post=53862"},{"taxonomy":"product_brand","embeddable":true,"href":"https:\/\/www.linvosges-hotellerie.com\/de\/wp-json\/wp\/v2\/product_brand?post=53862"},{"taxonomy":"product_cat","embeddable":true,"href":"https:\/\/www.linvosges-hotellerie.com\/de\/wp-json\/wp\/v2\/product_cat?post=53862"},{"taxonomy":"product_tag","embeddable":true,"href":"https:\/\/www.linvosges-hotellerie.com\/de\/wp-json\/wp\/v2\/product_tag?post=53862"},{"taxonomy":"gamme","embeddable":true,"href":"https:\/\/www.linvosges-hotellerie.com\/de\/wp-json\/wp\/v2\/gamme?post=53862"},{"taxonomy":"matiere","embeddable":true,"href":"https:\/\/www.linvosges-hotellerie.com\/de\/wp-json\/wp\/v2\/matiere?post=53862"}],"curies":[{"name":"wp","href":"https:\/\/api.w.org\/{rel}","templated":true}]}}