{"id":53926,"date":"2021-09-03T11:20:10","date_gmt":"2021-09-03T09:20:10","guid":{"rendered":"https:\/\/www.linvosges-hotellerie.com\/unkategorisiert\/pareo-spa-sweet-life\/"},"modified":"2026-05-07T00:08:44","modified_gmt":"2026-05-06T22:08:44","slug":"pareo-spa-sweet-life","status":"publish","type":"product","link":"https:\/\/www.linvosges-hotellerie.com\/de\/die-schwamme\/badetucher\/pareo-spa-sweet-life\/","title":{"rendered":"Pareo Spa Sweet life"},"content":{"rendered":"<p>Dieser Pareo ist f\u00fcr Ihr Wohlbefinden bestimmt und besteht aus wei\u00dfem Mikrofaserfrottee. Es ist nicht nur leicht, was die Kosten f\u00fcr die W\u00e4sche reduziert, sondern auch super saugf\u00e4hig. Das schnell trocknende Baumwoll-Polyester-Mischgewebe rundet die Vorz\u00fcge ab, um den professionellen Anspr\u00fcchen gerecht zu werden.<br \/>\nSaumabschluss oben und unten 3 cm, elastisches Band und Klettverschluss f\u00fcr Brust- oder Taillenverschluss<\/p>\n","protected":false},"excerpt":{"rendered":"<p>Maschinenw\u00e4sche bei 60\u00b0.<br \/>\nErlaubte Geldw\u00e4sche<br \/>\nTrocknen im Tumbler bei 60\u00b0.<br \/>\nB\u00fcgeln bei einer Temperatur von bis zu 110\u00b0 ohne Dampf<br \/>\nNicht chemisch reinigen<\/p>\n<p><span class=\"ginetex\">  4 u s n U  <\/span><\/p>\n","protected":false},"featured_media":53928,"template":"","meta":{"_acf_changed":false},"label":[],"product_brand":[],"product_cat":[1588,1586,1767],"product_tag":[],"gamme":[1764],"matiere":[1525,1765],"class_list":{"0":"post-53926","1":"product","2":"type-product","3":"status-publish","4":"has-post-thumbnail","6":"product_cat-badetucher","7":"product_cat-die-schwamme","8":"product_cat-spa-und-swimmingpool","9":"pa_couleur-weis","10":"pa_dimensions-76x133-cm","11":"pa_grammage-350grs-m","12":"pa_matiere-55-baumwolle-45-polyester","13":"gamme-suses-leben","14":"matiere-baumwolle","15":"matiere-polyester-de","17":"first","18":"instock","19":"taxable","20":"shipping-taxable","21":"purchasable","22":"product-type-variable","23":"has-default-attributes"},"acf":[],"df_price":14.33,"df_sale_price":"","df_regular_price":14.33,"df_image_link":"https:\/\/www.linvosges-hotellerie.com\/wp-content\/uploads\/2021\/09\/pareo-sweet-life-spa-piscine-hotel-professionnel-linvosges-hotellerie-2-300x300.jpg","_links":{"self":[{"href":"https:\/\/www.linvosges-hotellerie.com\/de\/wp-json\/wp\/v2\/product\/53926","targetHints":{"allow":["GET"]}}],"collection":[{"href":"https:\/\/www.linvosges-hotellerie.com\/de\/wp-json\/wp\/v2\/product"}],"about":[{"href":"https:\/\/www.linvosges-hotellerie.com\/de\/wp-json\/wp\/v2\/types\/product"}],"wp:featuredmedia":[{"embeddable":true,"href":"https:\/\/www.linvosges-hotellerie.com\/de\/wp-json\/wp\/v2\/media\/53928"}],"wp:attachment":[{"href":"https:\/\/www.linvosges-hotellerie.com\/de\/wp-json\/wp\/v2\/media?parent=53926"}],"wp:term":[{"taxonomy":"label","embeddable":true,"href":"https:\/\/www.linvosges-hotellerie.com\/de\/wp-json\/wp\/v2\/label?post=53926"},{"taxonomy":"product_brand","embeddable":true,"href":"https:\/\/www.linvosges-hotellerie.com\/de\/wp-json\/wp\/v2\/product_brand?post=53926"},{"taxonomy":"product_cat","embeddable":true,"href":"https:\/\/www.linvosges-hotellerie.com\/de\/wp-json\/wp\/v2\/product_cat?post=53926"},{"taxonomy":"product_tag","embeddable":true,"href":"https:\/\/www.linvosges-hotellerie.com\/de\/wp-json\/wp\/v2\/product_tag?post=53926"},{"taxonomy":"gamme","embeddable":true,"href":"https:\/\/www.linvosges-hotellerie.com\/de\/wp-json\/wp\/v2\/gamme?post=53926"},{"taxonomy":"matiere","embeddable":true,"href":"https:\/\/www.linvosges-hotellerie.com\/de\/wp-json\/wp\/v2\/matiere?post=53926"}],"curies":[{"name":"wp","href":"https:\/\/api.w.org\/{rel}","templated":true}]}}