{"id":53958,"date":"2021-09-25T17:51:23","date_gmt":"2021-09-25T15:51:23","guid":{"rendered":"https:\/\/www.linvosges-hotellerie.com\/unkategorisiert\/plaid-tweed\/"},"modified":"2025-02-05T10:11:41","modified_gmt":"2025-02-05T09:11:41","slug":"plaid-tweed","status":"publish","type":"product","link":"https:\/\/www.linvosges-hotellerie.com\/de\/die-dekoration\/plaid-de\/plaid-tweed\/","title":{"rendered":"Plaid Tweed"},"content":{"rendered":"<p class=\"p1\">Dieses warme und bequeme Accessoire ist ein Muss f\u00fcr jede Terrasse. Auf einem Sessel oder am Fu\u00dfende des Bettes platziert, wird es zu einem Dekoelement f\u00fcr eine gem\u00fctliche Atmosph\u00e4re.  <span class=\"Apple-converted-space\">  <\/span>Abschluss mit 2 S\u00e4umen \/ 2 gefransten Kanten.<\/p>\n","protected":false},"excerpt":{"rendered":"<p class=\"p1\">Maschinenw\u00e4sche bei 30\u00b0 Feinw\u00e4sche<br \/>\nChlor und Bleichmittel verboten<br \/>\nTrocknen im Tumbler bei 60\u00b0.<br \/>\nB\u00fcgeln bei einer Temperatur von maximal 150\u00b0 C<br \/>\nF\u00fcr die chemische Reinigung zugelassene Produkte: Perchlorethylen, Kohlenwasserstoffe<\/p>\n<p><span class=\"ginetex\">e o s b W  <\/span><\/p>\n","protected":false},"featured_media":53961,"template":"","meta":{"_acf_changed":false},"label":[],"product_brand":[],"product_cat":[2471,2943,1825],"product_tag":[3289],"gamme":[2961],"matiere":[2962],"class_list":{"0":"post-53958","1":"product","2":"type-product","3":"status-publish","4":"has-post-thumbnail","6":"product_cat-die-dekoration","7":"product_cat-plaid-de","8":"product_cat-sie-werden-es-mogen","9":"product_tag-no-oekotex-de","10":"pa_couleur-anthrazit","11":"pa_couleur-entenblau","12":"pa_dimensions-130x150-cm","13":"pa_grammage-372grs-m","14":"pa_matiere-50-acryl-25-polyester-20-wolle-5-andere-fasern","15":"gamme-tweed-de","16":"matiere-acryl","18":"first","19":"instock","20":"taxable","21":"shipping-taxable","22":"purchasable","23":"product-type-variable","24":"has-default-attributes"},"acf":[],"df_price":36.3,"df_sale_price":"","df_regular_price":36.3,"df_image_link":"https:\/\/www.linvosges-hotellerie.com\/wp-content\/uploads\/2021\/09\/plaid-tweed-hotel-professionnel-linvosges-hotellerie-300x300.png","_links":{"self":[{"href":"https:\/\/www.linvosges-hotellerie.com\/de\/wp-json\/wp\/v2\/product\/53958","targetHints":{"allow":["GET"]}}],"collection":[{"href":"https:\/\/www.linvosges-hotellerie.com\/de\/wp-json\/wp\/v2\/product"}],"about":[{"href":"https:\/\/www.linvosges-hotellerie.com\/de\/wp-json\/wp\/v2\/types\/product"}],"wp:featuredmedia":[{"embeddable":true,"href":"https:\/\/www.linvosges-hotellerie.com\/de\/wp-json\/wp\/v2\/media\/53961"}],"wp:attachment":[{"href":"https:\/\/www.linvosges-hotellerie.com\/de\/wp-json\/wp\/v2\/media?parent=53958"}],"wp:term":[{"taxonomy":"label","embeddable":true,"href":"https:\/\/www.linvosges-hotellerie.com\/de\/wp-json\/wp\/v2\/label?post=53958"},{"taxonomy":"product_brand","embeddable":true,"href":"https:\/\/www.linvosges-hotellerie.com\/de\/wp-json\/wp\/v2\/product_brand?post=53958"},{"taxonomy":"product_cat","embeddable":true,"href":"https:\/\/www.linvosges-hotellerie.com\/de\/wp-json\/wp\/v2\/product_cat?post=53958"},{"taxonomy":"product_tag","embeddable":true,"href":"https:\/\/www.linvosges-hotellerie.com\/de\/wp-json\/wp\/v2\/product_tag?post=53958"},{"taxonomy":"gamme","embeddable":true,"href":"https:\/\/www.linvosges-hotellerie.com\/de\/wp-json\/wp\/v2\/gamme?post=53958"},{"taxonomy":"matiere","embeddable":true,"href":"https:\/\/www.linvosges-hotellerie.com\/de\/wp-json\/wp\/v2\/matiere?post=53958"}],"curies":[{"name":"wp","href":"https:\/\/api.w.org\/{rel}","templated":true}]}}