{"id":53979,"date":"2022-11-16T16:38:23","date_gmt":"2022-11-16T15:38:23","guid":{"rendered":"https:\/\/www.linvosges-hotellerie.com\/unkategorisiert\/frotteehandtuch-dome\/"},"modified":"2026-02-01T10:32:34","modified_gmt":"2026-02-01T09:32:34","slug":"frotteehandtuch-dome","status":"publish","type":"product","link":"https:\/\/www.linvosges-hotellerie.com\/de\/badehandtuch\/frotteehandtuch-dome\/","title":{"rendered":"Frotteehandtuch D\u00f4me"},"content":{"rendered":"<p>Dieses mit Null-Twist-Schlingen gewebte Handtuch besteht aus einem dichten Kern aus 700 g\/m\u00b2 und luftigen Seiten aus 360 g\/m\u00b2. Es \u00fcberzeugt W\u00e4schereien und Hoteliers, die weniger schwere Frottierwaren pflegen und gleichzeitig den Benutzern Komfort und Weichheit bieten. Der Zusatz von Lyocell, einer pflanzlichen Faser, die aus Holzpulpe hergestellt wird, erh\u00f6ht die Saugf\u00e4higkeit des Frottees, l\u00e4sst ihn schneller trocknen und verleiht ihm Weichheit und Bauschigkeit.<\/p>\n","protected":false},"excerpt":{"rendered":"<p>Maschinenw\u00e4sche bei 60\u00b0.<br \/>\nChlor und Bleichmittel verboten<br \/>\nTrocknen im Tumbler bei 60\u00b0.<br \/>\nB\u00fcgeln bei einer Temperatur von maximal 150\u00b0 C<br \/>\nF\u00fcr die chemische Reinigung zugelassene Produkte: Perchlorethylen, Kohlenwasserstoffe<\/p>\n<p><span class=\"ginetex\">  4 o s b W  <\/span><\/p>\n","protected":false},"featured_media":30464,"template":"","meta":{"_acf_changed":false},"label":[],"product_brand":[],"product_cat":[2932],"product_tag":[],"gamme":[1781],"matiere":[1525,1782],"class_list":{"0":"post-53979","1":"product","2":"type-product","3":"status-publish","4":"has-post-thumbnail","6":"product_cat-badehandtuch","7":"pa_couleur-weis","8":"pa_dimensions-50x100-cm","9":"pa_grammage-700-grs-m","10":"pa_matiere-70-baumwolle-30-lyocell","11":"gamme-kuppel","12":"matiere-baumwolle","13":"matiere-lyocell-de","15":"first","16":"instock","17":"taxable","18":"shipping-taxable","19":"purchasable","20":"product-type-variable","21":"has-default-attributes"},"acf":[],"df_price":7.9,"df_sale_price":"","df_regular_price":7.9,"df_image_link":"https:\/\/www.linvosges-hotellerie.com\/wp-content\/uploads\/2022\/11\/linge-de-bain-dome-hotel-professionnel-linvosges-hotellerie-300x300.jpg","_links":{"self":[{"href":"https:\/\/www.linvosges-hotellerie.com\/de\/wp-json\/wp\/v2\/product\/53979","targetHints":{"allow":["GET"]}}],"collection":[{"href":"https:\/\/www.linvosges-hotellerie.com\/de\/wp-json\/wp\/v2\/product"}],"about":[{"href":"https:\/\/www.linvosges-hotellerie.com\/de\/wp-json\/wp\/v2\/types\/product"}],"wp:featuredmedia":[{"embeddable":true,"href":"https:\/\/www.linvosges-hotellerie.com\/de\/wp-json\/wp\/v2\/media\/30464"}],"wp:attachment":[{"href":"https:\/\/www.linvosges-hotellerie.com\/de\/wp-json\/wp\/v2\/media?parent=53979"}],"wp:term":[{"taxonomy":"label","embeddable":true,"href":"https:\/\/www.linvosges-hotellerie.com\/de\/wp-json\/wp\/v2\/label?post=53979"},{"taxonomy":"product_brand","embeddable":true,"href":"https:\/\/www.linvosges-hotellerie.com\/de\/wp-json\/wp\/v2\/product_brand?post=53979"},{"taxonomy":"product_cat","embeddable":true,"href":"https:\/\/www.linvosges-hotellerie.com\/de\/wp-json\/wp\/v2\/product_cat?post=53979"},{"taxonomy":"product_tag","embeddable":true,"href":"https:\/\/www.linvosges-hotellerie.com\/de\/wp-json\/wp\/v2\/product_tag?post=53979"},{"taxonomy":"gamme","embeddable":true,"href":"https:\/\/www.linvosges-hotellerie.com\/de\/wp-json\/wp\/v2\/gamme?post=53979"},{"taxonomy":"matiere","embeddable":true,"href":"https:\/\/www.linvosges-hotellerie.com\/de\/wp-json\/wp\/v2\/matiere?post=53979"}],"curies":[{"name":"wp","href":"https:\/\/api.w.org\/{rel}","templated":true}]}}