{"id":54010,"date":"2023-09-04T10:44:22","date_gmt":"2023-09-04T08:44:22","guid":{"rendered":"https:\/\/www.linvosges-hotellerie.com\/unkategorisiert\/izzi-plus-steamer\/"},"modified":"2023-09-04T10:44:22","modified_gmt":"2023-09-04T08:44:22","slug":"izzi-plus-steamer","status":"publish","type":"product","link":"https:\/\/www.linvosges-hotellerie.com\/de\/zubehor\/izzi-plus-steamer\/","title":{"rendered":"IZZI PLUS Steamer"},"content":{"rendered":"<p>IZZI PLUS ist ein von LAURASTAR entwickelter Steamer, der Ihre W\u00e4sche gl\u00e4ttet und Ihr Haus auf effiziente und nat\u00fcrliche Weise reinigt. Mit der Kraft seines Dry Microfine Steam (DMS) Dampfes gl\u00e4ttet IZZI PLUS sofort alle Textilien wie Bettw\u00e4sche, Tischdecken und Vorh\u00e4nge. Es beseitigt auch Mikroorganismen und sch\u00e4dliche Insekten auf Oberfl\u00e4chen, Gegenst\u00e4nden und Textilien, wodurch das Risiko von Infektionen verringert und Allergien gelindert werden. Es funktioniert perfekt auf Matratzen, Kissen, Teppichen, Sofas, Polstern und vielem mehr.<\/p>\n<p>Schlie\u00dflich erfrischt IZZI PLUS die Textilien, indem es unangenehme Ger\u00fcche reduziert.<\/p>\n<p>Kurz gesagt, IZZI PLUS wird Ihr Verb\u00fcndeter beim Gl\u00e4tten und Reinigen sein!<\/p>\n<p>MERKMALE :<br \/>\nErgonomischer Griff f\u00fcr den Transport<br \/>\nSicherer Ort f\u00fcr den DMS Steamer<br \/>\nAufbewahrung f\u00fcr das Dampfkabel<br \/>\nVerwendung mit Leitungswasser<br \/>\nKontinuierlicher Betrieb durch abnehmbaren Wassertank<br \/>\nAutostopp-Funktion<br \/>\nAutomatische Kabelaufwicklung<\/p>\n","protected":false},"excerpt":{"rendered":"<p>Aufheizzeit: 3 Min.<\/p>\n<p>Dampfdruck: Konstanter Druck von 3,5 bar<\/p>\n<p>Geschwindigkeit des Dampfes: 104 km\/h<\/p>\n<p>Dampftemperatur: bis zu 150\u00b0C<\/p>\n<p>Tankinhalt: ca. 1,1 l<\/p>\n<p>Abmessungen (H x B x T): 45 x 28 x 28 cm<\/p>\n<p>Leistung des Ger\u00e4ts: 2000 W<\/p>\n","protected":false},"featured_media":54018,"template":"","meta":{"_acf_changed":false},"label":[],"product_brand":[],"product_cat":[2978],"product_tag":[],"gamme":[2977],"matiere":[],"class_list":{"0":"post-54010","1":"product","2":"type-product","3":"status-publish","4":"has-post-thumbnail","6":"product_cat-zubehor","7":"pa_couleur-anthrazit","8":"pa_dimensions-45x28x28-cm","9":"gamme-izzi-plus-de","11":"first","12":"instock","13":"taxable","14":"shipping-taxable","15":"purchasable","16":"product-type-variable","17":"has-default-attributes"},"acf":[],"df_price":649,"df_sale_price":"","df_regular_price":649,"df_image_link":"https:\/\/www.linvosges-hotellerie.com\/wp-content\/uploads\/2023\/08\/Steamer-IZZI-PLUS-profil-Hotel-restaurant-gite-professionnels-Linvosges-hotellerie-300x300.png","_links":{"self":[{"href":"https:\/\/www.linvosges-hotellerie.com\/de\/wp-json\/wp\/v2\/product\/54010","targetHints":{"allow":["GET"]}}],"collection":[{"href":"https:\/\/www.linvosges-hotellerie.com\/de\/wp-json\/wp\/v2\/product"}],"about":[{"href":"https:\/\/www.linvosges-hotellerie.com\/de\/wp-json\/wp\/v2\/types\/product"}],"wp:featuredmedia":[{"embeddable":true,"href":"https:\/\/www.linvosges-hotellerie.com\/de\/wp-json\/wp\/v2\/media\/54018"}],"wp:attachment":[{"href":"https:\/\/www.linvosges-hotellerie.com\/de\/wp-json\/wp\/v2\/media?parent=54010"}],"wp:term":[{"taxonomy":"label","embeddable":true,"href":"https:\/\/www.linvosges-hotellerie.com\/de\/wp-json\/wp\/v2\/label?post=54010"},{"taxonomy":"product_brand","embeddable":true,"href":"https:\/\/www.linvosges-hotellerie.com\/de\/wp-json\/wp\/v2\/product_brand?post=54010"},{"taxonomy":"product_cat","embeddable":true,"href":"https:\/\/www.linvosges-hotellerie.com\/de\/wp-json\/wp\/v2\/product_cat?post=54010"},{"taxonomy":"product_tag","embeddable":true,"href":"https:\/\/www.linvosges-hotellerie.com\/de\/wp-json\/wp\/v2\/product_tag?post=54010"},{"taxonomy":"gamme","embeddable":true,"href":"https:\/\/www.linvosges-hotellerie.com\/de\/wp-json\/wp\/v2\/gamme?post=54010"},{"taxonomy":"matiere","embeddable":true,"href":"https:\/\/www.linvosges-hotellerie.com\/de\/wp-json\/wp\/v2\/matiere?post=54010"}],"curies":[{"name":"wp","href":"https:\/\/api.w.org\/{rel}","templated":true}]}}