{"id":54011,"date":"2023-09-04T13:32:55","date_gmt":"2023-09-04T11:32:55","guid":{"rendered":"https:\/\/www.linvosges-hotellerie.com\/unkategorisiert\/izzi-plus-pack-cart\/"},"modified":"2023-09-04T13:32:55","modified_gmt":"2023-09-04T11:32:55","slug":"izzi-plus-pack-cart","status":"publish","type":"product","link":"https:\/\/www.linvosges-hotellerie.com\/de\/zubehor\/izzi-plus-pack-cart\/","title":{"rendered":"IZZI PLUS Pack + CART"},"content":{"rendered":"<p>W\u00e4hlen Sie das Paket IZZI PLUS + IZZI cart zu einem Vorzugspreis und bringen Sie Ihren Steamer m\u00fchelos in Ihre Zimmer oder Speises\u00e4le, um schnell und einfach zu gl\u00e4tten, zu reinigen und zu desinfizieren.<\/p>\n<p>IZZI PLUS ist ein von LAURASTAR entwickelter Steamer, der Ihre W\u00e4sche gl\u00e4ttet und Ihr Haus auf effiziente und nat\u00fcrliche Weise reinigt. Mit der Kraft seines Dry Microfine Steam (DMS) Dampfes gl\u00e4ttet IZZI PLUS sofort alle Textilien wie Bettw\u00e4sche, Tischdecken und Vorh\u00e4nge. Es beseitigt auch Mikroorganismen und sch\u00e4dliche Insekten auf Oberfl\u00e4chen, Gegenst\u00e4nden und Textilien, wodurch das Risiko von Infektionen verringert und Allergien gelindert werden. Es funktioniert perfekt auf Matratzen, Kissen, Teppichen, Sofas, Polstern und vielem mehr.<\/p>\n","protected":false},"excerpt":{"rendered":"<p>Aufheizzeit: 3 Min.<\/p>\n<p>Dampfdruck: Konstanter Druck von 3,5 bar<\/p>\n<p>Geschwindigkeit des Dampfes: 104 km\/h<\/p>\n<p>Dampftemperatur: bis zu 150\u00b0C<\/p>\n<p>Tankinhalt: ca. 1,1 l<\/p>\n<p>Abmessungen (H x B x T): 45 x 28 x 28 cm<\/p>\n<p>Leistung des Ger\u00e4ts: 2000 W<\/p>\n","protected":false},"featured_media":54017,"template":"","meta":{"_acf_changed":false},"label":[],"product_brand":[],"product_cat":[2978],"product_tag":[],"gamme":[2977],"matiere":[],"class_list":{"0":"post-54011","1":"product","2":"type-product","3":"status-publish","4":"has-post-thumbnail","6":"product_cat-zubehor","7":"pa_couleur-anthrazit","8":"gamme-izzi-plus-de","10":"first","11":"instock","12":"taxable","13":"shipping-taxable","14":"product-type-variable","15":"has-default-attributes"},"acf":[],"df_price":"","df_sale_price":"","df_regular_price":"","df_image_link":"https:\/\/www.linvosges-hotellerie.com\/wp-content\/uploads\/2023\/08\/IZZI-CART-mise-en-situation-Accessoire-pour-hotel-restaurant-gite-professionnel-Linvosges-hotellerie-300x300.png","_links":{"self":[{"href":"https:\/\/www.linvosges-hotellerie.com\/de\/wp-json\/wp\/v2\/product\/54011","targetHints":{"allow":["GET"]}}],"collection":[{"href":"https:\/\/www.linvosges-hotellerie.com\/de\/wp-json\/wp\/v2\/product"}],"about":[{"href":"https:\/\/www.linvosges-hotellerie.com\/de\/wp-json\/wp\/v2\/types\/product"}],"wp:featuredmedia":[{"embeddable":true,"href":"https:\/\/www.linvosges-hotellerie.com\/de\/wp-json\/wp\/v2\/media\/54017"}],"wp:attachment":[{"href":"https:\/\/www.linvosges-hotellerie.com\/de\/wp-json\/wp\/v2\/media?parent=54011"}],"wp:term":[{"taxonomy":"label","embeddable":true,"href":"https:\/\/www.linvosges-hotellerie.com\/de\/wp-json\/wp\/v2\/label?post=54011"},{"taxonomy":"product_brand","embeddable":true,"href":"https:\/\/www.linvosges-hotellerie.com\/de\/wp-json\/wp\/v2\/product_brand?post=54011"},{"taxonomy":"product_cat","embeddable":true,"href":"https:\/\/www.linvosges-hotellerie.com\/de\/wp-json\/wp\/v2\/product_cat?post=54011"},{"taxonomy":"product_tag","embeddable":true,"href":"https:\/\/www.linvosges-hotellerie.com\/de\/wp-json\/wp\/v2\/product_tag?post=54011"},{"taxonomy":"gamme","embeddable":true,"href":"https:\/\/www.linvosges-hotellerie.com\/de\/wp-json\/wp\/v2\/gamme?post=54011"},{"taxonomy":"matiere","embeddable":true,"href":"https:\/\/www.linvosges-hotellerie.com\/de\/wp-json\/wp\/v2\/matiere?post=54011"}],"curies":[{"name":"wp","href":"https:\/\/api.w.org\/{rel}","templated":true}]}}