{"id":54119,"date":"2023-12-07T14:06:34","date_gmt":"2023-12-07T13:06:34","guid":{"rendered":"https:\/\/www.linvosges-hotellerie.com\/unkategorisiert\/matratze-opera\/"},"modified":"2023-12-07T14:06:34","modified_gmt":"2023-12-07T13:06:34","slug":"matratze-opera","status":"publish","type":"product","link":"https:\/\/www.linvosges-hotellerie.com\/de\/bettwasche-de\/matratzen\/matratze-opera\/","title":{"rendered":"Matratze Opera"},"content":{"rendered":"<p>Die Matratze Op\u00e9ra kombiniert drei verschiedene Technologien f\u00fcr einen Schlafplatz in 5-Sterne-Hotelqualit\u00e4t. Zun\u00e4chst die Taschenfedern, die unabh\u00e4ngig voneinander arbeiten und so f\u00fcr Ergonomie, eine perfekte Unterst\u00fctzung der Wirbels\u00e4ule und eine ausgezeichnete Unabh\u00e4ngigkeit beim Schlafen sorgen. Naturlatex ist die effektivste Technologie f\u00fcr die Thermoregulierung und die Reduzierung von Allergien, da es 100% nat\u00fcrlich ist. Und schlie\u00dflich der Schaumstoff mit hoher Dichte, der f\u00fcr ein weiches Liegegef\u00fchl sorgt. Mit einer Dicke von 30 cm ist diese Matratze ideal f\u00fcr umweltbewusste Hoteliers, die f\u00fcr ihre G\u00e4ste einen Schlaf von Premiumqualit\u00e4t suchen.<\/p>\n<p><strong>ST\u00c4RKEN :<\/strong><\/p>\n<ul>\n<li><strong>Komfort:<\/strong> Nicht zu weich und nicht zu fest, Latex und Oberfl\u00e4chenschaum bieten ein perfektes Gleichgewicht.<\/li>\n<li><strong>Ergonomie und Unterst\u00fctzung:<\/strong> Der Taschenfederkern passt sich jeder Morphologie an und sorgt f\u00fcr eine optimale Federung des K\u00f6rpers, wodurch R\u00fccken- und Gelenkschmerzen reduziert werden.<\/li>\n<li><strong>Unabh\u00e4ngiges Liegen:<\/strong> Der Taschenfederkern verhindert die \u00dcbertragung von Bewegungen und sorgt so f\u00fcr einen ruhigeren Schlaf.<\/li>\n<li><strong>Hygiene: <\/strong>Taschenfederkern und Naturlatex sorgen f\u00fcr eine ausgezeichnete Bel\u00fcftung der Matratze und damit f\u00fcr ein ges\u00fcnderes Bettklima im Alltag und auf Dauer.<\/li>\n<li><strong>Langlebigkeit:<\/strong> Die Stahlkonstruktion des Taschenfederkerns ist eine der langlebigsten und sichert Ihrer Matratze eine lange Lebensdauer.<\/li>\n<li><strong>Gesunde Zusammensetzung:<\/strong> Die Matratze besteht aus nat\u00fcrlichen Materialien, die gesundheitlich unbedenklich und umweltfreundlich sind.<\/li>\n<li><strong>Erleichterte Handhabung<\/strong> dank der 6 integrierten Griffe (2 auf jeder Seite der Matratze + 2 an der Vorderseite).<\/li>\n<\/ul>\n<p><strong>MERKMALE :<\/strong><\/p>\n<ul>\n<li><strong>Dicke der Matratze: <\/strong>30 cm<\/li>\n<li>Technologie: Taschenfederkern<\/li>\n<li><strong>Aufnahme: <\/strong>Progressiv<\/li>\n<li><strong>Unterst\u00fctzung: <\/strong>Fest<\/li>\n<li><strong>Liegeunabh\u00e4ngigkeit: <\/strong>Ausgezeichnet<\/li>\n<li>Bel\u00fcftung: Ausgezeichnet<\/li>\n<li><strong>Abnehmbarer Bezug:<\/strong> Ja<\/li>\n<li><strong>Verpackung:<\/strong> Gerollt<\/li>\n<li>Garantie: 10 Jahre<\/li>\n<\/ul>\n<p>&nbsp;<\/p>\n","protected":false},"excerpt":{"rendered":"<p><strong>ZUSAMMENSETZUNG :<\/strong><\/p>\n<ul>\n<li><strong>Matratzeninnenkern: <\/strong>18 cm <strong>Taschenfederkern <\/strong>(850 auf der Grundlage einer 160 cm breiten Matratze) + 4 cm Naturlatex + 6 cm hochdichter Schaumstoff<\/li>\n<li><strong>Polsterung :<\/strong>\n<ul>\n<li>300 gr\/m\u00b2 Stretchgewebe + zentrale Stickerei &#8220;La ling\u00e8re&#8221;.<\/li>\n<li>Wei\u00dfe Paspelierung auf der Blumenrabatte + Borte<\/li>\n<li>Topper-Effekt<\/li>\n<li>Wei\u00dfe vertikale Griffe an den Seiten und F\u00fc\u00dfen<\/li>\n<li>Rutschfeste Coutil auf der Unterseite<\/li>\n<\/ul>\n<\/li>\n<\/ul>\n<p><strong>REINIGUNG: <\/strong>Trockenreinigung<\/p>\n","protected":false},"featured_media":63199,"template":"","meta":{"_acf_changed":false},"label":[],"product_brand":[],"product_cat":[2370,2890],"product_tag":[],"gamme":[2990],"matiere":[],"class_list":{"0":"post-54119","1":"product","2":"type-product","3":"status-publish","4":"has-post-thumbnail","6":"product_cat-bettwasche-de","7":"product_cat-matratzen","8":"pa_dimensions-140-190-cm","9":"pa_dimensions-140-200-cm","10":"pa_dimensions-160-200-cm","11":"pa_dimensions-180x200-cm","12":"pa_dimensions-90-190-cm","13":"pa_dimensions-90-200-cm","14":"pa_matiere-taschenfedern-bio-naturlatex-und-schaumstoff","15":"gamme-oper","17":"first","18":"instock","19":"taxable","20":"shipping-taxable","21":"purchasable","22":"product-type-variable"},"acf":[],"df_price":"","df_sale_price":"","df_regular_price":"","df_image_link":"https:\/\/www.linvosges-hotellerie.com\/wp-content\/uploads\/2024\/01\/MATELAS-OPERA-300x300.png","_links":{"self":[{"href":"https:\/\/www.linvosges-hotellerie.com\/de\/wp-json\/wp\/v2\/product\/54119","targetHints":{"allow":["GET"]}}],"collection":[{"href":"https:\/\/www.linvosges-hotellerie.com\/de\/wp-json\/wp\/v2\/product"}],"about":[{"href":"https:\/\/www.linvosges-hotellerie.com\/de\/wp-json\/wp\/v2\/types\/product"}],"wp:featuredmedia":[{"embeddable":true,"href":"https:\/\/www.linvosges-hotellerie.com\/de\/wp-json\/wp\/v2\/media\/63199"}],"wp:attachment":[{"href":"https:\/\/www.linvosges-hotellerie.com\/de\/wp-json\/wp\/v2\/media?parent=54119"}],"wp:term":[{"taxonomy":"label","embeddable":true,"href":"https:\/\/www.linvosges-hotellerie.com\/de\/wp-json\/wp\/v2\/label?post=54119"},{"taxonomy":"product_brand","embeddable":true,"href":"https:\/\/www.linvosges-hotellerie.com\/de\/wp-json\/wp\/v2\/product_brand?post=54119"},{"taxonomy":"product_cat","embeddable":true,"href":"https:\/\/www.linvosges-hotellerie.com\/de\/wp-json\/wp\/v2\/product_cat?post=54119"},{"taxonomy":"product_tag","embeddable":true,"href":"https:\/\/www.linvosges-hotellerie.com\/de\/wp-json\/wp\/v2\/product_tag?post=54119"},{"taxonomy":"gamme","embeddable":true,"href":"https:\/\/www.linvosges-hotellerie.com\/de\/wp-json\/wp\/v2\/gamme?post=54119"},{"taxonomy":"matiere","embeddable":true,"href":"https:\/\/www.linvosges-hotellerie.com\/de\/wp-json\/wp\/v2\/matiere?post=54119"}],"curies":[{"name":"wp","href":"https:\/\/api.w.org\/{rel}","templated":true}]}}