{"id":54172,"date":"2024-01-29T10:51:45","date_gmt":"2024-01-29T09:51:45","guid":{"rendered":"https:\/\/www.linvosges-hotellerie.com\/unkategorisiert\/matratze-pompadour\/"},"modified":"2024-01-29T10:51:45","modified_gmt":"2024-01-29T09:51:45","slug":"matratze-pompadour","status":"publish","type":"product","link":"https:\/\/www.linvosges-hotellerie.com\/de\/bettwasche-de\/matratzen\/matratze-pompadour\/","title":{"rendered":"Matratze Pompadour"},"content":{"rendered":"<p>Die Pompadour-Matratze bietet den Komfort eines 4-Sterne-Hotels. Der Schaumstoff mit Formged\u00e4chtnis passt sich allen K\u00f6rperformen an und sorgt f\u00fcr einen erholsamen Schlaf. Dar\u00fcber hinaus reduziert sie die Belastung der St\u00fctzpunkte des K\u00f6rpers erheblich, indem sie sich allen Kurven des K\u00f6rpers anpasst. Der Kern der Matratze aus festem Schaumstoff mit hoher Dichte bietet eine ausgezeichnete Unterst\u00fctzung des K\u00f6rpers und der Wirbels\u00e4ule. Die Unabh\u00e4ngigkeit des Schlafs garantiert ein geringeres n\u00e4chtliches Erwachen, um die Erholung w\u00e4hrend des Schlafs zu erleichtern. Ihre G\u00e4ste werden sich garantiert wohlf\u00fchlen!<\/p>\n<p><strong>ST\u00c4RKEN :<\/strong><\/p>\n<ul>\n<li><strong>Ergonomie:<\/strong>Der Memory-Schaum passt sich jeder Morphologie an und sorgt so f\u00fcr eine bessere Blutzirkulation und eine Reduzierung von R\u00fccken- und Gelenkschmerzen.<\/li>\n<li><strong>Unabh\u00e4ngiges<\/strong>Schlafen<strong>:<\/strong>Der Memory-Schaumstoff verhindert die \u00dcbertragung von Bewegungen, was Ihnen einen weniger gest\u00f6rten und somit erholsameren Schlaf garantiert.<\/li>\n<li><strong>Ausgewogener Komfort:<\/strong>Die Matratze ist mit ihrer weichen Oberfl\u00e4che und der festen Unterst\u00fctzung in der Tiefe perfekt f\u00fcr diejenigen, die eine Matratze suchen, die nicht zu weich oder zu fest ist.<\/li>\n<li><strong>Optimierte Bel\u00fcftung:<\/strong>Die Matratze verf\u00fcgt \u00fcber eine sehr gute Bel\u00fcftung, was eine bessere Hygiene und Lebensdauer Ihrer Bettwaren gew\u00e4hrleistet.<\/li>\n<\/ul>\n<p><strong>MERKMALE :<\/strong><\/p>\n<ul>\n<li><strong>Dicke der Matratze:<\/strong> 24 cm<\/li>\n<li><strong>Technologie:<\/strong> Formged\u00e4chtnis<\/li>\n<li><strong>Aufnahme:<\/strong> Weich<\/li>\n<li><strong>Unterst\u00fctzung:<\/strong> Fest<\/li>\n<li><strong>Liegeunabh\u00e4ngigkeit:<\/strong> Ausgezeichnet<\/li>\n<li><strong>Bel\u00fcftung:<\/strong> Sehr gut<\/li>\n<li><strong>Abnehmbarer Bezug:<\/strong> Ja<\/li>\n<li><strong>Verpackung:<\/strong> Gerollt komprimiert<\/li>\n<li><strong>Garantie:<\/strong> 10 Jahre<\/li>\n<\/ul>\n","protected":false},"excerpt":{"rendered":"<p><strong>ZUSAMMENSETZUNG :<\/strong><\/p>\n<ul>\n<li><strong>Innenkern der Matratze:<\/strong> 18 cm HR-Schaumstoff 40 kg\/m\u00b3 + 4 cm Memory-Schaumstoff 50 kg\/m\u00b3.<\/li>\n<li><strong>Polsterung :<\/strong>\n<ul>\n<li>500 gr\/m\u00b2 Stretchgewebe + zentrale Stickerei &#8220;La ling\u00e8re&#8221;.<\/li>\n<li>Wei\u00dfes Galon<\/li>\n<li>Rutschfeste Coutil auf der Unterseite<\/li>\n<\/ul>\n<\/li>\n<\/ul>\n<p><strong>REINIGUNG: <\/strong>Trockenreinigung<\/p>\n","protected":false},"featured_media":63205,"template":"","meta":{"_acf_changed":false},"label":[],"product_brand":[],"product_cat":[2370,2890],"product_tag":[],"gamme":[3000],"matiere":[],"class_list":{"0":"post-54172","1":"product","2":"type-product","3":"status-publish","4":"has-post-thumbnail","6":"product_cat-bettwasche-de","7":"product_cat-matratzen","8":"pa_dimensions-140-190-cm","9":"pa_dimensions-140-200-cm","10":"pa_dimensions-160-200-cm","11":"pa_dimensions-180x200-cm","12":"pa_dimensions-90-190-cm","13":"pa_dimensions-90-200-cm","14":"pa_matiere-schaumstoff-mit-formgedachtnis","15":"gamme-pompadour-de","17":"first","18":"instock","19":"taxable","20":"shipping-taxable","21":"purchasable","22":"product-type-variable"},"acf":[],"df_price":"","df_sale_price":"","df_regular_price":"","df_image_link":"https:\/\/www.linvosges-hotellerie.com\/wp-content\/uploads\/2024\/01\/MATELAS-POMPADOUR-300x300.png","_links":{"self":[{"href":"https:\/\/www.linvosges-hotellerie.com\/de\/wp-json\/wp\/v2\/product\/54172","targetHints":{"allow":["GET"]}}],"collection":[{"href":"https:\/\/www.linvosges-hotellerie.com\/de\/wp-json\/wp\/v2\/product"}],"about":[{"href":"https:\/\/www.linvosges-hotellerie.com\/de\/wp-json\/wp\/v2\/types\/product"}],"wp:featuredmedia":[{"embeddable":true,"href":"https:\/\/www.linvosges-hotellerie.com\/de\/wp-json\/wp\/v2\/media\/63205"}],"wp:attachment":[{"href":"https:\/\/www.linvosges-hotellerie.com\/de\/wp-json\/wp\/v2\/media?parent=54172"}],"wp:term":[{"taxonomy":"label","embeddable":true,"href":"https:\/\/www.linvosges-hotellerie.com\/de\/wp-json\/wp\/v2\/label?post=54172"},{"taxonomy":"product_brand","embeddable":true,"href":"https:\/\/www.linvosges-hotellerie.com\/de\/wp-json\/wp\/v2\/product_brand?post=54172"},{"taxonomy":"product_cat","embeddable":true,"href":"https:\/\/www.linvosges-hotellerie.com\/de\/wp-json\/wp\/v2\/product_cat?post=54172"},{"taxonomy":"product_tag","embeddable":true,"href":"https:\/\/www.linvosges-hotellerie.com\/de\/wp-json\/wp\/v2\/product_tag?post=54172"},{"taxonomy":"gamme","embeddable":true,"href":"https:\/\/www.linvosges-hotellerie.com\/de\/wp-json\/wp\/v2\/gamme?post=54172"},{"taxonomy":"matiere","embeddable":true,"href":"https:\/\/www.linvosges-hotellerie.com\/de\/wp-json\/wp\/v2\/matiere?post=54172"}],"curies":[{"name":"wp","href":"https:\/\/api.w.org\/{rel}","templated":true}]}}