{"id":54231,"date":"2020-11-27T12:47:39","date_gmt":"2020-11-27T11:47:39","guid":{"rendered":"https:\/\/www.linvosges-hotellerie.com\/unkategorisiert\/anti-bakterien-bettwaesche-aerotencel\/"},"modified":"2026-04-14T00:57:53","modified_gmt":"2026-04-13T22:57:53","slug":"anti-bakterien-bettwaesche-aerotencel","status":"publish","type":"product","link":"https:\/\/www.linvosges-hotellerie.com\/de\/bettwasche-de\/krankenunterlage\/anti-bakterien-bettwaesche-aerotencel\/","title":{"rendered":"Anti-Bakterien-Bettw\u00e4sche A\u00e9rotencel"},"content":{"rendered":"<p>Er besteht aus einem Jacquard-Strick, der das Wachstum von Bakterien verhindert. Er ist atmungsaktiv, strapazierf\u00e4hig und sehr saugf\u00e4hig. Form des M\u00fctzenbezugs 30cm<\/p>\n","protected":false},"excerpt":{"rendered":"<p>Maschinenw\u00e4sche bei 60\u00b0.<br \/>\nChlor und Bleichmittel verboten<br \/>\nW\u00e4schetrockner verboten<br \/>\nB\u00fcgeln bei einer Temperatur von bis zu 110\u00b0, ohne Dampf<br \/>\nZur chemischen Reinigung zugelassene Produkte: Kohlenwasserstoffe<br \/>\n<span class=\"ginetex\">  4 o d n W  <\/span><\/p>\n","protected":false},"featured_media":54233,"template":"","meta":{"_acf_changed":false},"label":[],"product_brand":[],"product_cat":[2370,2880,1825],"product_tag":[3289],"gamme":[3014],"matiere":[1782,1765],"class_list":{"0":"post-54231","1":"product","2":"type-product","3":"status-publish","4":"has-post-thumbnail","6":"product_cat-bettwasche-de","7":"product_cat-krankenunterlage","8":"product_cat-sie-werden-es-mogen","9":"product_tag-no-oekotex-de","10":"pa_couleur-ecru-de","11":"pa_dimensions-140-190-cm","12":"pa_dimensions-140-200-cm","13":"pa_dimensions-160-200-cm","14":"pa_dimensions-180x200-cm","15":"pa_dimensions-200-200-cm","16":"pa_dimensions-80-200-cm","17":"pa_dimensions-90-190-cm","18":"pa_dimensions-90-200-cm","19":"pa_grammage-250grs-m","20":"pa_matiere-56-polyester-44-lyocell-de","21":"gamme-aerotencel-de","22":"matiere-lyocell-de","23":"matiere-polyester-de","25":"first","26":"instock","27":"taxable","28":"shipping-taxable","29":"purchasable","30":"product-type-variable","31":"has-default-attributes"},"acf":[],"df_price":22.82,"df_sale_price":"","df_regular_price":22.82,"df_image_link":"https:\/\/www.linvosges-hotellerie.com\/wp-content\/uploads\/2020\/12\/alese-housse-aerotencel-anti-bacteries-hotel-professionnel-linvosges-hotellerie-300x300.jpg","_links":{"self":[{"href":"https:\/\/www.linvosges-hotellerie.com\/de\/wp-json\/wp\/v2\/product\/54231","targetHints":{"allow":["GET"]}}],"collection":[{"href":"https:\/\/www.linvosges-hotellerie.com\/de\/wp-json\/wp\/v2\/product"}],"about":[{"href":"https:\/\/www.linvosges-hotellerie.com\/de\/wp-json\/wp\/v2\/types\/product"}],"wp:featuredmedia":[{"embeddable":true,"href":"https:\/\/www.linvosges-hotellerie.com\/de\/wp-json\/wp\/v2\/media\/54233"}],"wp:attachment":[{"href":"https:\/\/www.linvosges-hotellerie.com\/de\/wp-json\/wp\/v2\/media?parent=54231"}],"wp:term":[{"taxonomy":"label","embeddable":true,"href":"https:\/\/www.linvosges-hotellerie.com\/de\/wp-json\/wp\/v2\/label?post=54231"},{"taxonomy":"product_brand","embeddable":true,"href":"https:\/\/www.linvosges-hotellerie.com\/de\/wp-json\/wp\/v2\/product_brand?post=54231"},{"taxonomy":"product_cat","embeddable":true,"href":"https:\/\/www.linvosges-hotellerie.com\/de\/wp-json\/wp\/v2\/product_cat?post=54231"},{"taxonomy":"product_tag","embeddable":true,"href":"https:\/\/www.linvosges-hotellerie.com\/de\/wp-json\/wp\/v2\/product_tag?post=54231"},{"taxonomy":"gamme","embeddable":true,"href":"https:\/\/www.linvosges-hotellerie.com\/de\/wp-json\/wp\/v2\/gamme?post=54231"},{"taxonomy":"matiere","embeddable":true,"href":"https:\/\/www.linvosges-hotellerie.com\/de\/wp-json\/wp\/v2\/matiere?post=54231"}],"curies":[{"name":"wp","href":"https:\/\/api.w.org\/{rel}","templated":true}]}}