{"id":54247,"date":"2020-11-27T12:47:34","date_gmt":"2020-11-27T11:47:34","guid":{"rendered":"https:\/\/www.linvosges-hotellerie.com\/unkategorisiert\/steppkissen-doux-reve\/"},"modified":"2020-11-27T12:47:34","modified_gmt":"2020-11-27T11:47:34","slug":"steppkissen-doux-reve","status":"publish","type":"product","link":"https:\/\/www.linvosges-hotellerie.com\/de\/bettwasche-de\/kopfkissen-und-nackenrolle\/steppkissen-doux-reve\/","title":{"rendered":"Steppkissen Doux R\u00eave"},"content":{"rendered":"<p>Dieses komfortable und geniale Kissen besteht aus einem Innenkissen und einer gesteppten H\u00fclle mit Rei\u00dfverschluss, die sich wie Pfirsichhaut anf\u00fchlt. Sie ist abnehmbar, was beim Waschen und Trocknen in der Maschine viel Platz und Gewicht spart.<\/p>\n<p>Achtung: Begrenzte Best\u00e4nde<\/p>\n","protected":false},"excerpt":{"rendered":"<p>Maschinenw\u00e4sche bei 60\u00b0.<br \/>\nChlor und Bleichmittel verboten<br \/>\nTrocknen im Tumbler bei 60\u00b0.<br \/>\nB\u00fcgeln verboten<br \/>\nNicht chemisch reinigen<br \/>\n<span class=\"ginetex\">  4 o s m U  <\/span><\/p>\n","protected":false},"featured_media":54250,"template":"","meta":{"_acf_changed":false},"label":[],"product_brand":[],"product_cat":[2370,2673,1538],"product_tag":[],"gamme":[3018],"matiere":[1765],"class_list":{"0":"post-54247","1":"product","2":"type-product","3":"status-publish","4":"has-post-thumbnail","6":"product_cat-bettwasche-de","7":"product_cat-kopfkissen-und-nackenrolle","8":"product_cat-outlet-alles-auf-50-reduziert","9":"pa_couleur-weis","10":"pa_dimensions-50-70-cm","11":"pa_dimensions-60-60-cm","12":"pa_dimensions-65-65-cm","13":"pa_grammage-450grs","14":"pa_grammage-500grs","15":"pa_matiere-hulle-mit-reisverschluss-und-pfirsichhautgriff-aus-batist-mikrofaser-100-polyester-steppung-aus-100-polyester-125-g-m2-innenkissen-mit-flockenfullung-aus-100-polyesterfaser","16":"gamme-suser-traum","17":"matiere-polyester-de","19":"first","20":"outofstock","21":"taxable","22":"shipping-taxable","23":"product-type-variable","24":"has-default-attributes"},"acf":[],"df_price":"","df_sale_price":"","df_regular_price":"","df_image_link":"https:\/\/www.linvosges-hotellerie.com\/wp-content\/uploads\/2021\/01\/oreiller-matelasse-doux-reve-hotel-professionnel-linvosges-hotellerie-300x300.jpg","_links":{"self":[{"href":"https:\/\/www.linvosges-hotellerie.com\/de\/wp-json\/wp\/v2\/product\/54247","targetHints":{"allow":["GET"]}}],"collection":[{"href":"https:\/\/www.linvosges-hotellerie.com\/de\/wp-json\/wp\/v2\/product"}],"about":[{"href":"https:\/\/www.linvosges-hotellerie.com\/de\/wp-json\/wp\/v2\/types\/product"}],"wp:featuredmedia":[{"embeddable":true,"href":"https:\/\/www.linvosges-hotellerie.com\/de\/wp-json\/wp\/v2\/media\/54250"}],"wp:attachment":[{"href":"https:\/\/www.linvosges-hotellerie.com\/de\/wp-json\/wp\/v2\/media?parent=54247"}],"wp:term":[{"taxonomy":"label","embeddable":true,"href":"https:\/\/www.linvosges-hotellerie.com\/de\/wp-json\/wp\/v2\/label?post=54247"},{"taxonomy":"product_brand","embeddable":true,"href":"https:\/\/www.linvosges-hotellerie.com\/de\/wp-json\/wp\/v2\/product_brand?post=54247"},{"taxonomy":"product_cat","embeddable":true,"href":"https:\/\/www.linvosges-hotellerie.com\/de\/wp-json\/wp\/v2\/product_cat?post=54247"},{"taxonomy":"product_tag","embeddable":true,"href":"https:\/\/www.linvosges-hotellerie.com\/de\/wp-json\/wp\/v2\/product_tag?post=54247"},{"taxonomy":"gamme","embeddable":true,"href":"https:\/\/www.linvosges-hotellerie.com\/de\/wp-json\/wp\/v2\/gamme?post=54247"},{"taxonomy":"matiere","embeddable":true,"href":"https:\/\/www.linvosges-hotellerie.com\/de\/wp-json\/wp\/v2\/matiere?post=54247"}],"curies":[{"name":"wp","href":"https:\/\/api.w.org\/{rel}","templated":true}]}}