{"id":54371,"date":"2021-01-29T12:34:09","date_gmt":"2021-01-29T11:34:09","guid":{"rendered":"https:\/\/www.linvosges-hotellerie.com\/unkategorisiert\/revotel-2-synthetischer-ueberzug\/"},"modified":"2021-01-29T12:34:09","modified_gmt":"2021-01-29T11:34:09","slug":"revotel-2-synthetischer-ueberzug","status":"publish","type":"product","link":"https:\/\/www.linvosges-hotellerie.com\/de\/bettwasche-de\/kopfkissen-und-nackenrolle\/revotel-2-synthetischer-ueberzug\/","title":{"rendered":"Revotel 2 Synthetischer \u00dcberzug"},"content":{"rendered":"<p>Ein sehr gutes Preis-Leistungs-Verh\u00e4ltnis f\u00fcr dieses bequeme und pflegeleichte Kissen. Overlock-Finish Bourdon wei\u00df<\/p>\n<p>\u00d6kobeitrag im Preis inbegriffen<\/p>\n","protected":false},"excerpt":{"rendered":"<p>Maschinenw\u00e4sche bei 60\u00b0.<br \/>\nChlor und Bleichmittel verboten<br \/>\nTrocknen im Tumbler bei 60\u00b0.<br \/>\nB\u00fcgeln verboten<br \/>\nNicht chemisch reinigen<br \/>\n<span class=\"ginetex\">  4 o s m U  <\/span><\/p>\n","protected":false},"featured_media":54377,"template":"","meta":{"_acf_changed":false},"label":[],"product_brand":[],"product_cat":[2370,2673],"product_tag":[],"gamme":[3031],"matiere":[1765],"class_list":{"0":"post-54371","1":"product","2":"type-product","3":"status-publish","4":"has-post-thumbnail","6":"product_cat-bettwasche-de","7":"product_cat-kopfkissen-und-nackenrolle","8":"pa_couleur-weis","9":"pa_dimensions-140-cm","10":"pa_dimensions-160-cm","11":"pa_dimensions-180-cm","12":"pa_dimensions-45-70-cm","13":"pa_dimensions-50-70-cm","14":"pa_dimensions-60-60-cm","15":"pa_dimensions-65-65-cm","16":"pa_dimensions-90-cm","17":"pa_grammage-1050grs","18":"pa_grammage-500grs","19":"pa_grammage-800grs","20":"pa_grammage-950grs","21":"pa_matiere-fullung-aus-100-polyester-mikrofaser-mikrofaser-umhullung","22":"gamme-revotel-2-de","23":"matiere-polyester-de","25":"first","26":"instock","27":"taxable","28":"shipping-taxable","29":"purchasable","30":"product-type-variable","31":"has-default-attributes"},"acf":[],"df_price":13.91,"df_sale_price":"","df_regular_price":13.91,"df_image_link":"https:\/\/www.linvosges-hotellerie.com\/wp-content\/uploads\/2020\/12\/oreiller-synthetique-revotel-2-hotel-professionnel-linvosges-hotellerie-300x300.jpg","_links":{"self":[{"href":"https:\/\/www.linvosges-hotellerie.com\/de\/wp-json\/wp\/v2\/product\/54371","targetHints":{"allow":["GET"]}}],"collection":[{"href":"https:\/\/www.linvosges-hotellerie.com\/de\/wp-json\/wp\/v2\/product"}],"about":[{"href":"https:\/\/www.linvosges-hotellerie.com\/de\/wp-json\/wp\/v2\/types\/product"}],"wp:featuredmedia":[{"embeddable":true,"href":"https:\/\/www.linvosges-hotellerie.com\/de\/wp-json\/wp\/v2\/media\/54377"}],"wp:attachment":[{"href":"https:\/\/www.linvosges-hotellerie.com\/de\/wp-json\/wp\/v2\/media?parent=54371"}],"wp:term":[{"taxonomy":"label","embeddable":true,"href":"https:\/\/www.linvosges-hotellerie.com\/de\/wp-json\/wp\/v2\/label?post=54371"},{"taxonomy":"product_brand","embeddable":true,"href":"https:\/\/www.linvosges-hotellerie.com\/de\/wp-json\/wp\/v2\/product_brand?post=54371"},{"taxonomy":"product_cat","embeddable":true,"href":"https:\/\/www.linvosges-hotellerie.com\/de\/wp-json\/wp\/v2\/product_cat?post=54371"},{"taxonomy":"product_tag","embeddable":true,"href":"https:\/\/www.linvosges-hotellerie.com\/de\/wp-json\/wp\/v2\/product_tag?post=54371"},{"taxonomy":"gamme","embeddable":true,"href":"https:\/\/www.linvosges-hotellerie.com\/de\/wp-json\/wp\/v2\/gamme?post=54371"},{"taxonomy":"matiere","embeddable":true,"href":"https:\/\/www.linvosges-hotellerie.com\/de\/wp-json\/wp\/v2\/matiere?post=54371"}],"curies":[{"name":"wp","href":"https:\/\/api.w.org\/{rel}","templated":true}]}}