{"id":54381,"date":"2020-12-16T02:33:09","date_gmt":"2020-12-16T01:33:09","guid":{"rendered":"https:\/\/www.linvosges-hotellerie.com\/unkategorisiert\/bettueberwurf-allegro\/"},"modified":"2020-12-16T02:33:09","modified_gmt":"2020-12-16T01:33:09","slug":"bettueberwurf-allegro","status":"publish","type":"product","link":"https:\/\/www.linvosges-hotellerie.com\/de\/die-dekoration\/bettuberwurf\/bettueberwurf-allegro\/","title":{"rendered":"Bett\u00fcberwurf Allegro"},"content":{"rendered":"<p>Diese Bettkastenabdeckung ist ein unverzichtbares Dekorationselement und in 5 Farben erh\u00e4ltlich. 3 Volants, 30 cm hoch, 2 Kellerfalten an den F\u00fc\u00dfen mit 14 cm R\u00fccksprung am Kopf f\u00fcr eine ausgezeichnete Passform.<\/p>\n","protected":false},"excerpt":{"rendered":"<p>Maschinenw\u00e4sche bei 30\u00b0 Feinw\u00e4sche<br \/>\nChlor und Bleichmittel verboten<br \/>\nW\u00e4schetrockner verboten<br \/>\nB\u00fcgeln verboten<br \/>\nF\u00fcr die chemische Reinigung zugelassene Produkte: Perchlorethylen, Kohlenwasserstoffe<\/p>\n<p><span class=\"ginetex\"> e o d m W <\/span><\/p>\n","protected":false},"featured_media":54383,"template":"","meta":{"_acf_changed":false},"label":[],"product_brand":[],"product_cat":[3035,2471],"product_tag":[],"gamme":[3033],"matiere":[1525,1765],"class_list":{"0":"post-54381","1":"product","2":"type-product","3":"status-publish","4":"has-post-thumbnail","6":"product_cat-bettuberwurf","7":"product_cat-die-dekoration","8":"pa_couleur-dunkelgrau","9":"pa_couleur-elfenbein","10":"pa_couleur-lin-de","11":"pa_couleur-nebel","12":"pa_couleur-schokolade","13":"pa_dimensions-140-190-cm","14":"pa_dimensions-160-200-cm","15":"pa_dimensions-180x200-cm","16":"pa_dimensions-200-200-cm","17":"pa_dimensions-80-190-cm","18":"pa_dimensions-80-200-cm","19":"pa_dimensions-90-190-cm","20":"pa_dimensions-90-200-cm","21":"pa_grammage-170grs-m","22":"pa_matiere-70-baumwolle-30-polyester","23":"gamme-allegro-de","24":"matiere-baumwolle","25":"matiere-polyester-de","27":"first","28":"instock","29":"taxable","30":"shipping-taxable","31":"purchasable","32":"product-type-variable","33":"has-default-attributes"},"acf":[],"df_price":19.44,"df_sale_price":"","df_regular_price":19.44,"df_image_link":"https:\/\/www.linvosges-hotellerie.com\/wp-content\/uploads\/2020\/12\/cache-sommier-polyester-coton-allegro-hotel-professionnel-linvosges-hotellerie-300x300.jpg","_links":{"self":[{"href":"https:\/\/www.linvosges-hotellerie.com\/de\/wp-json\/wp\/v2\/product\/54381","targetHints":{"allow":["GET"]}}],"collection":[{"href":"https:\/\/www.linvosges-hotellerie.com\/de\/wp-json\/wp\/v2\/product"}],"about":[{"href":"https:\/\/www.linvosges-hotellerie.com\/de\/wp-json\/wp\/v2\/types\/product"}],"wp:featuredmedia":[{"embeddable":true,"href":"https:\/\/www.linvosges-hotellerie.com\/de\/wp-json\/wp\/v2\/media\/54383"}],"wp:attachment":[{"href":"https:\/\/www.linvosges-hotellerie.com\/de\/wp-json\/wp\/v2\/media?parent=54381"}],"wp:term":[{"taxonomy":"label","embeddable":true,"href":"https:\/\/www.linvosges-hotellerie.com\/de\/wp-json\/wp\/v2\/label?post=54381"},{"taxonomy":"product_brand","embeddable":true,"href":"https:\/\/www.linvosges-hotellerie.com\/de\/wp-json\/wp\/v2\/product_brand?post=54381"},{"taxonomy":"product_cat","embeddable":true,"href":"https:\/\/www.linvosges-hotellerie.com\/de\/wp-json\/wp\/v2\/product_cat?post=54381"},{"taxonomy":"product_tag","embeddable":true,"href":"https:\/\/www.linvosges-hotellerie.com\/de\/wp-json\/wp\/v2\/product_tag?post=54381"},{"taxonomy":"gamme","embeddable":true,"href":"https:\/\/www.linvosges-hotellerie.com\/de\/wp-json\/wp\/v2\/gamme?post=54381"},{"taxonomy":"matiere","embeddable":true,"href":"https:\/\/www.linvosges-hotellerie.com\/de\/wp-json\/wp\/v2\/matiere?post=54381"}],"curies":[{"name":"wp","href":"https:\/\/api.w.org\/{rel}","templated":true}]}}