{"id":54657,"date":"2021-09-23T14:14:51","date_gmt":"2021-09-23T12:14:51","guid":{"rendered":"https:\/\/www.linvosges-hotellerie.com\/unkategorisiert\/vorhang-metalik\/"},"modified":"2021-09-23T14:14:51","modified_gmt":"2021-09-23T12:14:51","slug":"vorhang-metalik","status":"publish","type":"product","link":"https:\/\/www.linvosges-hotellerie.com\/de\/die-dekoration\/vorhang-de\/vorhang-metalik\/","title":{"rendered":"Vorhang Metalik"},"content":{"rendered":"<p>Der Wechsel von groben Leinengarnen und Viskosegarnen mit Metalleffekt verleiht den Metalik-Vorh\u00e4ngen Helligkeit. Erh\u00e4ltlich in der Farbe Seil.<\/p>\n<p>Die Abmessungen: 135cm breit \/ 260cm hoch<\/p>\n<p>Die Endbearbeitung :<\/p>\n<ul>\n<li>40 mm \u00d6senkopf, nickelfarben matt, mit Schalld\u00e4mpfer.<\/li>\n<li>Bleistrumpf mit einem Bleisteg auf jeder Seite.<\/li>\n<\/ul>\n<p>Die Pluspunkte:<\/p>\n<ul>\n<li>Schalld\u00e4mpfer reduzieren das Reibungsger\u00e4usch, erleichtern das Gleiten und sch\u00fctzen die Stange vor Kratzern.<\/li>\n<li>Die Bleistangen auf beiden Seiten unten beschweren den Vorhang, um einen sch\u00f6nen Fall zu gew\u00e4hrleisten und den Trapezeffekt zu begrenzen.<\/li>\n<li>gewebt in Frankreich und konfektioniert in unserem Atelier in G\u00e9rardmer<\/li>\n<\/ul>\n","protected":false},"excerpt":{"rendered":"<p>Maschinenw\u00e4sche bei 30\u00b0 Feinw\u00e4sche<br \/>\nChlor und Bleichmittel verboten<br \/>\nNicht maschinell trocknen<br \/>\nB\u00fcgeln bei einer Temperatur von maximal 150\u00b0 C<br \/>\nF\u00fcr die chemische Reinigung zugelassene Produkte: Perchlorethylen, Kohlenwasserstoffe<\/p>\n<p>w o d b W<\/p>\n","protected":false},"featured_media":54659,"template":"","meta":{"_acf_changed":false},"label":[],"product_brand":[],"product_cat":[2471,3080],"product_tag":[],"gamme":[3076],"matiere":[2137,1765,3078],"class_list":{"0":"post-54657","1":"product","2":"type-product","3":"status-publish","4":"has-post-thumbnail","6":"product_cat-die-dekoration","7":"product_cat-vorhang-de","8":"pa_couleur-seil","9":"pa_dimensions-135x260-cm","10":"pa_grammage-87grs-m","11":"pa_matiere-51-viskose-25-leinen-24-polyester","12":"gamme-metalik-de","13":"matiere-lin-de","14":"matiere-polyester-de","15":"matiere-viskose","17":"first","18":"instock","19":"taxable","20":"shipping-taxable","21":"purchasable","22":"product-type-variable"},"acf":[],"df_price":64.05,"df_sale_price":"","df_regular_price":64.05,"df_image_link":"https:\/\/www.linvosges-hotellerie.com\/wp-content\/uploads\/2021\/09\/voilage-metalik-corde-cote-hotel-professionnel-300x300.png","_links":{"self":[{"href":"https:\/\/www.linvosges-hotellerie.com\/de\/wp-json\/wp\/v2\/product\/54657","targetHints":{"allow":["GET"]}}],"collection":[{"href":"https:\/\/www.linvosges-hotellerie.com\/de\/wp-json\/wp\/v2\/product"}],"about":[{"href":"https:\/\/www.linvosges-hotellerie.com\/de\/wp-json\/wp\/v2\/types\/product"}],"wp:featuredmedia":[{"embeddable":true,"href":"https:\/\/www.linvosges-hotellerie.com\/de\/wp-json\/wp\/v2\/media\/54659"}],"wp:attachment":[{"href":"https:\/\/www.linvosges-hotellerie.com\/de\/wp-json\/wp\/v2\/media?parent=54657"}],"wp:term":[{"taxonomy":"label","embeddable":true,"href":"https:\/\/www.linvosges-hotellerie.com\/de\/wp-json\/wp\/v2\/label?post=54657"},{"taxonomy":"product_brand","embeddable":true,"href":"https:\/\/www.linvosges-hotellerie.com\/de\/wp-json\/wp\/v2\/product_brand?post=54657"},{"taxonomy":"product_cat","embeddable":true,"href":"https:\/\/www.linvosges-hotellerie.com\/de\/wp-json\/wp\/v2\/product_cat?post=54657"},{"taxonomy":"product_tag","embeddable":true,"href":"https:\/\/www.linvosges-hotellerie.com\/de\/wp-json\/wp\/v2\/product_tag?post=54657"},{"taxonomy":"gamme","embeddable":true,"href":"https:\/\/www.linvosges-hotellerie.com\/de\/wp-json\/wp\/v2\/gamme?post=54657"},{"taxonomy":"matiere","embeddable":true,"href":"https:\/\/www.linvosges-hotellerie.com\/de\/wp-json\/wp\/v2\/matiere?post=54657"}],"curies":[{"name":"wp","href":"https:\/\/api.w.org\/{rel}","templated":true}]}}