{"id":54680,"date":"2023-08-28T17:28:13","date_gmt":"2023-08-28T15:28:13","guid":{"rendered":"https:\/\/www.linvosges-hotellerie.com\/unkategorisiert\/3er-set-anti-kalk-patronen\/"},"modified":"2023-08-28T17:28:13","modified_gmt":"2023-08-28T15:28:13","slug":"3er-set-anti-kalk-patronen","status":"publish","type":"product","link":"https:\/\/www.linvosges-hotellerie.com\/de\/zubehor\/3er-set-anti-kalk-patronen\/","title":{"rendered":"3er-Set Anti-Kalk-Patronen"},"content":{"rendered":"<p>Die Anti-Kalk-Kartusche, die speziell von den Schweizer Ingenieuren von Laurastar entwickelt wurde, filtert das Leitungswasser, bevor es zum B\u00fcgeln, Reinigen und Desinfizieren verwendet wird. Verhindert Kalkablagerungen und verl\u00e4ngert die Lebensdauer Ihres Izzi Plus Steamers. Anti-Salz verbessert die Qualit\u00e4t des Dampfes f\u00fcr ein optimales Gl\u00e4tten. Es wirkt antikorrosiv und schont die Komponenten des Kessels.<br \/>\nDie Anti-Kalk-Kartusche muss ausgetauscht werden, wenn die rote Kontrollleuchte an Ihrer Zentrale blinkt, d.h. alle 40 Stunden.<\/p>\n<p>Verkauft in Sets von 3<\/p>\n","protected":false},"excerpt":{"rendered":"<p>Zusammensetzung: Kunststoff (Kartusche) und Kunstharz<br \/>\nDemineralisierung (Anti-Kalk-Granulat in der Kartusche)<\/p>\n<p>Abmessungen (H \u00d7 B \u00d7 T): 9,9 \u00d7 6,1 \u00d7 5,9 cm<\/p>\n","protected":false},"featured_media":54684,"template":"","meta":{"_acf_changed":false},"label":[],"product_brand":[],"product_cat":[2978],"product_tag":[],"gamme":[2977],"matiere":[],"class_list":{"0":"post-54680","1":"product","2":"type-product","3":"status-publish","4":"has-post-thumbnail","6":"product_cat-zubehor","7":"pa_couleur-schwarz","8":"pa_dimensions-taille-unique","9":"gamme-izzi-plus-de","11":"first","12":"instock","13":"taxable","14":"shipping-taxable","15":"purchasable","16":"product-type-variable","17":"has-default-attributes"},"acf":[],"df_price":52,"df_sale_price":"","df_regular_price":52,"df_image_link":"https:\/\/www.linvosges-hotellerie.com\/wp-content\/uploads\/2023\/08\/Lot-de-3-cartouches-anti-calcaire-emballage-Laurastar-Linvosges-hotellerie-professionnels-300x300.png","_links":{"self":[{"href":"https:\/\/www.linvosges-hotellerie.com\/de\/wp-json\/wp\/v2\/product\/54680","targetHints":{"allow":["GET"]}}],"collection":[{"href":"https:\/\/www.linvosges-hotellerie.com\/de\/wp-json\/wp\/v2\/product"}],"about":[{"href":"https:\/\/www.linvosges-hotellerie.com\/de\/wp-json\/wp\/v2\/types\/product"}],"wp:featuredmedia":[{"embeddable":true,"href":"https:\/\/www.linvosges-hotellerie.com\/de\/wp-json\/wp\/v2\/media\/54684"}],"wp:attachment":[{"href":"https:\/\/www.linvosges-hotellerie.com\/de\/wp-json\/wp\/v2\/media?parent=54680"}],"wp:term":[{"taxonomy":"label","embeddable":true,"href":"https:\/\/www.linvosges-hotellerie.com\/de\/wp-json\/wp\/v2\/label?post=54680"},{"taxonomy":"product_brand","embeddable":true,"href":"https:\/\/www.linvosges-hotellerie.com\/de\/wp-json\/wp\/v2\/product_brand?post=54680"},{"taxonomy":"product_cat","embeddable":true,"href":"https:\/\/www.linvosges-hotellerie.com\/de\/wp-json\/wp\/v2\/product_cat?post=54680"},{"taxonomy":"product_tag","embeddable":true,"href":"https:\/\/www.linvosges-hotellerie.com\/de\/wp-json\/wp\/v2\/product_tag?post=54680"},{"taxonomy":"gamme","embeddable":true,"href":"https:\/\/www.linvosges-hotellerie.com\/de\/wp-json\/wp\/v2\/gamme?post=54680"},{"taxonomy":"matiere","embeddable":true,"href":"https:\/\/www.linvosges-hotellerie.com\/de\/wp-json\/wp\/v2\/matiere?post=54680"}],"curies":[{"name":"wp","href":"https:\/\/api.w.org\/{rel}","templated":true}]}}