{"id":54686,"date":"2023-08-28T16:29:20","date_gmt":"2023-08-28T14:29:20","guid":{"rendered":"https:\/\/www.linvosges-hotellerie.com\/unkategorisiert\/wagen-izzi-cart\/"},"modified":"2023-08-28T16:29:20","modified_gmt":"2023-08-28T14:29:20","slug":"wagen-izzi-cart","status":"publish","type":"product","link":"https:\/\/www.linvosges-hotellerie.com\/de\/zubehor\/wagen-izzi-cart\/","title":{"rendered":"Wagen IZZI CART"},"content":{"rendered":"<p>Dieser clevere Helfer erm\u00f6glicht es Ihnen, die Laurastar IZZI PLUS Steamer dank seiner 4 Rollen m\u00fchelos zu bewegen.<\/p>\n<p>Er ist h\u00f6henverstellbar, hat einen praktischen Haken zum Aufh\u00e4ngen der W\u00e4sche beim Gl\u00e4tten und einen hitzebest\u00e4ndigen Sockel, auf den Sie den Izzi PLUS Steamer auch im hei\u00dfen Zustand stellen k\u00f6nnen.<\/p>\n<p>Ein weiterer Vorteil ist, dass er f\u00fcr eine ultraflache Aufbewahrung zusammenklappbar ist.<\/p>\n<p>Zubeh\u00f6r ohne Steamer verkauft<\/p>\n","protected":false},"excerpt":{"rendered":"<p>Abmessungen aufgeklappt: 40 x 38 x 177 cm<\/p>\n<p>Abmessungen zusammengeklappt: 40 x 10,5 x 105 cm<\/p>\n<p>Gewicht: 3,2 kg<\/p>\n","protected":false},"featured_media":54688,"template":"","meta":{"_acf_changed":false},"label":[],"product_brand":[],"product_cat":[2978],"product_tag":[],"gamme":[2977],"matiere":[],"class_list":{"0":"post-54686","1":"product","2":"type-product","3":"status-publish","4":"has-post-thumbnail","6":"product_cat-zubehor","7":"pa_couleur-grau","8":"pa_dimensions-40x105-cm","9":"gamme-izzi-plus-de","11":"first","12":"instock","13":"taxable","14":"shipping-taxable","15":"purchasable","16":"product-type-variable","17":"has-default-attributes"},"acf":[],"df_price":162,"df_sale_price":"","df_regular_price":162,"df_image_link":"https:\/\/www.linvosges-hotellerie.com\/wp-content\/uploads\/2023\/08\/IZZI-CART-Accessoire-pour-hotel-restaurant-gite-professionnel-Linvosges-hotellerie-300x300.png","_links":{"self":[{"href":"https:\/\/www.linvosges-hotellerie.com\/de\/wp-json\/wp\/v2\/product\/54686","targetHints":{"allow":["GET"]}}],"collection":[{"href":"https:\/\/www.linvosges-hotellerie.com\/de\/wp-json\/wp\/v2\/product"}],"about":[{"href":"https:\/\/www.linvosges-hotellerie.com\/de\/wp-json\/wp\/v2\/types\/product"}],"wp:featuredmedia":[{"embeddable":true,"href":"https:\/\/www.linvosges-hotellerie.com\/de\/wp-json\/wp\/v2\/media\/54688"}],"wp:attachment":[{"href":"https:\/\/www.linvosges-hotellerie.com\/de\/wp-json\/wp\/v2\/media?parent=54686"}],"wp:term":[{"taxonomy":"label","embeddable":true,"href":"https:\/\/www.linvosges-hotellerie.com\/de\/wp-json\/wp\/v2\/label?post=54686"},{"taxonomy":"product_brand","embeddable":true,"href":"https:\/\/www.linvosges-hotellerie.com\/de\/wp-json\/wp\/v2\/product_brand?post=54686"},{"taxonomy":"product_cat","embeddable":true,"href":"https:\/\/www.linvosges-hotellerie.com\/de\/wp-json\/wp\/v2\/product_cat?post=54686"},{"taxonomy":"product_tag","embeddable":true,"href":"https:\/\/www.linvosges-hotellerie.com\/de\/wp-json\/wp\/v2\/product_tag?post=54686"},{"taxonomy":"gamme","embeddable":true,"href":"https:\/\/www.linvosges-hotellerie.com\/de\/wp-json\/wp\/v2\/gamme?post=54686"},{"taxonomy":"matiere","embeddable":true,"href":"https:\/\/www.linvosges-hotellerie.com\/de\/wp-json\/wp\/v2\/matiere?post=54686"}],"curies":[{"name":"wp","href":"https:\/\/api.w.org\/{rel}","templated":true}]}}