{"id":54817,"date":"2023-12-07T13:21:31","date_gmt":"2023-12-07T12:21:31","guid":{"rendered":"https:\/\/www.linvosges-hotellerie.com\/unkategorisiert\/marquise-matratze\/"},"modified":"2023-12-07T13:21:31","modified_gmt":"2023-12-07T12:21:31","slug":"marquise-matratze","status":"publish","type":"product","link":"https:\/\/www.linvosges-hotellerie.com\/de\/bettwasche-de\/matratzen\/marquise-matratze\/","title":{"rendered":"Marquise-Matratze"},"content":{"rendered":"<p>Die Matratze Marquise wurde f\u00fcr den Komfort und das Wohlbefinden eines 5-Sterne-Hotels entwickelt und wird Ihren G\u00e4sten einen au\u00dfergew\u00f6hnlichen Schlaf bieten. Die Zusammensetzung aus zahlreichen Taschenfedern und einer gro\u00dfz\u00fcgigen Schicht Memory-Schaum sorgt f\u00fcr ergonomischen Komfort, der R\u00fccken- und Gelenkschmerzen beseitigt. Ein weiterer Vorteil ist, dass er jede Bewegung absorbiert, was zu einer ruhigen und erholsamen Nacht f\u00fchrt. Die gesteppte Tischplatte und das gepolsterte Tablett verleihen ihm eine hochwertige \u00c4sthetik, die sich in den besten Hotels sehen lassen kann.<\/p>\n<p><strong>ST\u00c4RKEN :<\/strong><\/p>\n<ul>\n<li><strong>Ergonomie:<\/strong> Der Schaumstoff mit Formged\u00e4chtnis passt sich Ihrer Morphologie an und erm\u00f6glicht eine bessere Blutzirkulation sowie eine Reduzierung von R\u00fccken- und Gelenkschmerzen.<\/li>\n<li><strong>Sehr gute Liegeunabh\u00e4ngigkeit:<\/strong> Der Memoryschaum verhindert die \u00dcbertragung von Bewegungen und sorgt so f\u00fcr einen ruhigeren Schlaf.<\/li>\n<li><strong>Unterst\u00fctzung:<\/strong> Der Taschenfederkern sorgt f\u00fcr eine optimale K\u00f6rperfederung.<\/li>\n<li><strong>Hygiene:<\/strong> Der Taschenfederkern verleiht der Matratze eine ausgezeichnete Bel\u00fcftung, was zu einer ges\u00fcnderen Bettw\u00e4sche im Alltag und im Laufe der Zeit f\u00fchrt.<\/li>\n<li><strong>Erleichterte Handhabung<\/strong> durch 4 integrierte Griffe (2 auf jeder Seite der Matratze)<\/li>\n<\/ul>\n<p><strong>MERKMALE :<\/strong><\/p>\n<ul>\n<li><strong>Dicke der Matratze:<\/strong> 28 cm<\/li>\n<li><strong>Technologie:<\/strong> Taschenfedern &amp; Formged\u00e4chtnis<\/li>\n<li><strong>Aufnahme: <\/strong>Progressiv<\/li>\n<li><strong>Unterst\u00fctzung:<\/strong> Fest<\/li>\n<li><strong>Liegeunabh\u00e4ngigkeit:<\/strong> Sehr gut<\/li>\n<li><strong>Bel\u00fcftung:<\/strong> Ausgezeichnet<\/li>\n<li><strong>Abnehmbarer Bezug:<\/strong> Ja<\/li>\n<li><strong>Verpackung:<\/strong> Gerollt komprimiert<\/li>\n<li><strong>Garantie:<\/strong> 10 Jahre<\/li>\n<\/ul>\n","protected":false},"excerpt":{"rendered":"<p><strong>ZUSAMMENSETZUNG :<\/strong><\/p>\n<ul>\n<li><strong>Innenkern der Matratze:<\/strong> 18 cm <strong>Taschenfederkern<\/strong>, d.h. 850 Taschenfedern (auf der Grundlage einer 160&#215;200 cm gro\u00dfen Matratze) + 2 cm viskoelastischer Schaumstoff mit Formged\u00e4chtnis mit einer Dichte von 50 kg\/m3 + 6 cm Kontaktschaumstoff<\/li>\n<li><strong>Polsterung :<\/strong>\n<ul>\n<li>500 gr\/m\u00b2 Stretchgewebe + zentrale Stickerei &#8220;La ling\u00e8re&#8221;.<\/li>\n<li>Wei\u00dfe Paspel auf der Blumenrabatte + Wei\u00dfer Samt + Borte<\/li>\n<li>Topper-Effekt<\/li>\n<li>Vertikale wei\u00dfe Griffe an den Seiten<\/li>\n<li>Rutschfeste Coutil auf der Unterseite<\/li>\n<\/ul>\n<\/li>\n<\/ul>\n<p><strong>REINIGUNG: <\/strong>Trockenreinigung<\/p>\n","protected":false},"featured_media":63229,"template":"","meta":{"_acf_changed":false},"label":[],"product_brand":[],"product_cat":[2370,2890],"product_tag":[],"gamme":[3100],"matiere":[],"class_list":{"0":"post-54817","1":"product","2":"type-product","3":"status-publish","4":"has-post-thumbnail","6":"product_cat-bettwasche-de","7":"product_cat-matratzen","8":"pa_dimensions-140-190-cm","9":"pa_dimensions-140-200-cm","10":"pa_dimensions-160-200-cm","11":"pa_dimensions-180x200-cm","12":"pa_dimensions-90-190-cm","13":"pa_dimensions-90-200-cm","14":"pa_matiere-taschenfederkern-und-memory-schaumstoff","15":"gamme-marquise-de","17":"first","18":"instock","19":"taxable","20":"shipping-taxable","21":"purchasable","22":"product-type-variable"},"acf":[],"df_price":"","df_sale_price":"","df_regular_price":"","df_image_link":"https:\/\/www.linvosges-hotellerie.com\/wp-content\/uploads\/2023\/12\/MATELAS-MARQUISE-1-300x300.jpg","_links":{"self":[{"href":"https:\/\/www.linvosges-hotellerie.com\/de\/wp-json\/wp\/v2\/product\/54817","targetHints":{"allow":["GET"]}}],"collection":[{"href":"https:\/\/www.linvosges-hotellerie.com\/de\/wp-json\/wp\/v2\/product"}],"about":[{"href":"https:\/\/www.linvosges-hotellerie.com\/de\/wp-json\/wp\/v2\/types\/product"}],"wp:featuredmedia":[{"embeddable":true,"href":"https:\/\/www.linvosges-hotellerie.com\/de\/wp-json\/wp\/v2\/media\/63229"}],"wp:attachment":[{"href":"https:\/\/www.linvosges-hotellerie.com\/de\/wp-json\/wp\/v2\/media?parent=54817"}],"wp:term":[{"taxonomy":"label","embeddable":true,"href":"https:\/\/www.linvosges-hotellerie.com\/de\/wp-json\/wp\/v2\/label?post=54817"},{"taxonomy":"product_brand","embeddable":true,"href":"https:\/\/www.linvosges-hotellerie.com\/de\/wp-json\/wp\/v2\/product_brand?post=54817"},{"taxonomy":"product_cat","embeddable":true,"href":"https:\/\/www.linvosges-hotellerie.com\/de\/wp-json\/wp\/v2\/product_cat?post=54817"},{"taxonomy":"product_tag","embeddable":true,"href":"https:\/\/www.linvosges-hotellerie.com\/de\/wp-json\/wp\/v2\/product_tag?post=54817"},{"taxonomy":"gamme","embeddable":true,"href":"https:\/\/www.linvosges-hotellerie.com\/de\/wp-json\/wp\/v2\/gamme?post=54817"},{"taxonomy":"matiere","embeddable":true,"href":"https:\/\/www.linvosges-hotellerie.com\/de\/wp-json\/wp\/v2\/matiere?post=54817"}],"curies":[{"name":"wp","href":"https:\/\/api.w.org\/{rel}","templated":true}]}}