{"id":54860,"date":"2023-12-07T14:41:46","date_gmt":"2023-12-07T13:41:46","guid":{"rendered":"https:\/\/www.linvosges-hotellerie.com\/unkategorisiert\/unterbett-duchesse\/"},"modified":"2023-12-07T14:41:46","modified_gmt":"2023-12-07T13:41:46","slug":"unterbett-duchesse","status":"publish","type":"product","link":"https:\/\/www.linvosges-hotellerie.com\/de\/bettwasche-de\/unterbett\/unterbett-duchesse\/","title":{"rendered":"Unterbett Duchesse"},"content":{"rendered":"<p>Das Boxspringbett Duchesse vereint Robustheit und Eleganz auf einfache Weise.<\/p>\n<p>Latten und Bezug: 13 passive Holzlatten mit einem Kontaktschaum, der mit einem einfarbigen M\u00f6belstoff bezogen ist.<\/p>\n<p>Einfassung : Der 13 cm hohe Kiefernholzkasten wird durch Eckgewichte aus massiver Buche verst\u00e4rkt. F\u00fcr die Doppelbetten gibt es Quer- und L\u00e4ngsverst\u00e4rkungen, die das Ganze verst\u00e4rken.<\/p>\n<p><strong>ST\u00c4RKEN :<\/strong><\/p>\n<ul>\n<li><strong>Komfort:<\/strong> fest<\/li>\n<li><strong>Hygiene: <\/strong>sorgt f\u00fcr eine gute Bel\u00fcftung der Matratze<\/li>\n<li><strong>Langlebigkeit:<\/strong> hochwertiges Holz und Verst\u00e4rkung f\u00fcr Doppelbetten<\/li>\n<li><strong>Sorgf\u00e4ltige Verarbeitung:<\/strong> der Stoffbezug passt zu allen Arten von Innendekorationen.<\/li>\n<li><strong>Anpassungsf\u00e4hig<\/strong> <strong>:<\/strong> Der Bettkasten kann in einen Bettrahmen integriert werden.<\/li>\n<\/ul>\n<p><strong>MERKMALE :<\/strong><\/p>\n<ul>\n<li><strong>H\u00f6he des Bettgestells: <\/strong>13 cm<\/li>\n<li><strong>Technologie: <\/strong>Passive Latten<\/li>\n<li><strong>Aufnahme: <\/strong>Progressiv<\/li>\n<li><strong>Unterst\u00fctzung: <\/strong>Fest<\/li>\n<li><strong>Bel\u00fcftung: <\/strong>Gut<\/li>\n<li><strong>Garantie: <\/strong>5 Jahre<\/li>\n<\/ul>\n<p>Bitte beachten Sie, dass die F\u00fc\u00dfe separat verkauft werden m\u00fcssen. Finden Sie sie in der Kategorie <a href=\"https:\/\/www.linvosges-hotellerie.com\/fr\/la-literie\/pied\/\">Bettfu\u00df<\/a>.<\/p>\n","protected":false},"excerpt":{"rendered":"<p><strong>ZUSAMMENSETZUNG :<\/strong><\/p>\n<ul>\n<li>Latten und Bezug: 13 passive Holzlatten mit einem Kontaktschaum, der mit einem einfarbigen M\u00f6belstoff bezogen ist.<\/li>\n<li>Einfassung : Der 13 cm hohe Kiefernholzkasten wird durch Eckgewichte aus massiver Buche verst\u00e4rkt. F\u00fcr die Doppelbetten gibt es Quer- und L\u00e4ngsverst\u00e4rkungen, die das Ganze verst\u00e4rken.<\/li>\n<\/ul>\n","protected":false},"featured_media":63285,"template":"","meta":{"_acf_changed":false},"label":[],"product_brand":[],"product_cat":[2370,3109],"product_tag":[],"gamme":[3108],"matiere":[],"class_list":{"0":"post-54860","1":"product","2":"type-product","3":"status-publish","4":"has-post-thumbnail","6":"product_cat-bettwasche-de","7":"product_cat-unterbett","8":"pa_couleur-anthrazit","9":"pa_couleur-weis","10":"pa_dimensions-140-190-cm","11":"pa_dimensions-140-200-cm","12":"pa_dimensions-160-200-cm","13":"pa_dimensions-90-190-cm","14":"pa_dimensions-90-200-cm","15":"gamme-herzogin","17":"first","18":"instock","19":"taxable","20":"shipping-taxable","21":"purchasable","22":"product-type-variable","23":"has-default-attributes"},"acf":[],"df_price":"","df_sale_price":"","df_regular_price":"","df_image_link":"https:\/\/www.linvosges-hotellerie.com\/wp-content\/uploads\/2023\/12\/Sommier-DUCHESSE-300x300.jpg","_links":{"self":[{"href":"https:\/\/www.linvosges-hotellerie.com\/de\/wp-json\/wp\/v2\/product\/54860","targetHints":{"allow":["GET"]}}],"collection":[{"href":"https:\/\/www.linvosges-hotellerie.com\/de\/wp-json\/wp\/v2\/product"}],"about":[{"href":"https:\/\/www.linvosges-hotellerie.com\/de\/wp-json\/wp\/v2\/types\/product"}],"wp:featuredmedia":[{"embeddable":true,"href":"https:\/\/www.linvosges-hotellerie.com\/de\/wp-json\/wp\/v2\/media\/63285"}],"wp:attachment":[{"href":"https:\/\/www.linvosges-hotellerie.com\/de\/wp-json\/wp\/v2\/media?parent=54860"}],"wp:term":[{"taxonomy":"label","embeddable":true,"href":"https:\/\/www.linvosges-hotellerie.com\/de\/wp-json\/wp\/v2\/label?post=54860"},{"taxonomy":"product_brand","embeddable":true,"href":"https:\/\/www.linvosges-hotellerie.com\/de\/wp-json\/wp\/v2\/product_brand?post=54860"},{"taxonomy":"product_cat","embeddable":true,"href":"https:\/\/www.linvosges-hotellerie.com\/de\/wp-json\/wp\/v2\/product_cat?post=54860"},{"taxonomy":"product_tag","embeddable":true,"href":"https:\/\/www.linvosges-hotellerie.com\/de\/wp-json\/wp\/v2\/product_tag?post=54860"},{"taxonomy":"gamme","embeddable":true,"href":"https:\/\/www.linvosges-hotellerie.com\/de\/wp-json\/wp\/v2\/gamme?post=54860"},{"taxonomy":"matiere","embeddable":true,"href":"https:\/\/www.linvosges-hotellerie.com\/de\/wp-json\/wp\/v2\/matiere?post=54860"}],"curies":[{"name":"wp","href":"https:\/\/api.w.org\/{rel}","templated":true}]}}