{"id":54962,"date":"2020-11-27T05:31:20","date_gmt":"2020-11-27T04:31:20","guid":{"rendered":"https:\/\/www.linvosges-hotellerie.com\/unkategorisiert\/geschirrtuch-lin\/"},"modified":"2020-11-27T05:31:20","modified_gmt":"2020-11-27T04:31:20","slug":"geschirrtuch-lin","status":"publish","type":"product","link":"https:\/\/www.linvosges-hotellerie.com\/de\/der-tisch\/buro\/torchon-de\/geschirrtuch-lin\/","title":{"rendered":"Geschirrtuch Lin"},"content":{"rendered":"<p>Ein unverzichtbares Accessoire zum streifen- und fusselfreien Abwischen von Gl\u00e4sern. Hergestellt aus reinem, strapazierf\u00e4higem Leinengarn. Wei\u00dfer Hintergrund mit farbigem Gittermuster (2 x rot, 2 x gr\u00fcn, 2 x blau). Verkauft in einem Set von 6 St\u00fcck<\/p>\n","protected":false},"excerpt":{"rendered":"<p>Maschinenw\u00e4sche bei 40\u00b0.<br \/>\nChlor und Bleichmittel verboten<br \/>\nTrocknen im Tumbler bei 60\u00b0.<br \/>\nB\u00fcgeln bei einer Temperatur von maximal 150\u00b0 C<br \/>\nNicht chemisch reinigen<br \/>\n<span class=\"ginetex\">  8 o s b U  <\/span><\/p>\n","protected":false},"featured_media":54964,"template":"","meta":{"_acf_changed":false},"label":[],"product_brand":[],"product_cat":[2634,1885,2650],"product_tag":[],"gamme":[3121],"matiere":[2137],"class_list":{"0":"post-54962","1":"product","2":"type-product","3":"status-publish","4":"has-post-thumbnail","6":"product_cat-buro","7":"product_cat-der-tisch","8":"product_cat-torchon-de","9":"pa_couleur-weiser-hintergrund-mit-rotem-grunem-blauem-gittermuster","10":"pa_dimensions-50-77-cm","11":"pa_grammage-160grs-m2","12":"pa_matiere-100-leinen","13":"gamme-lin-de","14":"matiere-lin-de","16":"first","17":"instock","18":"taxable","19":"shipping-taxable","20":"purchasable","21":"product-type-variable","22":"has-default-attributes"},"acf":[],"df_price":51.59,"df_sale_price":"","df_regular_price":51.59,"df_image_link":"https:\/\/www.linvosges-hotellerie.com\/wp-content\/uploads\/2020\/12\/torchon-cuisine-essuie-verres-lin-en-pur-fil-160-grs-m2-professionnel-restaurant-linvosges-hotellerie-3-300x300.jpg","_links":{"self":[{"href":"https:\/\/www.linvosges-hotellerie.com\/de\/wp-json\/wp\/v2\/product\/54962","targetHints":{"allow":["GET"]}}],"collection":[{"href":"https:\/\/www.linvosges-hotellerie.com\/de\/wp-json\/wp\/v2\/product"}],"about":[{"href":"https:\/\/www.linvosges-hotellerie.com\/de\/wp-json\/wp\/v2\/types\/product"}],"wp:featuredmedia":[{"embeddable":true,"href":"https:\/\/www.linvosges-hotellerie.com\/de\/wp-json\/wp\/v2\/media\/54964"}],"wp:attachment":[{"href":"https:\/\/www.linvosges-hotellerie.com\/de\/wp-json\/wp\/v2\/media?parent=54962"}],"wp:term":[{"taxonomy":"label","embeddable":true,"href":"https:\/\/www.linvosges-hotellerie.com\/de\/wp-json\/wp\/v2\/label?post=54962"},{"taxonomy":"product_brand","embeddable":true,"href":"https:\/\/www.linvosges-hotellerie.com\/de\/wp-json\/wp\/v2\/product_brand?post=54962"},{"taxonomy":"product_cat","embeddable":true,"href":"https:\/\/www.linvosges-hotellerie.com\/de\/wp-json\/wp\/v2\/product_cat?post=54962"},{"taxonomy":"product_tag","embeddable":true,"href":"https:\/\/www.linvosges-hotellerie.com\/de\/wp-json\/wp\/v2\/product_tag?post=54962"},{"taxonomy":"gamme","embeddable":true,"href":"https:\/\/www.linvosges-hotellerie.com\/de\/wp-json\/wp\/v2\/gamme?post=54962"},{"taxonomy":"matiere","embeddable":true,"href":"https:\/\/www.linvosges-hotellerie.com\/de\/wp-json\/wp\/v2\/matiere?post=54962"}],"curies":[{"name":"wp","href":"https:\/\/api.w.org\/{rel}","templated":true}]}}