{"id":54983,"date":"2020-11-27T05:31:19","date_gmt":"2020-11-27T04:31:19","guid":{"rendered":"https:\/\/www.linvosges-hotellerie.com\/unkategorisiert\/geschirrtuch-gaufrex-wabe\/"},"modified":"2020-11-27T05:31:19","modified_gmt":"2020-11-27T04:31:19","slug":"geschirrtuch-gaufrex-wabe","status":"publish","type":"product","link":"https:\/\/www.linvosges-hotellerie.com\/de\/der-tisch\/buro\/torchon-de\/geschirrtuch-gaufrex-wabe\/","title":{"rendered":"Geschirrtuch Gaufrex Wabe"},"content":{"rendered":"<p>Die Herstellung aus gezwirnten Garnen sorgt f\u00fcr eine ausgezeichnete Saugf\u00e4higkeit und ist sehr effektiv beim Trocknen von T\u00f6pfen und Geschirr. Sehr widerstandsf\u00e4hig<\/p>\n","protected":false},"excerpt":{"rendered":"<p>Maschinenw\u00e4sche bei 60\u00b0.<br \/>\nChlor und Bleichmittel verboten<br \/>\nTrocknen im Tumbler bei 60\u00b0.<br \/>\nB\u00fcgeln bei einer Temperatur von maximal 150\u00b0 C<br \/>\nNicht chemisch reinigen<br \/>\n<span class=\"ginetex\">  4 o s b U  <\/span><\/p>\n","protected":false},"featured_media":54988,"template":"","meta":{"_acf_changed":false},"label":[],"product_brand":[],"product_cat":[2634,1885,2650],"product_tag":[],"gamme":[3129],"matiere":[1525],"class_list":{"0":"post-54983","1":"product","2":"type-product","3":"status-publish","4":"has-post-thumbnail","6":"product_cat-buro","7":"product_cat-der-tisch","8":"product_cat-torchon-de","9":"pa_couleur-entenblau","10":"pa_couleur-gelb","11":"pa_couleur-grau","12":"pa_couleur-weis-entenblau","13":"pa_couleur-weis-gelb","14":"pa_couleur-weis-grau","15":"pa_dimensions-50-70-cm","16":"pa_grammage-195grs-m","17":"pa_matiere-100-baumwolle-de","18":"gamme-waffrex","19":"matiere-baumwolle","21":"first","22":"instock","23":"taxable","24":"shipping-taxable","25":"purchasable","26":"product-type-variable","27":"has-default-attributes"},"acf":[],"df_price":4.61,"df_sale_price":"","df_regular_price":4.61,"df_image_link":"https:\/\/www.linvosges-hotellerie.com\/wp-content\/uploads\/2020\/12\/torchon-cuisine-gaufrex-nid-abeille-bleu-canard-195-grs-m2-professionnel-restaurant-linvosges-hotellerie-1-300x300.jpg","_links":{"self":[{"href":"https:\/\/www.linvosges-hotellerie.com\/de\/wp-json\/wp\/v2\/product\/54983","targetHints":{"allow":["GET"]}}],"collection":[{"href":"https:\/\/www.linvosges-hotellerie.com\/de\/wp-json\/wp\/v2\/product"}],"about":[{"href":"https:\/\/www.linvosges-hotellerie.com\/de\/wp-json\/wp\/v2\/types\/product"}],"wp:featuredmedia":[{"embeddable":true,"href":"https:\/\/www.linvosges-hotellerie.com\/de\/wp-json\/wp\/v2\/media\/54988"}],"wp:attachment":[{"href":"https:\/\/www.linvosges-hotellerie.com\/de\/wp-json\/wp\/v2\/media?parent=54983"}],"wp:term":[{"taxonomy":"label","embeddable":true,"href":"https:\/\/www.linvosges-hotellerie.com\/de\/wp-json\/wp\/v2\/label?post=54983"},{"taxonomy":"product_brand","embeddable":true,"href":"https:\/\/www.linvosges-hotellerie.com\/de\/wp-json\/wp\/v2\/product_brand?post=54983"},{"taxonomy":"product_cat","embeddable":true,"href":"https:\/\/www.linvosges-hotellerie.com\/de\/wp-json\/wp\/v2\/product_cat?post=54983"},{"taxonomy":"product_tag","embeddable":true,"href":"https:\/\/www.linvosges-hotellerie.com\/de\/wp-json\/wp\/v2\/product_tag?post=54983"},{"taxonomy":"gamme","embeddable":true,"href":"https:\/\/www.linvosges-hotellerie.com\/de\/wp-json\/wp\/v2\/gamme?post=54983"},{"taxonomy":"matiere","embeddable":true,"href":"https:\/\/www.linvosges-hotellerie.com\/de\/wp-json\/wp\/v2\/matiere?post=54983"}],"curies":[{"name":"wp","href":"https:\/\/api.w.org\/{rel}","templated":true}]}}