{"id":55032,"date":"2021-09-23T16:56:45","date_gmt":"2021-09-23T14:56:45","guid":{"rendered":"https:\/\/www.linvosges-hotellerie.com\/unkategorisiert\/vorhang-lola\/"},"modified":"2021-09-23T16:56:45","modified_gmt":"2021-09-23T14:56:45","slug":"vorhang-lola","status":"publish","type":"product","link":"https:\/\/www.linvosges-hotellerie.com\/de\/die-dekoration\/vorhang-de\/vorhang-lola\/","title":{"rendered":"Vorhang Lola"},"content":{"rendered":"<p>Ein Vorhang mit guter Haltbarkeit, die durch eine dichte Siebbindung erreicht wird. Erh\u00e4ltlich in der Farbe Khaki.<\/p>\n<p>Abmessungen 135cm breit \/ 260cm hoch<\/p>\n<p>Die Endbearbeitung :<\/p>\n<ul>\n<li>40 mm \u00d6senkopf, nickelfarben matt, mit Schalld\u00e4mpfer.<\/li>\n<li>Bleistrumpf mit einem Bleisteg auf jeder Seite.<\/li>\n<\/ul>\n<p>Die Pluspunkte:<\/p>\n<ul>\n<li>Schalld\u00e4mpfer reduzieren das Reibungsger\u00e4usch, erleichtern das Gleiten und sch\u00fctzen die Stange vor Kratzern.<\/li>\n<li>Die Bleistangen auf beiden Seiten unten beschweren den Vorhang, um einen sch\u00f6nen Fall zu gew\u00e4hrleisten und den Trapezeffekt zu begrenzen.<\/li>\n<li>gewebt in Frankreich und konfektioniert in unserem Atelier in G\u00e9rardmer<\/li>\n<\/ul>\n","protected":false},"excerpt":{"rendered":"<p>Maschinenw\u00e4sche bei 30\u00b0 Feinw\u00e4sche<br \/>\nChlor und Bleichmittel verboten<br \/>\nNicht maschinell trocknen<br \/>\nB\u00fcgeln bei einer Temperatur von bis zu 110\u00b0, ohne Dampf<br \/>\nF\u00fcr die chemische Reinigung zugelassene Produkte: Perchlorethylen, Kohlenwasserstoffe<\/p>\n<p>w o d n W<\/p>\n","protected":false},"featured_media":55034,"template":"","meta":{"_acf_changed":false},"label":[],"product_brand":[],"product_cat":[2471,3080],"product_tag":[],"gamme":[3143],"matiere":[1765],"class_list":{"0":"post-55032","1":"product","2":"type-product","3":"status-publish","4":"has-post-thumbnail","6":"product_cat-die-dekoration","7":"product_cat-vorhang-de","8":"pa_couleur-khaki-de","9":"pa_dimensions-135x260-cm","10":"pa_grammage-85grs-m","11":"pa_matiere-100-polyester-de","12":"gamme-lola-de","13":"matiere-polyester-de","15":"first","16":"instock","17":"taxable","18":"shipping-taxable","19":"purchasable","20":"product-type-variable"},"acf":[],"df_price":74.55,"df_sale_price":"","df_regular_price":74.55,"df_image_link":"https:\/\/www.linvosges-hotellerie.com\/wp-content\/uploads\/2021\/09\/voilage-lola-kaki-cote-hotel-professionnel-300x300.png","_links":{"self":[{"href":"https:\/\/www.linvosges-hotellerie.com\/de\/wp-json\/wp\/v2\/product\/55032","targetHints":{"allow":["GET"]}}],"collection":[{"href":"https:\/\/www.linvosges-hotellerie.com\/de\/wp-json\/wp\/v2\/product"}],"about":[{"href":"https:\/\/www.linvosges-hotellerie.com\/de\/wp-json\/wp\/v2\/types\/product"}],"wp:featuredmedia":[{"embeddable":true,"href":"https:\/\/www.linvosges-hotellerie.com\/de\/wp-json\/wp\/v2\/media\/55034"}],"wp:attachment":[{"href":"https:\/\/www.linvosges-hotellerie.com\/de\/wp-json\/wp\/v2\/media?parent=55032"}],"wp:term":[{"taxonomy":"label","embeddable":true,"href":"https:\/\/www.linvosges-hotellerie.com\/de\/wp-json\/wp\/v2\/label?post=55032"},{"taxonomy":"product_brand","embeddable":true,"href":"https:\/\/www.linvosges-hotellerie.com\/de\/wp-json\/wp\/v2\/product_brand?post=55032"},{"taxonomy":"product_cat","embeddable":true,"href":"https:\/\/www.linvosges-hotellerie.com\/de\/wp-json\/wp\/v2\/product_cat?post=55032"},{"taxonomy":"product_tag","embeddable":true,"href":"https:\/\/www.linvosges-hotellerie.com\/de\/wp-json\/wp\/v2\/product_tag?post=55032"},{"taxonomy":"gamme","embeddable":true,"href":"https:\/\/www.linvosges-hotellerie.com\/de\/wp-json\/wp\/v2\/gamme?post=55032"},{"taxonomy":"matiere","embeddable":true,"href":"https:\/\/www.linvosges-hotellerie.com\/de\/wp-json\/wp\/v2\/matiere?post=55032"}],"curies":[{"name":"wp","href":"https:\/\/api.w.org\/{rel}","templated":true}]}}