{"id":55114,"date":"2023-12-07T17:03:14","date_gmt":"2023-12-07T16:03:14","guid":{"rendered":"https:\/\/www.linvosges-hotellerie.com\/unkategorisiert\/unterbett-baron\/"},"modified":"2023-12-07T17:03:14","modified_gmt":"2023-12-07T16:03:14","slug":"unterbett-baron","status":"publish","type":"product","link":"https:\/\/www.linvosges-hotellerie.com\/de\/bettwasche-de\/unterbett\/unterbett-baron\/","title":{"rendered":"Unterbett Baron"},"content":{"rendered":"<p>Das Baron-Boxspringbett<\/p>\n<p>Latten und Polsterung :<\/p>\n<p>Einfassung : Der 13 cm hohe Kiefernholzkasten wird durch Eckgewichte aus massiver Buche verst\u00e4rkt. F\u00fcr die Doppelbetten gibt es Quer- und L\u00e4ngsverst\u00e4rkungen, die das Ganze verst\u00e4rken.<\/p>\n<p><strong>ST\u00c4RKEN :<\/strong><\/p>\n<ul>\n<li><strong>Komfort:<\/strong> fest<\/li>\n<li><strong>Hygiene: <\/strong>sorgt f\u00fcr eine gute Bel\u00fcftung der Matratze<\/li>\n<li><strong>Langlebigkeit:<\/strong> hochwertiges Holz und Verst\u00e4rkung f\u00fcr Doppelbetten<\/li>\n<li><strong>Sorgf\u00e4ltige Verarbeitung:<\/strong> Der Bezug aus Stoff oder Kunstleder passt zu jeder Art von Inneneinrichtung.<\/li>\n<li><strong>Anpassungsf\u00e4hig<\/strong> <strong>:<\/strong> Der Bettkasten kann in einen Bettrahmen integriert werden.<\/li>\n<\/ul>\n<p><strong>MERKMALE :<\/strong><\/p>\n<ul>\n<li><strong>H\u00f6he des Bettgestells: <\/strong>18 cm<\/li>\n<li><strong>Technologie: <\/strong>Passive Latten<\/li>\n<li><strong>Aufnahme: <\/strong>Progressiv<\/li>\n<li><strong>Unterst\u00fctzung: <\/strong>Fest<\/li>\n<li><strong>Bel\u00fcftung: <\/strong>Gut<\/li>\n<li><strong>Garantie: <\/strong>5 Jahre<\/li>\n<\/ul>\n<p>Bitte beachten Sie, dass die F\u00fc\u00dfe separat verkauft werden m\u00fcssen. Finden Sie sie in der Kategorie <a href=\"https:\/\/www.linvosges-hotellerie.com\/fr\/la-literie\/pied\/\">Bettfu\u00df<\/a>.<\/p>\n","protected":false},"excerpt":{"rendered":"<p><strong>ZUSAMMENSETZUNG :<\/strong><\/p>\n<ul>\n<li>Latten und Polsterung :<\/li>\n<li>Einfassung : Der 18 cm hohe Kiefernholzkasten wird durch Eckgewichte aus massiver Buche verst\u00e4rkt. F\u00fcr die Doppelbetten gibt es Quer- und L\u00e4ngsverst\u00e4rkungen, die das Ganze verst\u00e4rken.<\/li>\n<\/ul>\n","protected":false},"featured_media":63264,"template":"","meta":{"_acf_changed":false},"label":[],"product_brand":[],"product_cat":[2370,3109],"product_tag":[],"gamme":[3149],"matiere":[],"class_list":{"0":"post-55114","1":"product","2":"type-product","3":"status-publish","4":"has-post-thumbnail","6":"product_cat-bettwasche-de","7":"product_cat-unterbett","8":"pa_couleur-anthrazit","9":"pa_couleur-beige-de","10":"pa_couleur-kaffee","11":"pa_couleur-lin-de","12":"pa_couleur-schokolade","13":"pa_couleur-schwarz","14":"pa_couleur-weis","15":"pa_dimensions-140-190-cm","16":"pa_dimensions-140-200-cm","17":"pa_dimensions-160-200-cm","18":"pa_dimensions-90-190-cm","19":"pa_dimensions-90-200-cm","20":"pa_matiere-kunstleder","21":"pa_matiere-stoff","22":"gamme-baron-de","24":"first","25":"instock","26":"taxable","27":"shipping-taxable","28":"purchasable","29":"product-type-variable","30":"has-default-attributes"},"acf":[],"df_price":"","df_sale_price":"","df_regular_price":"","df_image_link":"https:\/\/www.linvosges-hotellerie.com\/wp-content\/uploads\/2023\/12\/Sommier-BARON-300x300.jpg","_links":{"self":[{"href":"https:\/\/www.linvosges-hotellerie.com\/de\/wp-json\/wp\/v2\/product\/55114","targetHints":{"allow":["GET"]}}],"collection":[{"href":"https:\/\/www.linvosges-hotellerie.com\/de\/wp-json\/wp\/v2\/product"}],"about":[{"href":"https:\/\/www.linvosges-hotellerie.com\/de\/wp-json\/wp\/v2\/types\/product"}],"wp:featuredmedia":[{"embeddable":true,"href":"https:\/\/www.linvosges-hotellerie.com\/de\/wp-json\/wp\/v2\/media\/63264"}],"wp:attachment":[{"href":"https:\/\/www.linvosges-hotellerie.com\/de\/wp-json\/wp\/v2\/media?parent=55114"}],"wp:term":[{"taxonomy":"label","embeddable":true,"href":"https:\/\/www.linvosges-hotellerie.com\/de\/wp-json\/wp\/v2\/label?post=55114"},{"taxonomy":"product_brand","embeddable":true,"href":"https:\/\/www.linvosges-hotellerie.com\/de\/wp-json\/wp\/v2\/product_brand?post=55114"},{"taxonomy":"product_cat","embeddable":true,"href":"https:\/\/www.linvosges-hotellerie.com\/de\/wp-json\/wp\/v2\/product_cat?post=55114"},{"taxonomy":"product_tag","embeddable":true,"href":"https:\/\/www.linvosges-hotellerie.com\/de\/wp-json\/wp\/v2\/product_tag?post=55114"},{"taxonomy":"gamme","embeddable":true,"href":"https:\/\/www.linvosges-hotellerie.com\/de\/wp-json\/wp\/v2\/gamme?post=55114"},{"taxonomy":"matiere","embeddable":true,"href":"https:\/\/www.linvosges-hotellerie.com\/de\/wp-json\/wp\/v2\/matiere?post=55114"}],"curies":[{"name":"wp","href":"https:\/\/api.w.org\/{rel}","templated":true}]}}