{"id":57216,"date":"2024-07-29T12:53:37","date_gmt":"2024-07-29T10:53:37","guid":{"rendered":"https:\/\/www.linvosges-hotellerie.com\/?post_type=product&#038;p=57216"},"modified":"2026-05-10T00:13:38","modified_gmt":"2026-05-09T22:13:38","slug":"badetuch-spa-sweet-life-copie","status":"publish","type":"product","link":"https:\/\/www.linvosges-hotellerie.com\/de\/die-schwamme\/badetucher\/badetuch-spa-sweet-life-copie\/","title":{"rendered":"Badetuch Spa Sweet life (Copie)"},"content":{"rendered":"<p>Dieses Badetuch f\u00fcr Ihr Wohlbefinden ist aus wei\u00dfem Mikrofaserfrottee gefertigt. Es ist nicht nur leicht, was die Kosten f\u00fcr die W\u00e4sche reduziert, sondern auch super saugf\u00e4hig. Das schnell trocknende Baumwoll-Polyester-Mischgewebe rundet die Vorz\u00fcge ab, um den professionellen Anspr\u00fcchen gerecht zu werden.<br \/>\nPolyesterschr\u00e4gband rundum und Doppeln\u00e4hte<\/p>\n","protected":false},"excerpt":{"rendered":"<p>Maschinenw\u00e4sche bei 60\u00b0.<br \/>\nErlaubte Geldw\u00e4sche<br \/>\nTrocknen im Tumbler bei 60\u00b0.<br \/>\nB\u00fcgeln bei einer Temperatur von bis zu 110\u00b0 ohne Dampf<br \/>\nNicht chemisch reinigen<\/p>\n<p><span class=\"ginetex\">  4 u s n U  <\/span><\/p>\n","protected":false},"featured_media":57263,"template":"","meta":{"_acf_changed":false},"label":[],"product_brand":[],"product_cat":[1588,1586,1767],"product_tag":[],"gamme":[1764],"matiere":[1637],"class_list":{"0":"post-57216","1":"product","2":"type-product","3":"status-publish","4":"has-post-thumbnail","6":"product_cat-badetucher","7":"product_cat-die-schwamme","8":"product_cat-spa-und-swimmingpool","9":"pa_couleur-schokolade","10":"pa_couleur-weis","11":"pa_dimensions-30x30-cm","12":"pa_grammage-300grs-m","13":"gamme-suses-leben","14":"matiere-polycotton","16":"first","17":"instock","18":"taxable","19":"shipping-taxable","20":"purchasable","21":"product-type-variable","22":"has-default-attributes"},"acf":[],"df_price":2.47,"df_sale_price":"","df_regular_price":2.47,"df_image_link":"https:\/\/www.linvosges-hotellerie.com\/wp-content\/uploads\/2024\/07\/carre-eponge-sweet-life-spa-hotel-professionnel-linvosges-hotellerie_1-300x300.png","_links":{"self":[{"href":"https:\/\/www.linvosges-hotellerie.com\/de\/wp-json\/wp\/v2\/product\/57216","targetHints":{"allow":["GET"]}}],"collection":[{"href":"https:\/\/www.linvosges-hotellerie.com\/de\/wp-json\/wp\/v2\/product"}],"about":[{"href":"https:\/\/www.linvosges-hotellerie.com\/de\/wp-json\/wp\/v2\/types\/product"}],"wp:featuredmedia":[{"embeddable":true,"href":"https:\/\/www.linvosges-hotellerie.com\/de\/wp-json\/wp\/v2\/media\/57263"}],"wp:attachment":[{"href":"https:\/\/www.linvosges-hotellerie.com\/de\/wp-json\/wp\/v2\/media?parent=57216"}],"wp:term":[{"taxonomy":"label","embeddable":true,"href":"https:\/\/www.linvosges-hotellerie.com\/de\/wp-json\/wp\/v2\/label?post=57216"},{"taxonomy":"product_brand","embeddable":true,"href":"https:\/\/www.linvosges-hotellerie.com\/de\/wp-json\/wp\/v2\/product_brand?post=57216"},{"taxonomy":"product_cat","embeddable":true,"href":"https:\/\/www.linvosges-hotellerie.com\/de\/wp-json\/wp\/v2\/product_cat?post=57216"},{"taxonomy":"product_tag","embeddable":true,"href":"https:\/\/www.linvosges-hotellerie.com\/de\/wp-json\/wp\/v2\/product_tag?post=57216"},{"taxonomy":"gamme","embeddable":true,"href":"https:\/\/www.linvosges-hotellerie.com\/de\/wp-json\/wp\/v2\/gamme?post=57216"},{"taxonomy":"matiere","embeddable":true,"href":"https:\/\/www.linvosges-hotellerie.com\/de\/wp-json\/wp\/v2\/matiere?post=57216"}],"curies":[{"name":"wp","href":"https:\/\/api.w.org\/{rel}","templated":true}]}}