{"id":57268,"date":"2024-07-30T10:33:31","date_gmt":"2024-07-30T08:33:31","guid":{"rendered":"https:\/\/www.linvosges-hotellerie.com\/?post_type=product&#038;p=57268"},"modified":"2026-05-04T00:05:06","modified_gmt":"2026-05-03T22:05:06","slug":"mules-mit-offener-spitze-sweet-life-copie","status":"publish","type":"product","link":"https:\/\/www.linvosges-hotellerie.com\/de\/die-schwamme\/spa-und-swimmingpool\/mules-de\/mules-mit-offener-spitze-sweet-life-copie\/","title":{"rendered":"Mules mit offener Spitze Sweet life (Copie)"},"content":{"rendered":"<p>Diese Pantoletten mit offener Spitze sind aus wei\u00dfem Mikrofaserfrottee gefertigt und eignen sich hervorragend f\u00fcr Ihr Wohlbefinden. Sie sind f\u00fcr feuchte Umgebungen geeignet und halten Ihre F\u00fc\u00dfe warm und trocken, wenn Sie aus der Sauna kommen oder zwischen zwei Behandlungen. Die rutschfeste Sohle rundet die Vorz\u00fcge ab, um den beruflichen Anforderungen gerecht zu werden.<\/p>\n","protected":false},"excerpt":{"rendered":"<p>Nicht in der Waschmaschine waschen<br \/>\nChlor und Bleichmittel verboten<br \/>\nW\u00e4schetrockner verboten<br \/>\nB\u00fcgeln verboten<br \/>\nNicht chemisch reinigen<\/p>\n<p><span class=\"ginetex\">  z o d m U  <\/span><\/p>\n","protected":false},"featured_media":57336,"template":"","meta":{"_acf_changed":false},"label":[],"product_brand":[],"product_cat":[2274,2357],"product_tag":[],"gamme":[1764],"matiere":[1525,1765],"class_list":{"0":"post-57268","1":"product","2":"type-product","3":"status-publish","4":"has-post-thumbnail","6":"product_cat-expertenrat","7":"product_cat-mules-de","8":"pa_couleur-schokolade","9":"pa_couleur-weis","10":"pa_dimensions-taille-38","11":"pa_dimensions-taille-43","12":"pa_grammage-300grs-m","13":"gamme-suses-leben","14":"matiere-baumwolle","15":"matiere-polyester-de","17":"first","18":"instock","19":"taxable","20":"shipping-taxable","21":"purchasable","22":"product-type-variable","23":"has-default-attributes"},"acf":[],"df_price":7.48,"df_sale_price":"","df_regular_price":7.48,"df_image_link":"https:\/\/www.linvosges-hotellerie.com\/wp-content\/uploads\/2024\/07\/mule-semelle-epaisse-sweet-life-hotel-spa-professionnel-300x300.jpg","_links":{"self":[{"href":"https:\/\/www.linvosges-hotellerie.com\/de\/wp-json\/wp\/v2\/product\/57268","targetHints":{"allow":["GET"]}}],"collection":[{"href":"https:\/\/www.linvosges-hotellerie.com\/de\/wp-json\/wp\/v2\/product"}],"about":[{"href":"https:\/\/www.linvosges-hotellerie.com\/de\/wp-json\/wp\/v2\/types\/product"}],"wp:featuredmedia":[{"embeddable":true,"href":"https:\/\/www.linvosges-hotellerie.com\/de\/wp-json\/wp\/v2\/media\/57336"}],"wp:attachment":[{"href":"https:\/\/www.linvosges-hotellerie.com\/de\/wp-json\/wp\/v2\/media?parent=57268"}],"wp:term":[{"taxonomy":"label","embeddable":true,"href":"https:\/\/www.linvosges-hotellerie.com\/de\/wp-json\/wp\/v2\/label?post=57268"},{"taxonomy":"product_brand","embeddable":true,"href":"https:\/\/www.linvosges-hotellerie.com\/de\/wp-json\/wp\/v2\/product_brand?post=57268"},{"taxonomy":"product_cat","embeddable":true,"href":"https:\/\/www.linvosges-hotellerie.com\/de\/wp-json\/wp\/v2\/product_cat?post=57268"},{"taxonomy":"product_tag","embeddable":true,"href":"https:\/\/www.linvosges-hotellerie.com\/de\/wp-json\/wp\/v2\/product_tag?post=57268"},{"taxonomy":"gamme","embeddable":true,"href":"https:\/\/www.linvosges-hotellerie.com\/de\/wp-json\/wp\/v2\/gamme?post=57268"},{"taxonomy":"matiere","embeddable":true,"href":"https:\/\/www.linvosges-hotellerie.com\/de\/wp-json\/wp\/v2\/matiere?post=57268"}],"curies":[{"name":"wp","href":"https:\/\/api.w.org\/{rel}","templated":true}]}}