{"id":28195,"date":"2020-09-17T14:09:57","date_gmt":"2020-09-17T12:09:57","guid":{"rendered":"https:\/\/www.linvosges-hotellerie.com\/%ce%bd%ce%bf%ce%bc%ce%b9%ce%ba%ce%ad%cf%82-%cf%80%ce%bb%ce%b7%cf%81%ce%bf%cf%86%ce%bf%cf%81%ce%af%ce%b5%cf%82\/"},"modified":"2024-06-06T10:36:12","modified_gmt":"2024-06-06T08:36:12","slug":"%ce%bd%ce%bf%ce%bc%ce%b9%ce%ba%ce%ad%cf%82-%cf%80%ce%bb%ce%b7%cf%81%ce%bf%cf%86%ce%bf%cf%81%ce%af%ce%b5%cf%82","status":"publish","type":"page","link":"https:\/\/www.linvosges-hotellerie.com\/el\/%ce%bd%ce%bf%ce%bc%ce%b9%ce%ba%ce%ad%cf%82-%cf%80%ce%bb%ce%b7%cf%81%ce%bf%cf%86%ce%bf%cf%81%ce%af%ce%b5%cf%82\/","title":{"rendered":"\u039d\u03bf\u03bc\u03b9\u03ba\u03ad\u03c2 \u03c0\u03bb\u03b7\u03c1\u03bf\u03c6\u03bf\u03c1\u03af\u03b5\u03c2"},"content":{"rendered":"<p>Linvosges Soci\u00e9t\u00e9 Actions Simplifi\u00e9es \u03bc\u03b5 \u03ba\u03b5\u03c6\u03ac\u03bb\u03b1\u03b9\u03bf 627.000\u20ac, \u03b7 \u03ba\u03b1\u03c4\u03b1\u03c3\u03c4\u03b1\u03c4\u03b9\u03ba\u03ae \u03ad\u03b4\u03c1\u03b1 \u03c4\u03b7\u03c2 \u03bf\u03c0\u03bf\u03af\u03b1\u03c2 \u03b2\u03c1\u03af\u03c3\u03ba\u03b5\u03c4\u03b1\u03b9 \u03c3\u03c4\u03b7 \u03b4\u03b9\u03b5\u03cd\u03b8\u03c5\u03bd\u03c3\u03b7 6 place des d\u00e9port\u00e9s \/ 88400 G\u00e9rardmer \/ \u0393\u03b1\u03bb\u03bb\u03af\u03b1 &#8211; R.C.S. Epinal SIREN 475 682480<br \/>SIRET 475 682 480 00193<br \/>\u0391\u03c1\u03b9\u03b8\u03bc\u03cc\u03c2 \u03bc\u03b7\u03c4\u03c1\u03ce\u03bf\u03c5 \u03a6\u03a0\u0391: FR39475682480<br \/>\u0394\u03b9\u03b5\u03c5\u03b8\u03c5\u03bd\u03c4\u03ae\u03c2 \u03ad\u03ba\u03b4\u03bf\u03c3\u03b7\u03c2 :<\/p>\n<p>\u03ba. Patrick Pergament, \u03c0\u03c1\u03cc\u03b5\u03b4\u03c1\u03bf\u03c2 \u03c4\u03b7\u03c2 Linvosges<\/p>\n<p>\u0394\u03b9\u03b5\u03c5\u03b8\u03cd\u03bd\u03c9\u03bd \u03a3\u03cd\u03bc\u03b2\u03bf\u03c5\u03bb\u03bf\u03c2: Sophie LERMAN<\/p>\n<h2>\u0395\u03c0\u03b9\u03ba\u03bf\u03b9\u03bd\u03c9\u03bd\u03ae\u03c3\u03c4\u03b5 \u03bc\u03b1\u03b6\u03af \u03bc\u03b1\u03c2<\/h2>\n<h3>\u03a4\u03b7\u03bb\u03b5\u03c6\u03c9\u03bd\u03b9\u03ba\u03ac<\/h3>\n<p>\u0395\u03ac\u03bd \u03b8\u03ad\u03bb\u03b5\u03c4\u03b5 \u03bd\u03b1 \u03ba\u03ac\u03bd\u03b5\u03c4\u03b5 \u03bc\u03b9\u03b1 \u03c0\u03b1\u03c1\u03b1\u03b3\u03b3\u03b5\u03bb\u03af\u03b1, \u03bd\u03b1 \u03bb\u03ac\u03b2\u03b5\u03c4\u03b5 \u03c0\u03bb\u03b7\u03c1\u03bf\u03c6\u03bf\u03c1\u03af\u03b5\u03c2 \u03c3\u03c7\u03b5\u03c4\u03b9\u03ba\u03ac \u03bc\u03b5 \u03c4\u03b7\u03bd \u03c0\u03b1\u03c1\u03ac\u03b4\u03bf\u03c3\u03b7, \u03c4\u03b9\u03c2 \u03b5\u03b3\u03b3\u03c5\u03ae\u03c3\u03b5\u03b9\u03c2 \u03ae \u03bd\u03b1 \u03c5\u03c0\u03bf\u03b2\u03ac\u03bb\u03bb\u03b5\u03c4\u03b5 \u03ad\u03bd\u03b1 \u03c0\u03b1\u03c1\u03ac\u03c0\u03bf\u03bd\u03bf, \u03b7 \u03bf\u03bc\u03ac\u03b4\u03b1 \u03b5\u03be\u03c5\u03c0\u03b7\u03c1\u03ad\u03c4\u03b7\u03c3\u03b7\u03c2 \u03c0\u03b5\u03bb\u03b1\u03c4\u03ce\u03bd \u03bc\u03b1\u03c2 \u03b8\u03b1 \u03c7\u03b1\u03c1\u03b5\u03af \u03bd\u03b1 \u03c3\u03b1\u03c2 \u03b2\u03bf\u03b7\u03b8\u03ae\u03c3\u03b5\u03b9 \u03c3\u03c4\u03bf :<br \/>\u03a3\u03c4\u03b7\u03bd \u03b7\u03c0\u03b5\u03b9\u03c1\u03c9\u03c4\u03b9\u03ba\u03ae \u0393\u03b1\u03bb\u03bb\u03af\u03b1: 03 29 60 11 22 (\u03b7 \u03c4\u03b9\u03bc\u03ae \u03bc\u03b9\u03b1\u03c2 \u03c4\u03bf\u03c0\u03b9\u03ba\u03ae\u03c2 \u03ba\u03bb\u03ae\u03c3\u03b7\u03c2 \u03c0\u03bf\u03b9\u03ba\u03af\u03bb\u03bb\u03b5\u03b9 \u03b1\u03bd\u03ac\u03bb\u03bf\u03b3\u03b1 \u03bc\u03b5 \u03c4\u03bf\u03bd \u03c6\u03bf\u03c1\u03ad\u03b1, \u03c7\u03c9\u03c1\u03af\u03c2 \u03c0\u03c1\u03bf\u03c3\u03b1\u03cd\u03be\u03b7\u03c3\u03b7)<br \/>\u0391\u03c0\u03cc \u03c4\u03bf \u03b5\u03be\u03c9\u03c4\u03b5\u03c1\u03b9\u03ba\u03cc: 0033 329 601 122<\/p>\n<p>\u0395\u03af\u03bc\u03b1\u03c3\u03c4\u03b5 \u03b4\u03b9\u03b1\u03b8\u03ad\u03c3\u03b9\u03bc\u03bf\u03b9 \u03b1\u03c0\u03cc \u0394\u03b5\u03c5\u03c4\u03ad\u03c1\u03b1 \u03ad\u03c9\u03c2 \u03a0\u03b1\u03c1\u03b1\u03c3\u03ba\u03b5\u03c5\u03ae \u03b1\u03c0\u03cc \u03c4\u03b9\u03c2 8.30 \u03c0.\u03bc. \u03ad\u03c9\u03c2 \u03c4\u03b9\u03c2 12 \u03bc.\u03bc. \u03ba\u03b1\u03b9 \u03b1\u03c0\u03cc \u03c4\u03b9\u03c2 14.00 \u03ad\u03c9\u03c2 \u03c4\u03b9\u03c2 17.00 \u03ba\u03b1\u03b9 \u03c4\u03b9\u03c2 \u03a0\u03b1\u03c1\u03b1\u03c3\u03ba\u03b5\u03c5\u03ad\u03c2 \u03b1\u03c0\u03cc \u03c4\u03b9\u03c2 8.30 \u03c0.\u03bc. \u03ad\u03c9\u03c2 \u03c4\u03b9\u03c2 12 \u03bc.\u03bc. \u03ba\u03b1\u03b9 \u03b1\u03c0\u03cc \u03c4\u03b9\u03c2 14.00 \u03ad\u03c9\u03c2 \u03c4\u03b9\u03c2 16.30.<\/p>\n<h3>\u039c\u03b5 \u03c6\u03b1\u03be<\/h3>\n<p>\u0391\u03c0\u03cc \u03c4\u03b7\u03bd \u03b7\u03c0\u03b5\u03b9\u03c1\u03c9\u03c4\u03b9\u03ba\u03ae \u0393\u03b1\u03bb\u03bb\u03af\u03b1: 0 329 601 123 \u0391\u03c0\u03cc \u03c4\u03bf \u03b5\u03be\u03c9\u03c4\u03b5\u03c1\u03b9\u03ba\u03cc: 00 33 329 601 123<\/p>\n<h3>\u03a4\u03b1\u03c7\u03c5\u03b4\u03c1\u03bf\u03bc\u03b9\u03ba\u03ce\u03c2<\/h3>\n<p>LINVOSGES<br \/>\u03a4\u03bc\u03ae\u03bc\u03b1 \u039e\u03b5\u03bd\u03bf\u03b4\u03bf\u03c7\u03b5\u03af\u03c9\u03bd<br \/>BP 09<br \/>88401 G\u00e9rardmer Cedex \u0393\u03b1\u03bb\u03bb\u03af\u03b1<\/p>\n<p>\u0395\u03ac\u03bd \u03ad\u03c7\u03b5\u03c4\u03b5 \u03bf\u03c0\u03bf\u03b9\u03b1\u03b4\u03ae\u03c0\u03bf\u03c4\u03b5 \u03c3\u03c7\u03cc\u03bb\u03b9\u03b1 \u03c3\u03c7\u03b5\u03c4\u03b9\u03ba\u03ac \u03bc\u03b5 \u03c4\u03b7 \u03bb\u03b5\u03b9\u03c4\u03bf\u03c5\u03c1\u03b3\u03af\u03b1 \u03b1\u03c5\u03c4\u03bf\u03cd \u03c4\u03bf\u03c5 \u03b4\u03b9\u03ba\u03c4\u03c5\u03b1\u03ba\u03bf\u03cd \u03c4\u03cc\u03c0\u03bf\u03c5, \u03c0\u03b1\u03c1\u03b1\u03ba\u03b1\u03bb\u03b5\u03af\u03c3\u03c4\u03b5 \u03bd\u03b1 \u03b3\u03c1\u03ac\u03c8\u03b5\u03c4\u03b5 \u03c3\u03c4\u03bf\u03bd \u03b4\u03b9\u03b1\u03c7\u03b5\u03b9\u03c1\u03b9\u03c3\u03c4\u03ae \u03c4\u03bf\u03c5 \u03b4\u03b9\u03ba\u03c4\u03c5\u03b1\u03ba\u03bf\u03cd \u03c4\u03cc\u03c0\u03bf\u03c5: <a href=\"mailto:hotellerie@linvosges.com\" rel=\"sponsored nofollow\">hotellerie@linvosges.com<\/a>.<\/p>\n<h2>\u0391\u03bd\u03ac\u03c0\u03c4\u03c5\u03be\u03b7 \u03ba\u03b1\u03b9 \u03c6\u03b9\u03bb\u03bf\u03be\u03b5\u03bd\u03af\u03b1 \u03c0\u03bb\u03b7\u03c1\u03bf\u03c6\u03bf\u03c1\u03b9\u03ba\u03ae\u03c2<\/h2>\n<p>\u0391\u03bd\u03ac\u03c0\u03c4\u03c5\u03be\u03b7 \u03c0\u03bb\u03b7\u03c1\u03bf\u03c6\u03bf\u03c1\u03b9\u03ba\u03ae\u03c2: EKOUTE 3 rue du Devon BP 4407 44244 LA CHAPELLE SUR ERDRE CEDEX<br \/>+33(0) 2 40 29 73 73<br \/>\u03a6\u03b9\u03bb\u03bf\u03be\u03b5\u03bd\u03af\u03b1: OVH 2 rue Kellermann 59100 ROUBAIX +33(0) 9 72 10 12 00<br \/>\u0394\u03b5\u03bf\u03bd\u03c4\u03bf\u03bb\u03bf\u03b3\u03af\u03b1<\/p>\n<p>\u0397 Linvosges \u03b5\u03af\u03bd\u03b1\u03b9 \u03bc\u03ad\u03bb\u03bf\u03c2 \u03c4\u03b7\u03c2 F\u00e9d\u00e9ration des Entreprises de Vente \u00e0 Distance. \u0393\u03b9\u03b1 \u03bd\u03b1 \u03b1\u03c0\u03bf\u03ba\u03c4\u03ae\u03c3\u03b5\u03c4\u03b5 \u03c0\u03c1\u03cc\u03c3\u03b2\u03b1\u03c3\u03b7 \u03c3\u03c4\u03bf\u03bd \u03b9\u03c3\u03c4\u03cc\u03c4\u03bf\u03c0\u03bf \u03c4\u03b7\u03c2 FEVAD, <a href=\"https:\/\/www.mediateurfevad.fr\/\" rel=\"sponsored nofollow\">\u03ba\u03ac\u03bd\u03c4\u03b5 \u03ba\u03bb\u03b9\u03ba \u03b5\u03b4\u03ce<\/a>.<\/p>\n<p>\u0394\u03b5\u03c3\u03bc\u03b5\u03c5\u03cc\u03bc\u03b1\u03c3\u03c4\u03b5 \u03bd\u03b1 \u03c4\u03b7\u03c1\u03bf\u03cd\u03bc\u03b5 \u03c4\u03b7 \u03b4\u03b5\u03bf\u03bd\u03c4\u03bf\u03bb\u03bf\u03b3\u03af\u03b1 \u03c4\u03bf\u03c5 \u03b5\u03c0\u03b1\u03b3\u03b3\u03ad\u03bb\u03bc\u03b1\u03c4\u03bf\u03c2 \u03ba\u03b1\u03b9 \u03b9\u03b4\u03af\u03c9\u03c2 \u03c4\u03bf\u03bd \u03ba\u03ce\u03b4\u03b9\u03ba\u03b1 \u03b4\u03b5\u03bf\u03bd\u03c4\u03bf\u03bb\u03bf\u03b3\u03af\u03b1\u03c2 \u03c4\u03b7\u03c2 FEVAD \u03b3\u03b9\u03b1 \u03c4\u03bf \u03b7\u03bb\u03b5\u03ba\u03c4\u03c1\u03bf\u03bd\u03b9\u03ba\u03cc \u03b5\u03bc\u03c0\u03cc\u03c1\u03b9\u03bf \u03ba\u03b1\u03b9 \u03c4\u03b9\u03c2 \u03c0\u03c9\u03bb\u03ae\u03c3\u03b5\u03b9\u03c2 \u03b5\u03be \u03b1\u03c0\u03bf\u03c3\u03c4\u03ac\u03c3\u03b5\u03c9\u03c2.<\/p>\n<p>\u03a5\u03c0\u03cc \u03c4\u03b7\u03bd \u03b9\u03b4\u03b9\u03cc\u03c4\u03b7\u03c4\u03ac \u03c4\u03b7\u03c2 \u03c9\u03c2 \u03bc\u03ad\u03bb\u03bf\u03c2 \u03c4\u03b7\u03c2 FEVAD \u03ba\u03b1\u03b9 \u03c3\u03cd\u03bc\u03c6\u03c9\u03bd\u03b1 \u03bc\u03b5 \u03c4\u03b7 \u03bd\u03bf\u03bc\u03bf\u03b8\u03b5\u03c3\u03af\u03b1 \u03b3\u03b9\u03b1 \u03c4\u03b7 \u03c6\u03b9\u03bb\u03b9\u03ba\u03ae \u03b5\u03c0\u03af\u03bb\u03c5\u03c3\u03b7 \u03c4\u03c9\u03bd \u03b4\u03b9\u03b1\u03c6\u03bf\u03c1\u03ce\u03bd \u03bc\u03ad\u03c3\u03c9 \u03b4\u03b9\u03b1\u03bc\u03b5\u03c3\u03bf\u03bb\u03ac\u03b2\u03b7\u03c3\u03b7\u03c2, \u03b7 LINVOSGES \u03ad\u03c7\u03b5\u03b9 \u03b5\u03bd\u03c4\u03b1\u03c7\u03b8\u03b5\u03af \u03c3\u03c4\u03b7\u03bd \u03a5\u03c0\u03b7\u03c1\u03b5\u03c3\u03af\u03b1 \u0394\u03b9\u03b1\u03bc\u03b5\u03c3\u03bf\u03bb\u03ac\u03b2\u03b7\u03c3\u03b7\u03c2 \u0397\u03bb\u03b5\u03ba\u03c4\u03c1\u03bf\u03bd\u03b9\u03ba\u03bf\u03cd \u0395\u03bc\u03c0\u03bf\u03c1\u03af\u03bf\u03c5 \u03c4\u03b7\u03c2 FEVAD (F\u00e9d\u00e9ration du e-commerce et de la Vente \u00e0 distance), \u03bc\u03b5 \u03c4\u03b7\u03bd \u03bf\u03c0\u03bf\u03af\u03b1 \u03bc\u03c0\u03bf\u03c1\u03b5\u03af\u03c4\u03b5 \u03bd\u03b1 \u03b5\u03c0\u03b9\u03ba\u03bf\u03b9\u03bd\u03c9\u03bd\u03ae\u03c3\u03b5\u03c4\u03b5 \u03c3\u03c4\u03b9\u03c2 \u03b1\u03ba\u03cc\u03bb\u03bf\u03c5\u03b8\u03b5\u03c2 \u03c4\u03b1\u03c7\u03c5\u03b4\u03c1\u03bf\u03bc\u03b9\u03ba\u03ad\u03c2 \u03ba\u03b1\u03b9 \u03b7\u03bb\u03b5\u03ba\u03c4\u03c1\u03bf\u03bd\u03b9\u03ba\u03ad\u03c2 \u03b4\u03b9\u03b5\u03c5\u03b8\u03cd\u03bd\u03c3\u03b5\u03b9\u03c2: 60 rue la Bo\u00e9tie, 75008 Paris \u03ba\u03b1\u03b9  <a href=\"mailto:mediateurducommerce@fevad.com\" rel=\"sponsored nofollow\">mediateurducommerce@fevad.com.<\/a> \u039f \u03c5\u03c0\u03b5\u03cd\u03b8\u03c5\u03bd\u03bf\u03c2 \u03b4\u03b9\u03b1\u03bc\u03b5\u03c3\u03bf\u03bb\u03ac\u03b2\u03b7\u03c3\u03b7\u03c2 \u03bc\u03c0\u03bf\u03c1\u03b5\u03af \u03bd\u03b1 \u03c0\u03b1\u03c1\u03ad\u03bc\u03b2\u03b5\u03b9 \u03ba\u03b1\u03c4\u03cc\u03c0\u03b9\u03bd \u03b1\u03b9\u03c4\u03ae\u03bc\u03b1\u03c4\u03cc\u03c2 \u03c3\u03b1\u03c2 \u03c3\u03b5 \u03ba\u03ac\u03b8\u03b5 \u03ba\u03b1\u03c4\u03b1\u03bd\u03b1\u03bb\u03c9\u03c4\u03b9\u03ba\u03ae \u03b4\u03b9\u03b1\u03c6\u03bf\u03c1\u03ac \u03b3\u03b9\u03b1 \u03c4\u03b7\u03bd \u03bf\u03c0\u03bf\u03af\u03b1 \u03b4\u03b5\u03bd \u03ad\u03c7\u03b5\u03b9 \u03b2\u03c1\u03b5\u03b8\u03b5\u03af \u03c6\u03b9\u03bb\u03b9\u03ba\u03cc\u03c2 \u03b4\u03b9\u03b1\u03ba\u03b1\u03bd\u03bf\u03bd\u03b9\u03c3\u03bc\u03cc\u03c2. \u0393\u03b9\u03b1 \u03c0\u03b5\u03c1\u03b9\u03c3\u03c3\u03cc\u03c4\u03b5\u03c1\u03b5\u03c2 \u03bb\u03b5\u03c0\u03c4\u03bf\u03bc\u03ad\u03c1\u03b5\u03b9\u03b5\u03c2 \u03c3\u03c7\u03b5\u03c4\u03b9\u03ba\u03ac \u03bc\u03b5 \u03c4\u03bf\u03bd \u03c4\u03c1\u03cc\u03c0\u03bf \u03b5\u03c0\u03b9\u03ba\u03bf\u03b9\u03bd\u03c9\u03bd\u03af\u03b1\u03c2 \u03bc\u03b5 \u03c4\u03bf\u03bd \u0394\u03b9\u03b1\u03bc\u03b5\u03c3\u03bf\u03bb\u03b1\u03b2\u03b7\u03c4\u03ae, \u03b1\u03bd\u03b1\u03c4\u03c1\u03ad\u03be\u03c4\u03b5 \u03c3\u03c4\u03b7\u03bd <a href=\"https:\/\/www.mediateurfevad.fr\" rel=\"sponsored nofollow\">\u03b9\u03c3\u03c4\u03bf\u03c3\u03b5\u03bb\u03af\u03b4\u03b1 https:\/\/www.mediateurfevad.fr<\/a>.<\/p>\n<p>\u039f LINVOSGES \u03b5\u03af\u03bd\u03b1\u03b9 \u03b5\u03c0\u03af\u03c3\u03b7\u03c2 \u03c0\u03c1\u03b5\u03c3\u03b2\u03b5\u03c5\u03c4\u03ae\u03c2 \u03c4\u03c9\u03bd \u0392\u03bf\u03c3\u03b3\u03af\u03c9\u03bd \u03ba\u03b1\u03b9 \u03bc\u03ad\u03bb\u03bf\u03c2 \u03c4\u03bf\u03c5 <a href=\"https:\/\/www.vosges.com\" rel=\"sponsored nofollow\">www.vosges.com<\/a>.<\/p>\n<h2>\u0394\u03af\u03ba\u03b1\u03b9\u03bf \u03b5\u03bc\u03c0\u03bf\u03c1\u03b9\u03ba\u03ce\u03bd \u03c3\u03b7\u03bc\u03ac\u03c4\u03c9\u03bd &#8211; \u03a0\u03bd\u03b5\u03c5\u03bc\u03b1\u03c4\u03b9\u03ba\u03ac \u03b4\u03b9\u03ba\u03b1\u03b9\u03ce\u03bc\u03b1\u03c4\u03b1<\/h2>\n<p>\u038c\u03bb\u03b1 \u03c4\u03b1 \u03b5\u03bc\u03c0\u03bf\u03c1\u03b9\u03ba\u03ac \u03c3\u03ae\u03bc\u03b1\u03c4\u03b1, \u03c4\u03b1 \u03b1\u03ba\u03c1\u03c9\u03bd\u03cd\u03bc\u03b9\u03b1, \u03c4\u03b1 \u03bf\u03bd\u03cc\u03bc\u03b1\u03c4\u03b1 \u03c3\u03c5\u03bb\u03bb\u03bf\u03b3\u03ce\u03bd, \u03c4\u03b1 \u03bc\u03bf\u03bd\u03c4\u03ad\u03bb\u03b1 \u03ba\u03b1\u03b9 \u03c4\u03b1 \u03c0\u03c1\u03bf\u03ca\u03cc\u03bd\u03c4\u03b1, \u03c4\u03b1 \u03c3\u03c4\u03bf\u03b9\u03c7\u03b5\u03af\u03b1 \u03b1\u03c5\u03c4\u03bf\u03cd \u03c4\u03bf\u03c5 \u03b9\u03c3\u03c4\u03cc\u03c4\u03bf\u03c0\u03bf\u03c5 \u03ba\u03b1\u03b9 \u03b7 \u03b1\u03c1\u03c7\u03b9\u03c4\u03b5\u03ba\u03c4\u03bf\u03bd\u03b9\u03ba\u03ae \u03c4\u03bf\u03c5\u03c2, \u03b4\u03b9\u03ad\u03c0\u03bf\u03bd\u03c4\u03b1\u03b9 \u03b1\u03c0\u03cc \u03c4\u03b7 \u03b3\u03b1\u03bb\u03bb\u03b9\u03ba\u03ae \u03ba\u03b1\u03b9 \u03b5\u03c5\u03c1\u03c9\u03c0\u03b1\u03ca\u03ba\u03ae \u03bd\u03bf\u03bc\u03bf\u03b8\u03b5\u03c3\u03af\u03b1 \u03c0\u03b5\u03c1\u03af \u03b5\u03bc\u03c0\u03bf\u03c1\u03b9\u03ba\u03ce\u03bd \u03c3\u03b7\u03bc\u03ac\u03c4\u03c9\u03bd, \u03c0\u03bd\u03b5\u03c5\u03bc\u03b1\u03c4\u03b9\u03ba\u03ce\u03bd \u03b4\u03b9\u03ba\u03b1\u03b9\u03c9\u03bc\u03ac\u03c4\u03c9\u03bd \u03ba\u03b1\u03b9 \u03c0\u03bd\u03b5\u03c5\u03bc\u03b1\u03c4\u03b9\u03ba\u03ae\u03c2 \u03b9\u03b4\u03b9\u03bf\u03ba\u03c4\u03b7\u03c3\u03af\u03b1\u03c2. \u0394\u03b9\u03b1\u03c4\u03b7\u03c1\u03bf\u03cd\u03bd\u03c4\u03b1\u03b9 \u03cc\u03bb\u03b1 \u03c4\u03b1 \u03b4\u03b9\u03ba\u03b1\u03b9\u03ce\u03bc\u03b1\u03c4\u03b1 \u03b1\u03bd\u03b1\u03c0\u03b1\u03c1\u03b1\u03b3\u03c9\u03b3\u03ae\u03c2, \u03c3\u03c5\u03bc\u03c0\u03b5\u03c1\u03b9\u03bb\u03b1\u03bc\u03b2\u03b1\u03bd\u03bf\u03bc\u03ad\u03bd\u03c9\u03bd \u03c4\u03c9\u03bd \u03b5\u03b3\u03b3\u03c1\u03ac\u03c6\u03c9\u03bd \u03c0\u03bf\u03c5 \u03bc\u03c0\u03bf\u03c1\u03bf\u03cd\u03bd \u03bd\u03b1 \u03bc\u03b5\u03c4\u03b1\u03c6\u03bf\u03c1\u03c4\u03c9\u03b8\u03bf\u03cd\u03bd \u03ba\u03b1\u03b9 \u03c4\u03c9\u03bd \u03b5\u03b9\u03ba\u03bf\u03bd\u03bf\u03b3\u03c1\u03b1\u03c6\u03b9\u03ba\u03ce\u03bd \u03ba\u03b1\u03b9 \u03c6\u03c9\u03c4\u03bf\u03b3\u03c1\u03b1\u03c6\u03b9\u03ba\u03ce\u03bd \u03b1\u03bd\u03b1\u03c0\u03b1\u03c1\u03b1\u03c3\u03c4\u03ac\u03c3\u03b5\u03c9\u03bd.<\/p>\n<p>\u0391\u03c0\u03b1\u03b3\u03bf\u03c1\u03b5\u03cd\u03b5\u03c4\u03b1\u03b9 \u03b1\u03c5\u03c3\u03c4\u03b7\u03c1\u03ac \u03b7 \u03b1\u03bd\u03b1\u03c0\u03b1\u03c1\u03b1\u03b3\u03c9\u03b3\u03ae \u03c4\u03bf\u03c5 \u03c3\u03c5\u03bd\u03cc\u03bb\u03bf\u03c5 \u03ae \u03bc\u03ad\u03c1\u03bf\u03c5\u03c2 \u03c4\u03bf\u03c5 \u03c0\u03b1\u03c1\u03cc\u03bd\u03c4\u03bf\u03c2 \u03b4\u03b9\u03ba\u03c4\u03c5\u03b1\u03ba\u03bf\u03cd \u03c4\u03cc\u03c0\u03bf\u03c5 \u03c3\u03b5 \u03bf\u03c0\u03bf\u03b9\u03bf\u03b4\u03ae\u03c0\u03bf\u03c4\u03b5 \u03b7\u03bb\u03b5\u03ba\u03c4\u03c1\u03bf\u03bd\u03b9\u03ba\u03cc \u03bc\u03ad\u03c3\u03bf, \u03bc\u03b5 \u03b5\u03be\u03b1\u03af\u03c1\u03b5\u03c3\u03b7 \u03c4\u03b7\u03bd \u03b5\u03ba\u03c4\u03cd\u03c0\u03c9\u03c3\u03b7 \u03b3\u03b9\u03b1 \u03b1\u03c5\u03c3\u03c4\u03b7\u03c1\u03ac \u03c0\u03c1\u03bf\u03c3\u03c9\u03c0\u03b9\u03ba\u03ae \u03ba\u03b1\u03b9 \u03b9\u03b4\u03b9\u03c9\u03c4\u03b9\u03ba\u03ae \u03c7\u03c1\u03ae\u03c3\u03b7 \u03ba\u03b1\u03b9 \u03c7\u03c9\u03c1\u03af\u03c2 \u03c4\u03b7 \u03c1\u03b7\u03c4\u03ae \u03ac\u03b4\u03b5\u03b9\u03b1 \u03c4\u03bf\u03c5 \u03b4\u03b9\u03b5\u03c5\u03b8\u03c5\u03bd\u03c4\u03ae \u03c4\u03b7\u03c2 \u03ad\u03ba\u03b4\u03bf\u03c3\u03b7\u03c2.<\/p>\n<h2>\u03a0\u03bf\u03bb\u03b9\u03c4\u03b9\u03ba\u03ae, \u03b1\u03c0\u03cc\u03c1\u03c1\u03b7\u03c4\u03bf \u03ba\u03b1\u03b9 cookies \u03c0\u03c1\u03bf\u03c3\u03c9\u03c0\u03b9\u03ba\u03ac \u03b4\u03b5\u03b4\u03bf\u03bc\u03ad\u03bd\u03b1<\/h2>\n<p>\u03a4\u03b1 \u03b4\u03b5\u03b4\u03bf\u03bc\u03ad\u03bd\u03b1 \u03c3\u03c5\u03bb\u03bb\u03ad\u03b3\u03bf\u03bd\u03c4\u03b1\u03b9 \u03b3\u03b9\u03b1 \u03c4\u03bf\u03c5\u03c2 \u03c3\u03ba\u03bf\u03c0\u03bf\u03cd\u03c2 \u03c4\u03b7\u03c2 \u03c4\u03bf\u03c0\u03bf\u03b8\u03ad\u03c4\u03b7\u03c3\u03b7\u03c2 \u03c0\u03b1\u03c1\u03b1\u03b3\u03b3\u03b5\u03bb\u03b9\u03ce\u03bd, \u03c4\u03b7\u03c2 \u03b4\u03b9\u03b1\u03c7\u03b5\u03af\u03c1\u03b9\u03c3\u03b7\u03c2 \u03c4\u03c9\u03bd \u03c0\u03b5\u03bb\u03b1\u03c4\u03b5\u03b9\u03b1\u03ba\u03ce\u03bd \u03c3\u03c7\u03ad\u03c3\u03b5\u03c9\u03bd \u03ba\u03b1\u03b9 \u03c4\u03b7\u03c2 \u03b1\u03bd\u03b1\u03b6\u03ae\u03c4\u03b7\u03c3\u03b7\u03c2 \u03c0\u03b5\u03bb\u03b1\u03c4\u03ce\u03bd.<\/p>\n<p>\u0389 \u03bc\u03ad\u03c3\u03c9 \u03b7\u03bb\u03b5\u03ba\u03c4\u03c1\u03bf\u03bd\u03b9\u03ba\u03bf\u03cd \u03c4\u03b1\u03c7\u03c5\u03b4\u03c1\u03bf\u03bc\u03b5\u03af\u03bf\u03c5, \u03b3\u03c1\u03ac\u03c6\u03bf\u03bd\u03c4\u03b1\u03c2 \u03c3\u03c4\u03bf\u03bd \u03a5\u03c0\u03b5\u03cd\u03b8\u03c5\u03bd\u03bf \u03a0\u03c1\u03bf\u03c3\u03c4\u03b1\u03c3\u03af\u03b1\u03c2 \u0394\u03b5\u03b4\u03bf\u03bc\u03ad\u03bd\u03c9\u03bd \u03bc\u03b1\u03c2: <a href=\"mailto:dpo@linvosges.com\">dpo@linvosges.com<\/a><\/p>\n<p>\u0389 \u03c4\u03b1\u03c7\u03c5\u03b4\u03c1\u03bf\u03bc\u03b9\u03ba\u03ce\u03c2, \u03b3\u03c1\u03ac\u03c6\u03bf\u03bd\u03c4\u03b1\u03c2 \u03c3\u03c4\u03b7\u03bd \u03b1\u03ba\u03cc\u03bb\u03bf\u03c5\u03b8\u03b7 \u03b4\u03b9\u03b5\u03cd\u03b8\u03c5\u03bd\u03c3\u03b7<br \/>LINVOSGES<br \/>\u03a4\u03bc\u03ae\u03bc\u03b1 \u039e\u03b5\u03bd\u03bf\u03b4\u03bf\u03c7\u03b5\u03af\u03c9\u03bd<br \/>BP 09<br \/>88401 G\u00e9rardmer Cedex \u0393\u03b1\u03bb\u03bb\u03af\u03b1<\/p>\n<p>\u0388\u03c7\u03b5\u03c4\u03b5 \u03b5\u03c0\u03af\u03c3\u03b7\u03c2 \u03c4\u03bf \u03b4\u03b9\u03ba\u03b1\u03af\u03c9\u03bc\u03b1 \u03bd\u03b1 \u03c5\u03c0\u03bf\u03b2\u03ac\u03bb\u03b5\u03c4\u03b5 \u03ba\u03b1\u03c4\u03b1\u03b3\u03b3\u03b5\u03bb\u03af\u03b1 \u03c3\u03c4\u03b7\u03bd \u03b5\u03c0\u03bf\u03c0\u03c4\u03b9\u03ba\u03ae \u03b1\u03c1\u03c7\u03ae (CNIL \u03c3\u03c4\u03b7 \u0393\u03b1\u03bb\u03bb\u03af\u03b1).<\/p>\n<p>\u0393\u03b9\u03b1 \u03bd\u03b1 \u03bc\u03ac\u03b8\u03b5\u03c4\u03b5 \u03c0\u03b5\u03c1\u03b9\u03c3\u03c3\u03cc\u03c4\u03b5\u03c1\u03b1 \u03c3\u03c7\u03b5\u03c4\u03b9\u03ba\u03ac \u03bc\u03b5 \u03c4\u03b7\u03bd \u03c0\u03bf\u03bb\u03b9\u03c4\u03b9\u03ba\u03ae \u03bc\u03b1\u03c2 \u03b3\u03b9\u03b1 \u03c4\u03b7\u03bd \u03b5\u03bc\u03c0\u03b9\u03c3\u03c4\u03b5\u03c5\u03c4\u03b9\u03ba\u03cc\u03c4\u03b7\u03c4\u03b1, \u03c4\u03b7\u03bd \u03b5\u03c0\u03b5\u03be\u03b5\u03c1\u03b3\u03b1\u03c3\u03af\u03b1 \u03c4\u03c9\u03bd \u03c0\u03c1\u03bf\u03c3\u03c9\u03c0\u03b9\u03ba\u03ce\u03bd \u03b4\u03b5\u03b4\u03bf\u03bc\u03ad\u03bd\u03c9\u03bd \u03ba\u03b1\u03b9 \u03c4\u03bf\u03bd \u03c7\u03ac\u03c1\u03c4\u03b7 \u03bc\u03b1\u03c2 \u03b3\u03b9\u03b1 \u03c4\u03b1 cookies, <a href=\"https:\/\/www.linvosges-hotellerie.com\/el\/%cf%87%ce%ac%cf%81%cf%84%ce%b1-cookie\/\">\u03ba\u03ac\u03bd\u03c4\u03b5 \u03ba\u03bb\u03b9\u03ba \u03b5\u03b4\u03ce<\/a>.<\/p>\n","protected":false},"excerpt":{"rendered":"<p>Linvosges Soci\u00e9t\u00e9 Actions Simplifi\u00e9es \u03bc\u03b5 \u03ba\u03b5\u03c6\u03ac\u03bb\u03b1\u03b9\u03bf 627.000\u20ac, \u03b7 \u03ba\u03b1\u03c4\u03b1\u03c3\u03c4\u03b1\u03c4\u03b9\u03ba\u03ae \u03ad\u03b4\u03c1\u03b1 \u03c4\u03b7\u03c2 \u03bf\u03c0\u03bf\u03af\u03b1\u03c2 \u03b2\u03c1\u03af\u03c3\u03ba\u03b5\u03c4\u03b1\u03b9 \u03c3\u03c4\u03b7 \u03b4\u03b9\u03b5\u03cd\u03b8\u03c5\u03bd\u03c3\u03b7 6 place des d\u00e9port\u00e9s \/ 88400 G\u00e9rardmer \/ \u0393\u03b1\u03bb\u03bb\u03af\u03b1 &#8211; R.C.S. Epinal SIREN 475 682480SIRET 475 682 480 00193\u0391\u03c1\u03b9\u03b8\u03bc\u03cc\u03c2 \u03bc\u03b7\u03c4\u03c1\u03ce\u03bf\u03c5 \u03a6\u03a0\u0391: FR39475682480\u0394\u03b9\u03b5\u03c5\u03b8\u03c5\u03bd\u03c4\u03ae\u03c2 \u03ad\u03ba\u03b4\u03bf\u03c3\u03b7\u03c2 : \u03ba. Patrick Pergament, \u03c0\u03c1\u03cc\u03b5\u03b4\u03c1\u03bf\u03c2 \u03c4\u03b7\u03c2 Linvosges \u0394\u03b9\u03b5\u03c5\u03b8\u03cd\u03bd\u03c9\u03bd \u03a3\u03cd\u03bc\u03b2\u03bf\u03c5\u03bb\u03bf\u03c2: Sophie LERMAN \u0395\u03c0\u03b9\u03ba\u03bf\u03b9\u03bd\u03c9\u03bd\u03ae\u03c3\u03c4\u03b5 \u03bc\u03b1\u03b6\u03af \u03bc\u03b1\u03c2 \u03a4\u03b7\u03bb\u03b5\u03c6\u03c9\u03bd\u03b9\u03ba\u03ac \u0395\u03ac\u03bd \u03b8\u03ad\u03bb\u03b5\u03c4\u03b5 [&hellip;]<\/p>\n","protected":false},"author":3,"featured_media":10416,"parent":0,"menu_order":29,"comment_status":"closed","ping_status":"closed","template":"","meta":{"_acf_changed":false,"footnotes":""},"class_list":["post-28195","page","type-page","status-publish","has-post-thumbnail","hentry"],"acf":[],"_links":{"self":[{"href":"https:\/\/www.linvosges-hotellerie.com\/el\/wp-json\/wp\/v2\/pages\/28195","targetHints":{"allow":["GET"]}}],"collection":[{"href":"https:\/\/www.linvosges-hotellerie.com\/el\/wp-json\/wp\/v2\/pages"}],"about":[{"href":"https:\/\/www.linvosges-hotellerie.com\/el\/wp-json\/wp\/v2\/types\/page"}],"author":[{"embeddable":true,"href":"https:\/\/www.linvosges-hotellerie.com\/el\/wp-json\/wp\/v2\/users\/3"}],"replies":[{"embeddable":true,"href":"https:\/\/www.linvosges-hotellerie.com\/el\/wp-json\/wp\/v2\/comments?post=28195"}],"version-history":[{"count":0,"href":"https:\/\/www.linvosges-hotellerie.com\/el\/wp-json\/wp\/v2\/pages\/28195\/revisions"}],"wp:featuredmedia":[{"embeddable":true,"href":"https:\/\/www.linvosges-hotellerie.com\/el\/wp-json\/wp\/v2\/media\/10416"}],"wp:attachment":[{"href":"https:\/\/www.linvosges-hotellerie.com\/el\/wp-json\/wp\/v2\/media?parent=28195"}],"curies":[{"name":"wp","href":"https:\/\/api.w.org\/{rel}","templated":true}]}}