{"id":19770,"date":"2020-09-17T12:04:26","date_gmt":"2020-09-17T10:04:26","guid":{"rendered":"https:\/\/www.linvosges-hotellerie.fr\/line-de-bain-detente-eponge-500-grs-m2-hotel-professionnel-linvosges-hotellerie\/"},"modified":"2025-04-23T13:46:45","modified_gmt":"2025-04-23T11:46:45","slug":"home","status":"publish","type":"page","link":"https:\/\/www.linvosges-hotellerie.com\/en\/","title":{"rendered":"Line De Bain Detente Eponge 500 Grs M2 Hotel Professionnel Linvosges Hotellerie"},"content":{"rendered":"<p><a href=\"https:\/\/www.linvosges-hotellerie.com\/en\/bedding\/mattresses\/\">LINVOSGES x BELLECOUR<br \/>  An exceptional collaboration<br \/>  for dreamy nights!Discover<\/a><a href=\"https:\/\/www.linvosges-hotellerie.com\/en\/villa-garance\/\">Charm and authenticity<\/br> at G\u00eete la VoisineDiscover<\/a><a href=\"https:\/\/www.linvosges-hotellerie.com\/en\/youll-love\/fjord-bath-towels\/\">New COLLECTION  <br \/>  FJORD bath linenDISCOVER<\/a><a href=\"https:\/\/www.linvosges-hotellerie.com\/en\/decoration-en\/veiling\/\">Wellness at the pool and on the beach<br \/>-15% off COPACABANA pool towelsDISCOVER<\/a><a href=\"https:\/\/www.linvosges-hotellerie.com\/en\/decoration-en\/\">The art of sublimating <\/br>your interiorDISCOVER<\/a>\t\t\t\t<\/p>\n<h2>the art of sublimating your interior<\/h2>\n<p>\t\t\t<a role=\"button\"><\/p>\n<h3>THE DECORATION<\/h3>\n<p><\/br>Curtain<br \/>\n\t\t\t\t\t<\/a><br \/>\n\t\t\t<a role=\"button\"><\/p>\n<h3>BED LINEN<\/h3>\n<p><\/br>Cotton<br \/>\n\t\t\t\t\t<\/a><br \/>\n\t\t\t<a role=\"button\"><\/p>\n<h3>THE SPONGS<\/h3>\n<p><\/br>Spa and pool<br \/>\n\t\t\t\t\t<\/a><br \/>\n\t\t\t<a role=\"button\"><\/p>\n<h3>THE TABLE<\/h3>\n<p><\/br>Cotton tablecloth<br \/>\n\t\t\t\t\t<\/a><br \/>\n\t\t\t\t\t\t\t\t\t\t\t\t\t\t<a href=\"https:\/\/www.linvosges-hotellerie.com\/en\/rent-our-products\/\"><br \/>\n\t\t\t\t\t\t\t<img decoding=\"async\" width=\"800\" height=\"274\" src=\"https:\/\/www.linvosges-hotellerie.com\/wp-content\/uploads\/2024\/02\/Linvosges-location-vert-1536x526.png\" alt=\"Prot\u00e9gez Votre Tr\u00e9sorerie, Louez Les Produits Linvosges H\u00f4tellerie -Professionnel\" srcset=\"https:\/\/www.linvosges-hotellerie.com\/wp-content\/uploads\/2024\/02\/Linvosges-location-vert-1536x526.png 1536w, https:\/\/www.linvosges-hotellerie.com\/wp-content\/uploads\/2024\/02\/Linvosges-location-vert-300x103.png 300w, https:\/\/www.linvosges-hotellerie.com\/wp-content\/uploads\/2024\/02\/Linvosges-location-vert-1024x351.png 1024w, https:\/\/www.linvosges-hotellerie.com\/wp-content\/uploads\/2024\/02\/Linvosges-location-vert-768x263.png 768w, https:\/\/www.linvosges-hotellerie.com\/wp-content\/uploads\/2024\/02\/Linvosges-location-vert-2048x701.png 2048w, https:\/\/www.linvosges-hotellerie.com\/wp-content\/uploads\/2024\/02\/Linvosges-location-vert-600x205.png 600w\" sizes=\"(max-width: 800px) 100vw, 800px\" \/>\t\t\t\t\t\t\t\t<\/a><\/p>\n<h2><a href=\"https:\/\/www.linvosges-hotellerie.com\/en\/rent-our-products\/\">Rent our products<\/a><\/h2>\n<p>from <strong><sup>\u20ac1<\/sup><\/strong> per day<\/p>\n<p>An innovative and exclusive Linvosges H\u00f4tellerie concept.<br \/>Rental of curtains, sheers, tablecloths, bed linen, sponges, comforters, pillows&#8230;<\/p>\n<p>\t\t\t<a href=\"https:\/\/www.linvosges-hotellerie.com\/en\/rent-our-products\/\"><br \/>\n\t\t\t\t\t\tLEARN MORE<br \/>\n\t\t\t\t\t<\/a><\/p>\n<p>Our experts can advise you<\/p>\n<h2><a href=\"https:\/\/www.linvosges-hotellerie.com\/en\/the-linvosges-spirit\/#personnalisation\">Customize<\/br> your products<\/a><\/h2>\n<p>Have it embroidered or printed<br \/>your logo, name, slogan&#8230;<\/p>\n<p>\t\t\t<a href=\"https:\/\/www.linvosges-hotellerie.com\/en\/the-linvosges-spirit\/#personnalisation\"><br \/>\n\t\t\t\t\t\tLEARN MORE<br \/>\n\t\t\t\t\t<\/a><\/p>\n<p>You&#8217;ll also like<\/p>\n<h3><a href=\"https:\/\/www.linvosges-hotellerie.com\/en\/c\/blog\/\">The blog<\/a><\/h3>\n<p>\t\t\t<a href=\"https:\/\/www.linvosges-hotellerie.com\/en\/c\/blog\/\"><br \/>\n\t\t\t\t\t\tSEE ARTICLES<br \/>\n\t\t\t\t\t<\/a><br \/>\n\t\t\t<a href=\"https:\/\/www.linvosges-hotellerie.com\/en\/c\/blog\/\"><br \/>\n\t\t\t\t\t\t<\/a><\/p>\n<h2>Designer of quality household linen<\/h2>\n<p>The Linvosges hotel collection aims to make your home harmonious, refined, authentic and, above all, unique. The passionate commitment of our teams, from the workshop to logistics, will help you realize your projects: curtains, sponges, embroidery, sheets, bed linen, table runners, tablecloths&#8230;<\/p>\n<p>Made-to-measure garments produced in our G\u00e9rardmer workshop follow a manufacturing protocol that complies with our strictest quality requirements.<br \/>\nOur seamstresses, embroiderers, stitchers and cutters are our brand&#8217;s greatest assets, perpetuating a know-how that has combined tradition and modernity since 1923. <\/p>\n<p>\t\t\t<a href=\"https:\/\/www.linvosges-hotellerie.com\/en\/the-linvosges-spirit\/\"><br \/>\n\t\t\t\t\t\tLEARN MORE<br \/>\n\t\t\t\t\t<\/a><\/p>\n<h1>Bed linen, household linen, table linen and bath linen for hotels, professionals and restaurants:<\/h1>\n<p>  Whether you&#8217;re setting up a hotel, bed and breakfast or restaurant, or looking to update the decor of your establishment, our experts can offer you their professional insight to help you make the right choices and guide you through your project.<\/p>\n<p>Subscribe to the Linvosges H\u00f4tellerie newsletter\n<\/p>\n<p>and take advantage of exclusive offers!<\/p>\n<form action=\"https:\/\/crm.zoho.eu\/crm\/WebForm\" name=\"WebForm110749000038561077\" method=\"POST\" onsubmit=\"javascript:document.charset=\"UTF-8\"; return checkMandatory110749000038561077()\" accept-charset=\"UTF-8\">\n <input type=\"text\" style=\"display:none;\" name=\"xnQsjsdp\" value=\"6a0445a9ff00e12d39b7c1ecac528f6b39bd2b01db711ada1a9cf34f2cb68039\"><\/input><br \/>\n <input type=\"hidden\" name=\"zc_gad\" id=\"zc_gad\" value=\"\"><\/input><br \/>\n <input type=\"text\" style=\"display:none;\" name=\"xmIwtLD\" value=\"e3f3f054e8e8c2b9b815a1b59b902d11e8e6958ae6b6e782d59a536c725c1a26\"><\/input><br \/>\n <input type=\"text\" style=\"display:none;\" name=\"actionType\" value=\"Q3VzdG9tTW9kdWxlMTU=\"><\/input><br \/>\n <input type=\"text\" style=\"display:none;\" name=\"returnURL\" value=\"https:\/\/www.linvosges-hotellerie.com\/en\/\"> <\/input><br \/>\n\t <!-- Do not remove this code. --><br \/>\n        <input type=\"text\" ftype=\"email\" id=\"Email\" name=\"Email\" maxlength=\"100\" placeholder=\"My e-mail\"><br \/>\n        <input type=\"submit\" id=\"formsubmit\" value=\"I want to register\" title=\"I want to register\"><br \/>\n\t<!-- Do not remove this --- Analytics Tracking code starts --><!-- Do not remove this --- Analytics Tracking code ends. --><\/form>\n<p>My e-mail&#8221; field required. By registering, you agree that Linvosges h\u00f4tellerie may process your personal data, in accordance with its <a href=\"https:\/\/www.linvosges-hotellerie.com\/en\/privacy-policy\/\" target=\"_blank\" rel=\"noopener noreferrer\">privacy policy<\/a>, for the purpose of sending you commercial communications, information about its services and events. You can unsubscribe at any time by clicking on the link at the bottom of each e-mail.<\/p>\n","protected":false},"excerpt":{"rendered":"<p>LINVOSGES x BELLECOUR An exceptional collaboration for dreamy nights!DiscoverCharm and authenticity at G\u00eete la VoisineDiscoverNew COLLECTION FJORD bath linenDISCOVERWellness at the pool and on the beach-15% off COPACABANA pool towelsDISCOVERThe art of sublimating your interiorDISCOVER the art of sublimating your interior THE DECORATION Curtain BED LINEN Cotton THE SPONGS Spa and pool THE TABLE Cotton [&hellip;]<\/p>\n","protected":false},"author":3,"featured_media":10416,"parent":0,"menu_order":1,"comment_status":"closed","ping_status":"closed","template":"","meta":{"_acf_changed":false,"footnotes":""},"class_list":["post-19770","page","type-page","status-publish","has-post-thumbnail","hentry"],"acf":[],"_links":{"self":[{"href":"https:\/\/www.linvosges-hotellerie.com\/en\/wp-json\/wp\/v2\/pages\/19770","targetHints":{"allow":["GET"]}}],"collection":[{"href":"https:\/\/www.linvosges-hotellerie.com\/en\/wp-json\/wp\/v2\/pages"}],"about":[{"href":"https:\/\/www.linvosges-hotellerie.com\/en\/wp-json\/wp\/v2\/types\/page"}],"author":[{"embeddable":true,"href":"https:\/\/www.linvosges-hotellerie.com\/en\/wp-json\/wp\/v2\/users\/3"}],"replies":[{"embeddable":true,"href":"https:\/\/www.linvosges-hotellerie.com\/en\/wp-json\/wp\/v2\/comments?post=19770"}],"version-history":[{"count":4,"href":"https:\/\/www.linvosges-hotellerie.com\/en\/wp-json\/wp\/v2\/pages\/19770\/revisions"}],"predecessor-version":[{"id":61419,"href":"https:\/\/www.linvosges-hotellerie.com\/en\/wp-json\/wp\/v2\/pages\/19770\/revisions\/61419"}],"wp:featuredmedia":[{"embeddable":true,"href":"https:\/\/www.linvosges-hotellerie.com\/en\/wp-json\/wp\/v2\/media\/10416"}],"wp:attachment":[{"href":"https:\/\/www.linvosges-hotellerie.com\/en\/wp-json\/wp\/v2\/media?parent=19770"}],"curies":[{"name":"wp","href":"https:\/\/api.w.org\/{rel}","templated":true}]}}