{"id":25850,"date":"2020-09-17T14:09:57","date_gmt":"2020-09-17T12:09:57","guid":{"rendered":"https:\/\/www.linvosges-hotellerie.fr\/terms-of-use\/"},"modified":"2024-05-15T07:37:16","modified_gmt":"2024-05-15T05:37:16","slug":"terms-of-use","status":"publish","type":"page","link":"https:\/\/www.linvosges-hotellerie.com\/en\/terms-of-use\/","title":{"rendered":"Terms of use"},"content":{"rendered":"<p>Linvosges Soci\u00e9t\u00e9 Actions Simplifi\u00e9es with a capital of 627.000\u20ac headquartered at 6 place des d\u00e9port\u00e9s \/ 88400 G\u00e9rardmer \/ France &#8211; R.C.S. Epinal SIREN 475 682480<br \/>SIRET 475 682 480 00193<br \/>VAT identification number: FR39475682480<br \/>Director of publication:<\/p>\n<p>Mr Patrick Pergament, Chairman of Linvosges<\/p>\n<p>General Manager: Sophie LERMAN<\/p>\n<h2>Contact us<\/h2>\n<h3>By phone<\/h3>\n<p>To place an order, obtain follow-up or information on delivery, guarantees, or to make a complaint, our Customer Service is at your disposal to provide information at :<br \/>In mainland France: 03 29 60 11 22 (price of a local call varies according to operator, not surcharged)<br \/>From abroad: 0033 329 601 122<\/p>\n<p>We are available Monday to Friday from 8.30am to 12pm and 2pm to 5pm and Friday from 8.30am to 12pm and 2pm to 4.30pm.<\/p>\n<h3>By fax<\/h3>\n<p>From mainland France: 0 329 601 123 From abroad: 00 33 329 601 123<\/p>\n<h3>By post<\/h3>\n<p>LINVOSGES<br \/>Hospitality Department<br \/>BP 09<br \/>88401 G\u00e9rardmer Cedex France<\/p>\n<p>If you have any comments about the operation of this site, please write to the site administrator: <a href=\"mailto:hotellerie@linvosges.com\" rel=\"sponsored nofollow\">hotellerie@linvosges.com<\/a>.<\/p>\n<h2>IT development and hosting<\/h2>\n<p>IT development: EKOUTE 3 rue du Devon BP 4407 44244 LA CHAPELLE SUR ERDRE CEDEX<br \/>+33(0) 2 40 29 73 73<br \/>Hosting : OVH 2 rue Kellermann 59100 ROUBAIX +33(0) 9 72 10 12 00<br \/>Ethics<\/p>\n<p>Linvosges is a member of the F\u00e9d\u00e9ration des Entreprises de Vente \u00e0 Distance. To access the FEVAD website, <a href=\"https:\/\/www.mediateurfevad.fr\/\" rel=\"sponsored nofollow\">click here<\/a>.<\/p>\n<p>We are committed to respecting the ethics of the profession, and in particular the FEVAD code of ethics for e-commerce and distance selling.<\/p>\n<p>In its capacity as a member of FEVAD and in accordance with the legislation on the amicable settlement of disputes through mediation, the LINVOSGES company adheres to the Service du M\u00e9diateur du e-commerce of FEVAD (F\u00e9d\u00e9ration du e-commerce et de la Vente \u00e0 distance) accessible at the following postal and electronic addresses: 60 rue la Bo\u00e9tie, 75008 Paris and <a href=\"mailto:mediateurducommerce@fevad.com\" rel=\"sponsored nofollow\">mediateurducommerce@fevad.com.<\/a> The Mediation officer can intervene at your request for any consumer dispute that has not been settled amicably. For more information on how to contact the Mediation officer, visit <a href=\"https:\/\/www.mediateurfevad.fr\" rel=\"sponsored nofollow\">https:\/\/www.mediateurfevad.fr<\/a>.<\/p>\n<p>LINVOSGES is also a Vosges Ambassador and a member of <a href=\"https:\/\/www.vosges.com\" rel=\"sponsored nofollow\">www.vosges.com.<\/a><\/p>\n<h2>Trademarks &#8211; Copyrights &#8211; Copyright<\/h2>\n<p>All trademarks, acronyms, collection names, models and products, elements of this site and their architecture, are governed by French and European legislation on trademarks, copyright and intellectual property. All reproduction rights are reserved, including for downloadable documents and iconographic and photographic representations.<\/p>\n<p>Reproduction of all or part of this site on any electronic medium whatsoever is strictly forbidden, except for printing for strictly personal and private use, and without the express authorization of the publication director.<\/p>\n<h2>Policy, privacy and cookies personal data<\/h2>\n<p>Data is collected for ordering, customer relationship management and prospecting purposes.<\/p>\n<p>Or by email, by writing to our Data Protection Officer: <a href=\"mailto:dpo@linvosges.com\">dpo@linvosges.com<\/a><\/p>\n<p>Or by post, by writing to the following address:<br \/>LINVOSGES<br \/>Hospitality Department<br \/>BP 09<br \/>88401 G\u00e9rardmer Cedex France<\/p>\n<p>You also have the right to lodge a complaint with the supervisory authority (the CNIL in France).<\/p>\n<p>To find out more about our privacy policy, personal data processing and cookie policy, <a href=\"https:\/\/www.linvosges-hotellerie.com\/en\/cookie-charter\/\">click here<\/a>.<\/p>\n","protected":false},"excerpt":{"rendered":"<p>Linvosges Soci\u00e9t\u00e9 Actions Simplifi\u00e9es with a capital of 627.000\u20ac headquartered at 6 place des d\u00e9port\u00e9s \/ 88400 G\u00e9rardmer \/ France &#8211; R.C.S. Epinal SIREN 475 682480SIRET 475 682 480 00193VAT identification number: FR39475682480Director of publication: Mr Patrick Pergament, Chairman of Linvosges General Manager: Sophie LERMAN Contact us By phone To place an order, obtain follow-up [&hellip;]<\/p>\n","protected":false},"author":3,"featured_media":10416,"parent":0,"menu_order":29,"comment_status":"closed","ping_status":"closed","template":"","meta":{"_acf_changed":false,"footnotes":""},"class_list":["post-25850","page","type-page","status-publish","has-post-thumbnail","hentry"],"acf":[],"_links":{"self":[{"href":"https:\/\/www.linvosges-hotellerie.com\/en\/wp-json\/wp\/v2\/pages\/25850","targetHints":{"allow":["GET"]}}],"collection":[{"href":"https:\/\/www.linvosges-hotellerie.com\/en\/wp-json\/wp\/v2\/pages"}],"about":[{"href":"https:\/\/www.linvosges-hotellerie.com\/en\/wp-json\/wp\/v2\/types\/page"}],"author":[{"embeddable":true,"href":"https:\/\/www.linvosges-hotellerie.com\/en\/wp-json\/wp\/v2\/users\/3"}],"replies":[{"embeddable":true,"href":"https:\/\/www.linvosges-hotellerie.com\/en\/wp-json\/wp\/v2\/comments?post=25850"}],"version-history":[{"count":0,"href":"https:\/\/www.linvosges-hotellerie.com\/en\/wp-json\/wp\/v2\/pages\/25850\/revisions"}],"wp:featuredmedia":[{"embeddable":true,"href":"https:\/\/www.linvosges-hotellerie.com\/en\/wp-json\/wp\/v2\/media\/10416"}],"wp:attachment":[{"href":"https:\/\/www.linvosges-hotellerie.com\/en\/wp-json\/wp\/v2\/media?parent=25850"}],"curies":[{"name":"wp","href":"https:\/\/api.w.org\/{rel}","templated":true}]}}